{"id":9762,"date":"2025-08-18T10:49:40","date_gmt":"2025-08-18T08:49:40","guid":{"rendered":"https:\/\/milchyn.cz\/?page_id=9762"},"modified":"2025-09-23T03:32:50","modified_gmt":"2025-09-23T03:32:50","slug":"i-desktop","status":"publish","type":"page","link":"https:\/\/milchyn.cz\/i-desktop","title":{"rendered":"\u2139\ufe0f Desktop prost\u0159ed\u00ed"},"content":{"rendered":"<p>N\u00e1vody k desktopov\u00e9mu prost\u0159ed\u00ed Xfce, grafick\u00e1 \u010d\u00e1st Xubuntu.<\/p>\n<h5><\/h5>\n<h5><ul class=\"mch-pagelist\"><li><a href=\"https:\/\/milchyn.cz\/\">MilChyn.cz<\/a><\/li><li><a href=\"https:\/\/milchyn.cz\/pocitac-s-linuxem\">Linux<\/a><ul><li><a href=\"https:\/\/milchyn.cz\/o-linuxu\">O Linuxu<\/a><\/li><li><a href=\"https:\/\/milchyn.cz\/o-multiseatu\">O MultiSeatu<\/a><\/li><li><a href=\"https:\/\/milchyn.cz\/o-diskovem-raidu\">O diskov\u00e9m RAIDu<\/a><\/li><li><a href=\"https:\/\/milchyn.cz\/pocitac-s-linuxem\/pocitac-s-xubuntu\">Po\u010d\u00edta\u010d s Xubuntu<\/a><\/li><li><a href=\"https:\/\/milchyn.cz\/i-text-a-grafika\">\u2139\ufe0f Text a Grafika<\/a><\/li><li><a href=\"https:\/\/milchyn.cz\/i-multimedia\">\u2139\ufe0f Multim\u00e9dia<\/a><\/li><li><a href=\"https:\/\/milchyn.cz\/i-internet\">\u2139\ufe0f Internet<\/a><\/li><li><a href=\"https:\/\/milchyn.cz\/i-desktop\">\u2139\ufe0f Desktop prost\u0159ed\u00ed<\/a><\/li><li><a href=\"https:\/\/milchyn.cz\/i-system\">\u2139\ufe0f Opera\u010dn\u00ed syst\u00e9m<\/a><\/li><li><a href=\"https:\/\/milchyn.cz\/i-zalohovani-obnova\">\u2139\ufe0f Z\u00e1lohov\u00e1n\u00ed a Obnova<\/a><\/li><li><a href=\"https:\/\/milchyn.cz\/i-navody-ostatni\">\u2139\ufe0f Ostatn\u00ed<\/a><\/li><\/ul><\/li><li><a href=\"https:\/\/milchyn.cz\/elektronika\">Elektronika<\/a><ul><li><a href=\"https:\/\/milchyn.cz\/esp8266\">ESP8266<\/a><\/li><li><a href=\"https:\/\/milchyn.cz\/pic\">PIC Mikrokontrol\u00e9r<\/a><\/li><li><a href=\"https:\/\/milchyn.cz\/el-schemata\">El. sch\u00e9mata<\/a><\/li><\/ul><\/li><li><a href=\"https:\/\/milchyn.cz\/o-mne\">O mn\u011b<\/a><\/li><\/ul><\/h5>\n<h3><a id=\"pracovn\u00ed_plocha_a_zobrazen\u00ed\"><\/a><a href=\"#\" class=\"mch-gototop\" onclick=\"window.scrollTo({top: 0, behavior: 'smooth'}); return false;\">\u21a9\ufe0f\ufe0f<\/a> Pracovn\u00ed plocha a zobrazen\u00ed<\/h3>\n<a id=\"monitor_se_automaticky_neaktivuje\"><\/a><div class=\"mch-acr\"><div class=\"mch-acr-title\" role=\"button\" tabindex=\"0\" aria-expanded=\"false\" aria-controls=\"mch-acr-content-3\">Monitor se automaticky neaktivuje \ud83c\udd98<\/div><div id=\"mch-acr-content-3\" class=\"mch-acr-content\" hidden><\/p>\n<p><a href=\"https:\/\/milchyn.cz\/monitor-reactivation\">Automatick\u00e1 reaktivace monitoru<\/a><\/p>\n<p><\/div><\/div>\n<a id=\"xub-screensaver\"><\/a><div class=\"mch-acr\"><div class=\"mch-acr-title\" role=\"button\" tabindex=\"0\" aria-expanded=\"false\" aria-controls=\"mch-acr-content-4\">Spo\u0159i\u010d obrazovky <em>(screensaver)<\/em><\/div><div id=\"mch-acr-content-4\" class=\"mch-acr-content\" hidden><br \/>\nN\u011bkomu m\u016f\u017ee p\u0159ipadat, \u017ee se spo\u0159i\u010d obrazovky aktivuje p\u0159\u00edli\u0161 brzo. Nebo by pot\u0159eboval upravit jin\u00e9 vlastnosti spo\u0159i\u010de.<\/p>\n<p>\ud83d\udca1 Nastaven\u00ed je dosti intuitivn\u00ed, jen ukazuji kde nastavit.<\/p>\n<ol>\n<li>Otev\u0159\u00edt nab\u00eddku aplikac\u00ed.<\/li>\n<li>Otev\u0159\u00edt nastaven\u00ed.<\/li>\n<li>Otev\u0159\u00edt &#8222;Xfce Sreensaver&#8220;.<\/li>\n<li>Z\u00e1lo\u017eka &#8222;\u0160et\u0159i\u010d obrazovky&#8220;.<\/li>\n<\/ol>\n<p><img loading=\"lazy\" decoding=\"async\" class=\"size-full wp-image-8768 alignnone\" src=\"https:\/\/milchyn.cz\/wp-content\/uploads\/2025\/06\/xub2404-sporic-01-e1750679556482.png\" alt=\"\" width=\"953\" height=\"600\" srcset=\"https:\/\/milchyn.cz\/wp-content\/uploads\/2025\/06\/xub2404-sporic-01-e1750679556482.png 953w, https:\/\/milchyn.cz\/wp-content\/uploads\/2025\/06\/xub2404-sporic-01-e1750679556482-300x189.png 300w, https:\/\/milchyn.cz\/wp-content\/uploads\/2025\/06\/xub2404-sporic-01-e1750679556482-768x484.png 768w\" sizes=\"auto, (max-width: 953px) 100vw, 953px\" \/><\/p>\n<p><img loading=\"lazy\" decoding=\"async\" class=\"size-full wp-image-8766 alignnone\" src=\"https:\/\/milchyn.cz\/wp-content\/uploads\/2025\/06\/xub2404-sporic-02.orig_-e1750679528619.png\" alt=\"\" width=\"637\" height=\"500\" srcset=\"https:\/\/milchyn.cz\/wp-content\/uploads\/2025\/06\/xub2404-sporic-02.orig_-e1750679528619.png 637w, https:\/\/milchyn.cz\/wp-content\/uploads\/2025\/06\/xub2404-sporic-02.orig_-e1750679528619-300x235.png 300w\" sizes=\"auto, (max-width: 637px) 100vw, 637px\" \/><br \/>\n<\/div><\/div>\n","protected":false},"excerpt":{"rendered":"<p>N\u00e1vody k desktopov\u00e9mu prost\u0159ed\u00ed Xfce, grafick\u00e1 \u010d\u00e1st Xubuntu.<\/p>\n","protected":false},"author":1,"featured_media":0,"parent":1144,"menu_order":-5,"comment_status":"closed","ping_status":"closed","template":"","meta":{"footnotes":""},"class_list":["post-9762","page","type-page","status-publish","hentry"],"yoast_head":"<!-- This site is optimized with the Yoast SEO plugin v26.1.1 - https:\/\/yoast.com\/wordpress\/plugins\/seo\/ -->\n<title>\u2139\ufe0f Desktop prost\u0159ed\u00ed - milchyn.cz<\/title>\n<meta name=\"robots\" content=\"index, follow, max-snippet:-1, max-image-preview:large, max-video-preview:-1\" \/>\n<link rel=\"canonical\" href=\"https:\/\/milchyn.cz\/i-desktop\" \/>\n<meta property=\"og:locale\" content=\"cs_CZ\" \/>\n<meta property=\"og:type\" content=\"article\" \/>\n<meta property=\"og:title\" content=\"\u2139\ufe0f Desktop prost\u0159ed\u00ed - milchyn.cz\" \/>\n<meta property=\"og:description\" content=\"N\u00e1vody k desktopov\u00e9mu prost\u0159ed\u00ed Xfce, grafick\u00e1 \u010d\u00e1st Xubuntu.\" \/>\n<meta property=\"og:url\" content=\"https:\/\/milchyn.cz\/i-desktop\" \/>\n<meta property=\"og:site_name\" content=\"milchyn.cz\" \/>\n<meta property=\"article:modified_time\" content=\"2025-09-23T03:32:50+00:00\" \/>\n<meta property=\"og:image\" content=\"https:\/\/milchyn.cz\/wp-content\/uploads\/2025\/06\/xub2404-sporic-01-e1750679556482.png\" \/>\n\t<meta property=\"og:image:width\" content=\"953\" \/>\n\t<meta property=\"og:image:height\" content=\"600\" \/>\n\t<meta property=\"og:image:type\" content=\"image\/png\" \/>\n<meta name=\"twitter:card\" content=\"summary_large_image\" \/>\n<meta name=\"twitter:label1\" content=\"Odhadovan\u00e1 doba \u010dten\u00ed\" \/>\n\t<meta name=\"twitter:data1\" content=\"1 minuta\" \/>\n<script type=\"application\/ld+json\" class=\"yoast-schema-graph\">{\"@context\":\"https:\/\/schema.org\",\"@graph\":[{\"@type\":\"WebPage\",\"@id\":\"https:\/\/milchyn.cz\/i-desktop\",\"url\":\"https:\/\/milchyn.cz\/i-desktop\",\"name\":\"\u2139\ufe0f Desktop prost\u0159ed\u00ed - milchyn.cz\",\"isPartOf\":{\"@id\":\"https:\/\/milchyn.cz\/#website\"},\"primaryImageOfPage\":{\"@id\":\"https:\/\/milchyn.cz\/i-desktop#primaryimage\"},\"image\":{\"@id\":\"https:\/\/milchyn.cz\/i-desktop#primaryimage\"},\"thumbnailUrl\":\"https:\/\/milchyn.cz\/wp-content\/uploads\/2025\/06\/xub2404-sporic-01-e1750679556482.png\",\"datePublished\":\"2025-08-18T08:49:40+00:00\",\"dateModified\":\"2025-09-23T03:32:50+00:00\",\"breadcrumb\":{\"@id\":\"https:\/\/milchyn.cz\/i-desktop#breadcrumb\"},\"inLanguage\":\"cs\",\"potentialAction\":[{\"@type\":\"ReadAction\",\"target\":[\"https:\/\/milchyn.cz\/i-desktop\"]}]},{\"@type\":\"ImageObject\",\"inLanguage\":\"cs\",\"@id\":\"https:\/\/milchyn.cz\/i-desktop#primaryimage\",\"url\":\"https:\/\/milchyn.cz\/wp-content\/uploads\/2025\/06\/xub2404-sporic-01-e1750679556482.png\",\"contentUrl\":\"https:\/\/milchyn.cz\/wp-content\/uploads\/2025\/06\/xub2404-sporic-01-e1750679556482.png\",\"width\":953,\"height\":600},{\"@type\":\"BreadcrumbList\",\"@id\":\"https:\/\/milchyn.cz\/i-desktop#breadcrumb\",\"itemListElement\":[{\"@type\":\"ListItem\",\"position\":1,\"name\":\"Dom\u016f\",\"item\":\"https:\/\/milchyn.cz\/\"},{\"@type\":\"ListItem\",\"position\":2,\"name\":\"Linux\",\"item\":\"https:\/\/milchyn.cz\/pocitac-s-linuxem\"},{\"@type\":\"ListItem\",\"position\":3,\"name\":\"\u2139\ufe0f Desktop prost\u0159ed\u00ed\"}]},{\"@type\":\"WebSite\",\"@id\":\"https:\/\/milchyn.cz\/#website\",\"url\":\"https:\/\/milchyn.cz\/\",\"name\":\"milchyn.cz\",\"description\":\"\",\"potentialAction\":[{\"@type\":\"SearchAction\",\"target\":{\"@type\":\"EntryPoint\",\"urlTemplate\":\"https:\/\/milchyn.cz\/?s={search_term_string}\"},\"query-input\":{\"@type\":\"PropertyValueSpecification\",\"valueRequired\":true,\"valueName\":\"search_term_string\"}}],\"inLanguage\":\"cs\"}]}<\/script>\n<!-- \/ Yoast SEO plugin. -->","yoast_head_json":{"title":"\u2139\ufe0f Desktop prost\u0159ed\u00ed - milchyn.cz","robots":{"index":"index","follow":"follow","max-snippet":"max-snippet:-1","max-image-preview":"max-image-preview:large","max-video-preview":"max-video-preview:-1"},"canonical":"https:\/\/milchyn.cz\/i-desktop","og_locale":"cs_CZ","og_type":"article","og_title":"\u2139\ufe0f Desktop prost\u0159ed\u00ed - milchyn.cz","og_description":"N\u00e1vody k desktopov\u00e9mu prost\u0159ed\u00ed Xfce, grafick\u00e1 \u010d\u00e1st Xubuntu.","og_url":"https:\/\/milchyn.cz\/i-desktop","og_site_name":"milchyn.cz","article_modified_time":"2025-09-23T03:32:50+00:00","og_image":[{"width":953,"height":600,"url":"https:\/\/milchyn.cz\/wp-content\/uploads\/2025\/06\/xub2404-sporic-01-e1750679556482.png","type":"image\/png"}],"twitter_card":"summary_large_image","twitter_misc":{"Odhadovan\u00e1 doba \u010dten\u00ed":"1 minuta"},"schema":{"@context":"https:\/\/schema.org","@graph":[{"@type":"WebPage","@id":"https:\/\/milchyn.cz\/i-desktop","url":"https:\/\/milchyn.cz\/i-desktop","name":"\u2139\ufe0f Desktop prost\u0159ed\u00ed - milchyn.cz","isPartOf":{"@id":"https:\/\/milchyn.cz\/#website"},"primaryImageOfPage":{"@id":"https:\/\/milchyn.cz\/i-desktop#primaryimage"},"image":{"@id":"https:\/\/milchyn.cz\/i-desktop#primaryimage"},"thumbnailUrl":"https:\/\/milchyn.cz\/wp-content\/uploads\/2025\/06\/xub2404-sporic-01-e1750679556482.png","datePublished":"2025-08-18T08:49:40+00:00","dateModified":"2025-09-23T03:32:50+00:00","breadcrumb":{"@id":"https:\/\/milchyn.cz\/i-desktop#breadcrumb"},"inLanguage":"cs","potentialAction":[{"@type":"ReadAction","target":["https:\/\/milchyn.cz\/i-desktop"]}]},{"@type":"ImageObject","inLanguage":"cs","@id":"https:\/\/milchyn.cz\/i-desktop#primaryimage","url":"https:\/\/milchyn.cz\/wp-content\/uploads\/2025\/06\/xub2404-sporic-01-e1750679556482.png","contentUrl":"https:\/\/milchyn.cz\/wp-content\/uploads\/2025\/06\/xub2404-sporic-01-e1750679556482.png","width":953,"height":600},{"@type":"BreadcrumbList","@id":"https:\/\/milchyn.cz\/i-desktop#breadcrumb","itemListElement":[{"@type":"ListItem","position":1,"name":"Dom\u016f","item":"https:\/\/milchyn.cz\/"},{"@type":"ListItem","position":2,"name":"Linux","item":"https:\/\/milchyn.cz\/pocitac-s-linuxem"},{"@type":"ListItem","position":3,"name":"\u2139\ufe0f Desktop prost\u0159ed\u00ed"}]},{"@type":"WebSite","@id":"https:\/\/milchyn.cz\/#website","url":"https:\/\/milchyn.cz\/","name":"milchyn.cz","description":"","potentialAction":[{"@type":"SearchAction","target":{"@type":"EntryPoint","urlTemplate":"https:\/\/milchyn.cz\/?s={search_term_string}"},"query-input":{"@type":"PropertyValueSpecification","valueRequired":true,"valueName":"search_term_string"}}],"inLanguage":"cs"}]}},"_links":{"self":[{"href":"https:\/\/milchyn.cz\/index.php?rest_route=\/wp\/v2\/pages\/9762","targetHints":{"allow":["GET"]}}],"collection":[{"href":"https:\/\/milchyn.cz\/index.php?rest_route=\/wp\/v2\/pages"}],"about":[{"href":"https:\/\/milchyn.cz\/index.php?rest_route=\/wp\/v2\/types\/page"}],"author":[{"embeddable":true,"href":"https:\/\/milchyn.cz\/index.php?rest_route=\/wp\/v2\/users\/1"}],"replies":[{"embeddable":true,"href":"https:\/\/milchyn.cz\/index.php?rest_route=%2Fwp%2Fv2%2Fcomments&post=9762"}],"version-history":[{"count":0,"href":"https:\/\/milchyn.cz\/index.php?rest_route=\/wp\/v2\/pages\/9762\/revisions"}],"up":[{"embeddable":true,"href":"https:\/\/milchyn.cz\/index.php?rest_route=\/wp\/v2\/pages\/1144"}],"wp:attachment":[{"href":"https:\/\/milchyn.cz\/index.php?rest_route=%2Fwp%2Fv2%2Fmedia&parent=9762"}],"curies":[{"name":"wp","href":"https:\/\/api.w.org\/{rel}","templated":true}]}}