{"id":9727,"date":"2025-08-13T05:35:28","date_gmt":"2025-08-13T03:35:28","guid":{"rendered":"https:\/\/milchyn.cz\/?page_id=9727"},"modified":"2025-09-23T03:33:20","modified_gmt":"2025-09-23T03:33:20","slug":"i-text-a-grafika","status":"publish","type":"page","link":"https:\/\/milchyn.cz\/i-text-a-grafika","title":{"rendered":"\u2139\ufe0f Text a Grafika"},"content":{"rendered":"<p>N\u00e1vody ke kancel\u00e1\u0159sk\u00fdm aplikac\u00edm.<\/p>\n<a id=\"zpracov\u00e1n\u00ed_pdf_soubor\u016f_p\u0159\u00edkazem_pdftk\"><\/a><div class=\"mch-acr\"><div class=\"mch-acr-title\" role=\"button\" tabindex=\"0\" aria-expanded=\"false\" aria-controls=\"mch-acr-content-2\">Zpracov\u00e1n\u00ed pdf soubor\u016f p\u0159\u00edkazem pdftk<\/div><div id=\"mch-acr-content-2\" class=\"mch-acr-content\" hidden><\/p>\n<p><a href=\"https:\/\/milchyn.cz\/pdftk-zpracovani-pdf-souboru\/\">pdftk \u2013 zpracov\u00e1n\u00ed pdf soubor\u016f<\/a><\/p>\n<p><\/div><\/div>\n","protected":false},"excerpt":{"rendered":"<p>N\u00e1vody ke kancel\u00e1\u0159sk\u00fdm aplikac\u00edm.<\/p>\n","protected":false},"author":1,"featured_media":0,"parent":1144,"menu_order":-9,"comment_status":"closed","ping_status":"closed","template":"","meta":{"footnotes":""},"class_list":["post-9727","page","type-page","status-publish","hentry"],"yoast_head":"<!-- This site is optimized with the Yoast SEO plugin v26.1.1 - https:\/\/yoast.com\/wordpress\/plugins\/seo\/ -->\n<title>\u2139\ufe0f Text a Grafika - milchyn.cz<\/title>\n<meta name=\"robots\" content=\"index, follow, max-snippet:-1, max-image-preview:large, max-video-preview:-1\" \/>\n<link rel=\"canonical\" href=\"https:\/\/milchyn.cz\/i-text-a-grafika\" \/>\n<meta property=\"og:locale\" content=\"cs_CZ\" \/>\n<meta property=\"og:type\" content=\"article\" \/>\n<meta property=\"og:title\" content=\"\u2139\ufe0f Text a Grafika - milchyn.cz\" \/>\n<meta property=\"og:description\" content=\"N\u00e1vody ke kancel\u00e1\u0159sk\u00fdm aplikac\u00edm.\" \/>\n<meta property=\"og:url\" content=\"https:\/\/milchyn.cz\/i-text-a-grafika\" \/>\n<meta property=\"og:site_name\" content=\"milchyn.cz\" \/>\n<meta property=\"article:modified_time\" content=\"2025-09-23T03:33:20+00:00\" \/>\n<meta name=\"twitter:card\" content=\"summary_large_image\" \/>\n<meta name=\"twitter:label1\" content=\"Odhadovan\u00e1 doba \u010dten\u00ed\" \/>\n\t<meta name=\"twitter:data1\" content=\"1 minuta\" \/>\n<script type=\"application\/ld+json\" class=\"yoast-schema-graph\">{\"@context\":\"https:\/\/schema.org\",\"@graph\":[{\"@type\":\"WebPage\",\"@id\":\"https:\/\/milchyn.cz\/i-text-a-grafika\",\"url\":\"https:\/\/milchyn.cz\/i-text-a-grafika\",\"name\":\"\u2139\ufe0f Text a Grafika - milchyn.cz\",\"isPartOf\":{\"@id\":\"https:\/\/milchyn.cz\/#website\"},\"datePublished\":\"2025-08-13T03:35:28+00:00\",\"dateModified\":\"2025-09-23T03:33:20+00:00\",\"breadcrumb\":{\"@id\":\"https:\/\/milchyn.cz\/i-text-a-grafika#breadcrumb\"},\"inLanguage\":\"cs\",\"potentialAction\":[{\"@type\":\"ReadAction\",\"target\":[\"https:\/\/milchyn.cz\/i-text-a-grafika\"]}]},{\"@type\":\"BreadcrumbList\",\"@id\":\"https:\/\/milchyn.cz\/i-text-a-grafika#breadcrumb\",\"itemListElement\":[{\"@type\":\"ListItem\",\"position\":1,\"name\":\"Dom\u016f\",\"item\":\"https:\/\/milchyn.cz\/\"},{\"@type\":\"ListItem\",\"position\":2,\"name\":\"Linux\",\"item\":\"https:\/\/milchyn.cz\/pocitac-s-linuxem\"},{\"@type\":\"ListItem\",\"position\":3,\"name\":\"\u2139\ufe0f Text a Grafika\"}]},{\"@type\":\"WebSite\",\"@id\":\"https:\/\/milchyn.cz\/#website\",\"url\":\"https:\/\/milchyn.cz\/\",\"name\":\"milchyn.cz\",\"description\":\"\",\"potentialAction\":[{\"@type\":\"SearchAction\",\"target\":{\"@type\":\"EntryPoint\",\"urlTemplate\":\"https:\/\/milchyn.cz\/?s={search_term_string}\"},\"query-input\":{\"@type\":\"PropertyValueSpecification\",\"valueRequired\":true,\"valueName\":\"search_term_string\"}}],\"inLanguage\":\"cs\"}]}<\/script>\n<!-- \/ Yoast SEO plugin. -->","yoast_head_json":{"title":"\u2139\ufe0f Text a Grafika - milchyn.cz","robots":{"index":"index","follow":"follow","max-snippet":"max-snippet:-1","max-image-preview":"max-image-preview:large","max-video-preview":"max-video-preview:-1"},"canonical":"https:\/\/milchyn.cz\/i-text-a-grafika","og_locale":"cs_CZ","og_type":"article","og_title":"\u2139\ufe0f Text a Grafika - milchyn.cz","og_description":"N\u00e1vody ke kancel\u00e1\u0159sk\u00fdm aplikac\u00edm.","og_url":"https:\/\/milchyn.cz\/i-text-a-grafika","og_site_name":"milchyn.cz","article_modified_time":"2025-09-23T03:33:20+00:00","twitter_card":"summary_large_image","twitter_misc":{"Odhadovan\u00e1 doba \u010dten\u00ed":"1 minuta"},"schema":{"@context":"https:\/\/schema.org","@graph":[{"@type":"WebPage","@id":"https:\/\/milchyn.cz\/i-text-a-grafika","url":"https:\/\/milchyn.cz\/i-text-a-grafika","name":"\u2139\ufe0f Text a Grafika - milchyn.cz","isPartOf":{"@id":"https:\/\/milchyn.cz\/#website"},"datePublished":"2025-08-13T03:35:28+00:00","dateModified":"2025-09-23T03:33:20+00:00","breadcrumb":{"@id":"https:\/\/milchyn.cz\/i-text-a-grafika#breadcrumb"},"inLanguage":"cs","potentialAction":[{"@type":"ReadAction","target":["https:\/\/milchyn.cz\/i-text-a-grafika"]}]},{"@type":"BreadcrumbList","@id":"https:\/\/milchyn.cz\/i-text-a-grafika#breadcrumb","itemListElement":[{"@type":"ListItem","position":1,"name":"Dom\u016f","item":"https:\/\/milchyn.cz\/"},{"@type":"ListItem","position":2,"name":"Linux","item":"https:\/\/milchyn.cz\/pocitac-s-linuxem"},{"@type":"ListItem","position":3,"name":"\u2139\ufe0f Text a Grafika"}]},{"@type":"WebSite","@id":"https:\/\/milchyn.cz\/#website","url":"https:\/\/milchyn.cz\/","name":"milchyn.cz","description":"","potentialAction":[{"@type":"SearchAction","target":{"@type":"EntryPoint","urlTemplate":"https:\/\/milchyn.cz\/?s={search_term_string}"},"query-input":{"@type":"PropertyValueSpecification","valueRequired":true,"valueName":"search_term_string"}}],"inLanguage":"cs"}]}},"_links":{"self":[{"href":"https:\/\/milchyn.cz\/index.php?rest_route=\/wp\/v2\/pages\/9727","targetHints":{"allow":["GET"]}}],"collection":[{"href":"https:\/\/milchyn.cz\/index.php?rest_route=\/wp\/v2\/pages"}],"about":[{"href":"https:\/\/milchyn.cz\/index.php?rest_route=\/wp\/v2\/types\/page"}],"author":[{"embeddable":true,"href":"https:\/\/milchyn.cz\/index.php?rest_route=\/wp\/v2\/users\/1"}],"replies":[{"embeddable":true,"href":"https:\/\/milchyn.cz\/index.php?rest_route=%2Fwp%2Fv2%2Fcomments&post=9727"}],"version-history":[{"count":0,"href":"https:\/\/milchyn.cz\/index.php?rest_route=\/wp\/v2\/pages\/9727\/revisions"}],"up":[{"embeddable":true,"href":"https:\/\/milchyn.cz\/index.php?rest_route=\/wp\/v2\/pages\/1144"}],"wp:attachment":[{"href":"https:\/\/milchyn.cz\/index.php?rest_route=%2Fwp%2Fv2%2Fmedia&parent=9727"}],"curies":[{"name":"wp","href":"https:\/\/api.w.org\/{rel}","templated":true}]}}