{"id":9021,"date":"2025-07-07T12:50:42","date_gmt":"2025-07-07T10:50:42","guid":{"rendered":"https:\/\/milchyn.cz\/?page_id=9021"},"modified":"2025-07-07T12:50:42","modified_gmt":"2025-07-07T10:50:42","slug":"aplikace-system-%f0%9f%9b%a0%ef%b8%8f","status":"publish","type":"page","link":"https:\/\/milchyn.cz\/aplikace-system","title":{"rendered":"Aplikace &#8211; Syst\u00e9m \ud83d\udee0\ufe0f"},"content":{"rendered":"<h5><ul class=\"mch-pagelist\"><li><a href=\"https:\/\/milchyn.cz\/\">MilChyn.cz<\/a><\/li><li><a href=\"https:\/\/milchyn.cz\/pocitac-s-linuxem\">Linux<\/a><ul><li><a href=\"https:\/\/milchyn.cz\/o-linuxu\">O Linuxu<\/a><\/li><li><a href=\"https:\/\/milchyn.cz\/o-multiseatu\">O MultiSeatu<\/a><\/li><li><a href=\"https:\/\/milchyn.cz\/o-diskovem-raidu\">O diskov\u00e9m RAIDu<\/a><\/li><li><a href=\"https:\/\/milchyn.cz\/pocitac-s-linuxem\/pocitac-s-xubuntu\">Po\u010d\u00edta\u010d s Xubuntu<\/a><\/li><li><a href=\"https:\/\/milchyn.cz\/i-text-a-grafika\">\u2139\ufe0f Text a Grafika<\/a><\/li><li><a href=\"https:\/\/milchyn.cz\/i-multimedia\">\u2139\ufe0f Multim\u00e9dia<\/a><\/li><li><a href=\"https:\/\/milchyn.cz\/i-internet\">\u2139\ufe0f Internet<\/a><\/li><li><a href=\"https:\/\/milchyn.cz\/i-desktop\">\u2139\ufe0f Desktop prost\u0159ed\u00ed<\/a><\/li><li><a href=\"https:\/\/milchyn.cz\/i-system\">\u2139\ufe0f Opera\u010dn\u00ed syst\u00e9m<\/a><\/li><li><a href=\"https:\/\/milchyn.cz\/i-zalohovani-obnova\">\u2139\ufe0f Z\u00e1lohov\u00e1n\u00ed a Obnova<\/a><\/li><li><a href=\"https:\/\/milchyn.cz\/i-navody-ostatni\">\u2139\ufe0f Ostatn\u00ed<\/a><\/li><\/ul><\/li><li><a href=\"https:\/\/milchyn.cz\/elektronika\">Elektronika<\/a><ul><li><a href=\"https:\/\/milchyn.cz\/esp8266\">ESP8266<\/a><\/li><li><a href=\"https:\/\/milchyn.cz\/pic\">PIC Mikrokontrol\u00e9r<\/a><\/li><li><a href=\"https:\/\/milchyn.cz\/el-schemata\">El. sch\u00e9mata<\/a><\/li><\/ul><\/li><li><a href=\"https:\/\/milchyn.cz\/o-mne\">O mn\u011b<\/a><\/li><\/ul><\/h5>\n","protected":false},"excerpt":{"rendered":"","protected":false},"author":1,"featured_media":0,"parent":9730,"menu_order":-46,"comment_status":"closed","ping_status":"closed","template":"","meta":{"footnotes":""},"class_list":["post-9021","page","type-page","status-publish","hentry"],"yoast_head":"<!-- This site is optimized with the Yoast SEO plugin v26.1.1 - https:\/\/yoast.com\/wordpress\/plugins\/seo\/ -->\n<title>Aplikace - Syst\u00e9m \ud83d\udee0\ufe0f - milchyn.cz<\/title>\n<meta name=\"robots\" content=\"index, follow, max-snippet:-1, max-image-preview:large, max-video-preview:-1\" \/>\n<link rel=\"canonical\" href=\"https:\/\/milchyn.cz\/aplikace-system\" \/>\n<meta property=\"og:locale\" content=\"cs_CZ\" \/>\n<meta property=\"og:type\" content=\"article\" \/>\n<meta property=\"og:title\" content=\"Aplikace - Syst\u00e9m \ud83d\udee0\ufe0f - milchyn.cz\" \/>\n<meta property=\"og:url\" content=\"https:\/\/milchyn.cz\/aplikace-system\" \/>\n<meta property=\"og:site_name\" content=\"milchyn.cz\" \/>\n<meta name=\"twitter:card\" content=\"summary_large_image\" \/>\n<meta name=\"twitter:label1\" content=\"Odhadovan\u00e1 doba \u010dten\u00ed\" \/>\n\t<meta name=\"twitter:data1\" content=\"1 minuta\" \/>\n<script type=\"application\/ld+json\" class=\"yoast-schema-graph\">{\"@context\":\"https:\/\/schema.org\",\"@graph\":[{\"@type\":\"WebPage\",\"@id\":\"https:\/\/milchyn.cz\/aplikace-system\",\"url\":\"https:\/\/milchyn.cz\/aplikace-system\",\"name\":\"Aplikace - Syst\u00e9m \ud83d\udee0\ufe0f - milchyn.cz\",\"isPartOf\":{\"@id\":\"https:\/\/milchyn.cz\/#website\"},\"datePublished\":\"2025-07-07T10:50:42+00:00\",\"breadcrumb\":{\"@id\":\"https:\/\/milchyn.cz\/aplikace-system#breadcrumb\"},\"inLanguage\":\"cs\",\"potentialAction\":[{\"@type\":\"ReadAction\",\"target\":[\"https:\/\/milchyn.cz\/aplikace-system\"]}]},{\"@type\":\"BreadcrumbList\",\"@id\":\"https:\/\/milchyn.cz\/aplikace-system#breadcrumb\",\"itemListElement\":[{\"@type\":\"ListItem\",\"position\":1,\"name\":\"Dom\u016f\",\"item\":\"https:\/\/milchyn.cz\/\"},{\"@type\":\"ListItem\",\"position\":2,\"name\":\"Linux\",\"item\":\"https:\/\/milchyn.cz\/pocitac-s-linuxem\"},{\"@type\":\"ListItem\",\"position\":3,\"name\":\"Po\u010d\u00edta\u010d s Xubuntu\",\"item\":\"https:\/\/milchyn.cz\/pocitac-s-linuxem\/pocitac-s-xubuntu\"},{\"@type\":\"ListItem\",\"position\":4,\"name\":\"Aplikace &#8211; Syst\u00e9m \ud83d\udee0\ufe0f\"}]},{\"@type\":\"WebSite\",\"@id\":\"https:\/\/milchyn.cz\/#website\",\"url\":\"https:\/\/milchyn.cz\/\",\"name\":\"milchyn.cz\",\"description\":\"\",\"potentialAction\":[{\"@type\":\"SearchAction\",\"target\":{\"@type\":\"EntryPoint\",\"urlTemplate\":\"https:\/\/milchyn.cz\/?s={search_term_string}\"},\"query-input\":{\"@type\":\"PropertyValueSpecification\",\"valueRequired\":true,\"valueName\":\"search_term_string\"}}],\"inLanguage\":\"cs\"}]}<\/script>\n<!-- \/ Yoast SEO plugin. -->","yoast_head_json":{"title":"Aplikace - Syst\u00e9m \ud83d\udee0\ufe0f - milchyn.cz","robots":{"index":"index","follow":"follow","max-snippet":"max-snippet:-1","max-image-preview":"max-image-preview:large","max-video-preview":"max-video-preview:-1"},"canonical":"https:\/\/milchyn.cz\/aplikace-system","og_locale":"cs_CZ","og_type":"article","og_title":"Aplikace - Syst\u00e9m \ud83d\udee0\ufe0f - milchyn.cz","og_url":"https:\/\/milchyn.cz\/aplikace-system","og_site_name":"milchyn.cz","twitter_card":"summary_large_image","twitter_misc":{"Odhadovan\u00e1 doba \u010dten\u00ed":"1 minuta"},"schema":{"@context":"https:\/\/schema.org","@graph":[{"@type":"WebPage","@id":"https:\/\/milchyn.cz\/aplikace-system","url":"https:\/\/milchyn.cz\/aplikace-system","name":"Aplikace - Syst\u00e9m \ud83d\udee0\ufe0f - milchyn.cz","isPartOf":{"@id":"https:\/\/milchyn.cz\/#website"},"datePublished":"2025-07-07T10:50:42+00:00","breadcrumb":{"@id":"https:\/\/milchyn.cz\/aplikace-system#breadcrumb"},"inLanguage":"cs","potentialAction":[{"@type":"ReadAction","target":["https:\/\/milchyn.cz\/aplikace-system"]}]},{"@type":"BreadcrumbList","@id":"https:\/\/milchyn.cz\/aplikace-system#breadcrumb","itemListElement":[{"@type":"ListItem","position":1,"name":"Dom\u016f","item":"https:\/\/milchyn.cz\/"},{"@type":"ListItem","position":2,"name":"Linux","item":"https:\/\/milchyn.cz\/pocitac-s-linuxem"},{"@type":"ListItem","position":3,"name":"Po\u010d\u00edta\u010d s Xubuntu","item":"https:\/\/milchyn.cz\/pocitac-s-linuxem\/pocitac-s-xubuntu"},{"@type":"ListItem","position":4,"name":"Aplikace &#8211; Syst\u00e9m \ud83d\udee0\ufe0f"}]},{"@type":"WebSite","@id":"https:\/\/milchyn.cz\/#website","url":"https:\/\/milchyn.cz\/","name":"milchyn.cz","description":"","potentialAction":[{"@type":"SearchAction","target":{"@type":"EntryPoint","urlTemplate":"https:\/\/milchyn.cz\/?s={search_term_string}"},"query-input":{"@type":"PropertyValueSpecification","valueRequired":true,"valueName":"search_term_string"}}],"inLanguage":"cs"}]}},"_links":{"self":[{"href":"https:\/\/milchyn.cz\/index.php?rest_route=\/wp\/v2\/pages\/9021","targetHints":{"allow":["GET"]}}],"collection":[{"href":"https:\/\/milchyn.cz\/index.php?rest_route=\/wp\/v2\/pages"}],"about":[{"href":"https:\/\/milchyn.cz\/index.php?rest_route=\/wp\/v2\/types\/page"}],"author":[{"embeddable":true,"href":"https:\/\/milchyn.cz\/index.php?rest_route=\/wp\/v2\/users\/1"}],"replies":[{"embeddable":true,"href":"https:\/\/milchyn.cz\/index.php?rest_route=%2Fwp%2Fv2%2Fcomments&post=9021"}],"version-history":[{"count":0,"href":"https:\/\/milchyn.cz\/index.php?rest_route=\/wp\/v2\/pages\/9021\/revisions"}],"up":[{"embeddable":true,"href":"https:\/\/milchyn.cz\/index.php?rest_route=\/wp\/v2\/pages\/9730"}],"wp:attachment":[{"href":"https:\/\/milchyn.cz\/index.php?rest_route=%2Fwp%2Fv2%2Fmedia&parent=9021"}],"curies":[{"name":"wp","href":"https:\/\/api.w.org\/{rel}","templated":true}]}}