{"id":8997,"date":"2025-07-07T12:19:52","date_gmt":"2025-07-07T10:19:52","guid":{"rendered":"https:\/\/milchyn.cz\/?page_id=8997"},"modified":"2025-07-07T12:19:52","modified_gmt":"2025-07-07T10:19:52","slug":"aplikace-mutlimedia","status":"publish","type":"page","link":"https:\/\/milchyn.cz\/aplikace-mutlimedia","title":{"rendered":"Aplikace &#8211; Multim\u00e9dia \ud83c\udfa7"},"content":{"rendered":"<h5><ul class=\"mch-pagelist\"><li><a href=\"https:\/\/milchyn.cz\/\">MilChyn.cz<\/a><\/li><li><a href=\"https:\/\/milchyn.cz\/pocitac-s-linuxem\">Linux<\/a><ul><li><a href=\"https:\/\/milchyn.cz\/o-linuxu\">O Linuxu<\/a><\/li><li><a href=\"https:\/\/milchyn.cz\/o-multiseatu\">O MultiSeatu<\/a><\/li><li><a href=\"https:\/\/milchyn.cz\/o-diskovem-raidu\">O diskov\u00e9m RAIDu<\/a><\/li><li><a href=\"https:\/\/milchyn.cz\/pocitac-s-linuxem\/pocitac-s-xubuntu\">Po\u010d\u00edta\u010d s Xubuntu<\/a><\/li><li><a href=\"https:\/\/milchyn.cz\/i-text-a-grafika\">\u2139\ufe0f Text a Grafika<\/a><\/li><li><a href=\"https:\/\/milchyn.cz\/i-multimedia\">\u2139\ufe0f Multim\u00e9dia<\/a><\/li><li><a href=\"https:\/\/milchyn.cz\/i-internet\">\u2139\ufe0f Internet<\/a><\/li><li><a href=\"https:\/\/milchyn.cz\/i-desktop\">\u2139\ufe0f Desktop prost\u0159ed\u00ed<\/a><\/li><li><a href=\"https:\/\/milchyn.cz\/i-system\">\u2139\ufe0f Opera\u010dn\u00ed syst\u00e9m<\/a><\/li><li><a href=\"https:\/\/milchyn.cz\/i-zalohovani-obnova\">\u2139\ufe0f Z\u00e1lohov\u00e1n\u00ed a Obnova<\/a><\/li><li><a href=\"https:\/\/milchyn.cz\/i-navody-ostatni\">\u2139\ufe0f Ostatn\u00ed<\/a><\/li><\/ul><\/li><li><a href=\"https:\/\/milchyn.cz\/elektronika\">Elektronika<\/a><ul><li><a href=\"https:\/\/milchyn.cz\/esp8266\">ESP8266<\/a><\/li><li><a href=\"https:\/\/milchyn.cz\/pic\">PIC Mikrokontrol\u00e9r<\/a><\/li><li><a href=\"https:\/\/milchyn.cz\/el-schemata\">El. sch\u00e9mata<\/a><\/li><\/ul><\/li><li><a href=\"https:\/\/milchyn.cz\/o-mne\">O mn\u011b<\/a><\/li><\/ul><\/h5>\n<hr \/>\n<a id=\"exiftool_\u010dten\u00ed_z\u00e1pis_a_\u00faprava_metadat_v_souborech\"><\/a><div class=\"mch-acr\"><div class=\"mch-acr-title\" role=\"button\" tabindex=\"0\" aria-expanded=\"false\" aria-controls=\"mch-acr-content-2\">exiftool - \u010dten\u00ed, z\u00e1pis a \u00faprava metadat v souborech.<\/div><div id=\"mch-acr-content-2\" class=\"mch-acr-content\" hidden><\/p>\n<h5>Instalace:<\/h5>\n<p>\ud83d\udcbb <code>sudo apt install libimage-exiftool-perl<\/code><\/p>\n<h5>Zobrazen\u00ed metadat datumu a \u010dasu souboru:<\/h5>\n<p>V p\u0159\u00edkladu je videosoubor, ale lze i pro jpg fotky.<\/p>\n<p>\ud83d\udcbb <code>exiftool -time:all videosoubor.mp4<\/code><\/p>\n<p>V\u00fdpis:<br \/>\n<pre>&lt;em&gt;File Modification Date\/Time : 2024:10:11 15:59:36+02:00&lt;\/em&gt;\n&lt;em&gt;File Access Date\/Time : 2025:08:08 17:15:25+02:00&lt;\/em&gt;\n&lt;em&gt;File Inode Change Date\/Time : 2025:08:08 17:15:26+02:00&lt;\/em&gt;\n&lt;em&gt;Create Date : 0000:00:00 00:00:00&lt;\/em&gt;\n&lt;em&gt;Modify Date : 0000:00:00 00:00:00&lt;\/em&gt;\n&lt;em&gt;Track Create Date : 0000:00:00 00:00:00&lt;\/em&gt;\n&lt;em&gt;Track Modify Date : 0000:00:00 00:00:00&lt;\/em&gt;\n&lt;em&gt;Media Create Date : 0000:00:00 00:00:00&lt;\/em&gt;\n&lt;em&gt;Media Modify Date : 0000:00:00 00:00:00&lt;\/em&gt;<\/pre><br \/>\n<\/div><\/div>\n","protected":false},"excerpt":{"rendered":"","protected":false},"author":1,"featured_media":0,"parent":9730,"menu_order":-47,"comment_status":"closed","ping_status":"closed","template":"","meta":{"footnotes":""},"class_list":["post-8997","page","type-page","status-publish","hentry"],"yoast_head":"<!-- This site is optimized with the Yoast SEO plugin v26.1.1 - https:\/\/yoast.com\/wordpress\/plugins\/seo\/ -->\n<title>Aplikace - Multim\u00e9dia \ud83c\udfa7 - milchyn.cz<\/title>\n<meta name=\"robots\" content=\"index, follow, max-snippet:-1, max-image-preview:large, max-video-preview:-1\" \/>\n<link rel=\"canonical\" href=\"https:\/\/milchyn.cz\/aplikace-mutlimedia\" \/>\n<meta property=\"og:locale\" content=\"cs_CZ\" \/>\n<meta property=\"og:type\" content=\"article\" \/>\n<meta property=\"og:title\" content=\"Aplikace - Multim\u00e9dia \ud83c\udfa7 - milchyn.cz\" \/>\n<meta property=\"og:url\" content=\"https:\/\/milchyn.cz\/aplikace-mutlimedia\" \/>\n<meta property=\"og:site_name\" content=\"milchyn.cz\" \/>\n<meta name=\"twitter:card\" content=\"summary_large_image\" \/>\n<meta name=\"twitter:label1\" content=\"Odhadovan\u00e1 doba \u010dten\u00ed\" \/>\n\t<meta name=\"twitter:data1\" content=\"1 minuta\" \/>\n<script type=\"application\/ld+json\" class=\"yoast-schema-graph\">{\"@context\":\"https:\/\/schema.org\",\"@graph\":[{\"@type\":\"WebPage\",\"@id\":\"https:\/\/milchyn.cz\/aplikace-mutlimedia\",\"url\":\"https:\/\/milchyn.cz\/aplikace-mutlimedia\",\"name\":\"Aplikace - Multim\u00e9dia \ud83c\udfa7 - milchyn.cz\",\"isPartOf\":{\"@id\":\"https:\/\/milchyn.cz\/#website\"},\"datePublished\":\"2025-07-07T10:19:52+00:00\",\"breadcrumb\":{\"@id\":\"https:\/\/milchyn.cz\/aplikace-mutlimedia#breadcrumb\"},\"inLanguage\":\"cs\",\"potentialAction\":[{\"@type\":\"ReadAction\",\"target\":[\"https:\/\/milchyn.cz\/aplikace-mutlimedia\"]}]},{\"@type\":\"BreadcrumbList\",\"@id\":\"https:\/\/milchyn.cz\/aplikace-mutlimedia#breadcrumb\",\"itemListElement\":[{\"@type\":\"ListItem\",\"position\":1,\"name\":\"Dom\u016f\",\"item\":\"https:\/\/milchyn.cz\/\"},{\"@type\":\"ListItem\",\"position\":2,\"name\":\"Linux\",\"item\":\"https:\/\/milchyn.cz\/pocitac-s-linuxem\"},{\"@type\":\"ListItem\",\"position\":3,\"name\":\"Po\u010d\u00edta\u010d s Xubuntu\",\"item\":\"https:\/\/milchyn.cz\/pocitac-s-linuxem\/pocitac-s-xubuntu\"},{\"@type\":\"ListItem\",\"position\":4,\"name\":\"Aplikace &#8211; Multim\u00e9dia \ud83c\udfa7\"}]},{\"@type\":\"WebSite\",\"@id\":\"https:\/\/milchyn.cz\/#website\",\"url\":\"https:\/\/milchyn.cz\/\",\"name\":\"milchyn.cz\",\"description\":\"\",\"potentialAction\":[{\"@type\":\"SearchAction\",\"target\":{\"@type\":\"EntryPoint\",\"urlTemplate\":\"https:\/\/milchyn.cz\/?s={search_term_string}\"},\"query-input\":{\"@type\":\"PropertyValueSpecification\",\"valueRequired\":true,\"valueName\":\"search_term_string\"}}],\"inLanguage\":\"cs\"}]}<\/script>\n<!-- \/ Yoast SEO plugin. -->","yoast_head_json":{"title":"Aplikace - Multim\u00e9dia \ud83c\udfa7 - milchyn.cz","robots":{"index":"index","follow":"follow","max-snippet":"max-snippet:-1","max-image-preview":"max-image-preview:large","max-video-preview":"max-video-preview:-1"},"canonical":"https:\/\/milchyn.cz\/aplikace-mutlimedia","og_locale":"cs_CZ","og_type":"article","og_title":"Aplikace - Multim\u00e9dia \ud83c\udfa7 - milchyn.cz","og_url":"https:\/\/milchyn.cz\/aplikace-mutlimedia","og_site_name":"milchyn.cz","twitter_card":"summary_large_image","twitter_misc":{"Odhadovan\u00e1 doba \u010dten\u00ed":"1 minuta"},"schema":{"@context":"https:\/\/schema.org","@graph":[{"@type":"WebPage","@id":"https:\/\/milchyn.cz\/aplikace-mutlimedia","url":"https:\/\/milchyn.cz\/aplikace-mutlimedia","name":"Aplikace - Multim\u00e9dia \ud83c\udfa7 - milchyn.cz","isPartOf":{"@id":"https:\/\/milchyn.cz\/#website"},"datePublished":"2025-07-07T10:19:52+00:00","breadcrumb":{"@id":"https:\/\/milchyn.cz\/aplikace-mutlimedia#breadcrumb"},"inLanguage":"cs","potentialAction":[{"@type":"ReadAction","target":["https:\/\/milchyn.cz\/aplikace-mutlimedia"]}]},{"@type":"BreadcrumbList","@id":"https:\/\/milchyn.cz\/aplikace-mutlimedia#breadcrumb","itemListElement":[{"@type":"ListItem","position":1,"name":"Dom\u016f","item":"https:\/\/milchyn.cz\/"},{"@type":"ListItem","position":2,"name":"Linux","item":"https:\/\/milchyn.cz\/pocitac-s-linuxem"},{"@type":"ListItem","position":3,"name":"Po\u010d\u00edta\u010d s Xubuntu","item":"https:\/\/milchyn.cz\/pocitac-s-linuxem\/pocitac-s-xubuntu"},{"@type":"ListItem","position":4,"name":"Aplikace &#8211; Multim\u00e9dia \ud83c\udfa7"}]},{"@type":"WebSite","@id":"https:\/\/milchyn.cz\/#website","url":"https:\/\/milchyn.cz\/","name":"milchyn.cz","description":"","potentialAction":[{"@type":"SearchAction","target":{"@type":"EntryPoint","urlTemplate":"https:\/\/milchyn.cz\/?s={search_term_string}"},"query-input":{"@type":"PropertyValueSpecification","valueRequired":true,"valueName":"search_term_string"}}],"inLanguage":"cs"}]}},"_links":{"self":[{"href":"https:\/\/milchyn.cz\/index.php?rest_route=\/wp\/v2\/pages\/8997","targetHints":{"allow":["GET"]}}],"collection":[{"href":"https:\/\/milchyn.cz\/index.php?rest_route=\/wp\/v2\/pages"}],"about":[{"href":"https:\/\/milchyn.cz\/index.php?rest_route=\/wp\/v2\/types\/page"}],"author":[{"embeddable":true,"href":"https:\/\/milchyn.cz\/index.php?rest_route=\/wp\/v2\/users\/1"}],"replies":[{"embeddable":true,"href":"https:\/\/milchyn.cz\/index.php?rest_route=%2Fwp%2Fv2%2Fcomments&post=8997"}],"version-history":[{"count":0,"href":"https:\/\/milchyn.cz\/index.php?rest_route=\/wp\/v2\/pages\/8997\/revisions"}],"up":[{"embeddable":true,"href":"https:\/\/milchyn.cz\/index.php?rest_route=\/wp\/v2\/pages\/9730"}],"wp:attachment":[{"href":"https:\/\/milchyn.cz\/index.php?rest_route=%2Fwp%2Fv2%2Fmedia&parent=8997"}],"curies":[{"name":"wp","href":"https:\/\/api.w.org\/{rel}","templated":true}]}}