{"id":7663,"date":"2023-12-17T08:34:15","date_gmt":"2023-12-17T07:34:15","guid":{"rendered":"https:\/\/milchyn.cz\/?page_id=7663"},"modified":"2025-09-22T10:48:49","modified_gmt":"2025-09-22T10:48:49","slug":"esp8266-web-server-rele","status":"publish","type":"page","link":"https:\/\/milchyn.cz\/esp8266-web-server-rele","title":{"rendered":"ESP8266 &#8211; Web Server &#8211; Rel\u00e9"},"content":{"rendered":"<p>Jednoduch\u00fd p\u0159\u00edklad pro ESP8266, definice WiFi spojen\u00ed, Web Serveru, Web str\u00e1nky a ovl\u00e1d\u00e1n\u00ed v\u00fdstupu, nap\u0159\u00edklad Rel\u00e9 \ud83d\ude42<\/p>\n<p><img decoding=\"async\" class=\"alignnone \" src=\"https:\/\/milchyn.cz\/ZDROJE\/EL\/ESP8266\/ESP8266-WEBSERVER-RELE\/ESP8266-WEBSERVER-RELE_Login.png\" width=\"20%\" \/> \u00a0\u00a0 <img decoding=\"async\" class=\"alignnone \" src=\"http:\/\/milchyn.cz\/ZDROJE\/EL\/ESP8266\/ESP8266-WEBSERVER-RELE\/ESP8266-WEBSERVER-RELE_Zapnuto.png\" width=\"20%\" \/><\/p>\n<p>Podrobn\u00fd popis je ve zdrojov\u00e9m programu:<\/p>\n<p><a href=\"\/ZDROJE\/EL\/ESP8266\/ESP8266-WEBSERVER-RELE\/ESP8266-WEBSERVER-RELE.ino\"><strong>ESP8266-WEBSERVER-RELE.ino<\/strong><\/a><\/p>\n<p>&nbsp;<\/p>\n","protected":false},"excerpt":{"rendered":"<p>Jednoduch\u00fd p\u0159\u00edklad pro ESP8266, definice WiFi spojen\u00ed, Web Serveru, Web str\u00e1nky a ovl\u00e1d\u00e1n\u00ed v\u00fdstupu, nap\u0159\u00edklad Rel\u00e9 \ud83d\ude42 \u00a0\u00a0 Podrobn\u00fd popis je ve zdrojov\u00e9m programu: ESP8266-WEBSERVER-RELE.ino &nbsp;<\/p>\n","protected":false},"author":1,"featured_media":0,"parent":5915,"menu_order":0,"comment_status":"closed","ping_status":"closed","template":"","meta":{"footnotes":""},"class_list":["post-7663","page","type-page","status-publish","hentry"],"yoast_head":"<!-- This site is optimized with the Yoast SEO plugin v26.1.1 - https:\/\/yoast.com\/wordpress\/plugins\/seo\/ -->\n<title>ESP8266 - Web Server - Rel\u00e9 - milchyn.cz<\/title>\n<meta name=\"robots\" content=\"index, follow, max-snippet:-1, max-image-preview:large, max-video-preview:-1\" \/>\n<link rel=\"canonical\" href=\"https:\/\/milchyn.cz\/esp8266-web-server-rele\" \/>\n<meta property=\"og:locale\" content=\"cs_CZ\" \/>\n<meta property=\"og:type\" content=\"article\" \/>\n<meta property=\"og:title\" content=\"ESP8266 - Web Server - Rel\u00e9 - milchyn.cz\" \/>\n<meta property=\"og:description\" content=\"Jednoduch\u00fd p\u0159\u00edklad pro ESP8266, definice WiFi spojen\u00ed, Web Serveru, Web str\u00e1nky a ovl\u00e1d\u00e1n\u00ed v\u00fdstupu, nap\u0159\u00edklad Rel\u00e9 \ud83d\ude42 \u00a0\u00a0 Podrobn\u00fd popis je ve zdrojov\u00e9m programu: ESP8266-WEBSERVER-RELE.ino &nbsp;\" \/>\n<meta property=\"og:url\" content=\"https:\/\/milchyn.cz\/esp8266-web-server-rele\" \/>\n<meta property=\"og:site_name\" content=\"milchyn.cz\" \/>\n<meta property=\"article:modified_time\" content=\"2025-09-22T10:48:49+00:00\" \/>\n<meta property=\"og:image\" content=\"https:\/\/milchyn.cz\/ZDROJE\/EL\/ESP8266\/ESP8266-WEBSERVER-RELE\/ESP8266-WEBSERVER-RELE_Login.png\" \/>\n<meta name=\"twitter:card\" content=\"summary_large_image\" \/>\n<meta name=\"twitter:label1\" content=\"Odhadovan\u00e1 doba \u010dten\u00ed\" \/>\n\t<meta name=\"twitter:data1\" content=\"1 minuta\" \/>\n<script type=\"application\/ld+json\" class=\"yoast-schema-graph\">{\"@context\":\"https:\/\/schema.org\",\"@graph\":[{\"@type\":\"WebPage\",\"@id\":\"https:\/\/milchyn.cz\/esp8266-web-server-rele\",\"url\":\"https:\/\/milchyn.cz\/esp8266-web-server-rele\",\"name\":\"ESP8266 - Web Server - Rel\u00e9 - milchyn.cz\",\"isPartOf\":{\"@id\":\"https:\/\/milchyn.cz\/#website\"},\"primaryImageOfPage\":{\"@id\":\"https:\/\/milchyn.cz\/esp8266-web-server-rele#primaryimage\"},\"image\":{\"@id\":\"https:\/\/milchyn.cz\/esp8266-web-server-rele#primaryimage\"},\"thumbnailUrl\":\"https:\/\/milchyn.cz\/ZDROJE\/EL\/ESP8266\/ESP8266-WEBSERVER-RELE\/ESP8266-WEBSERVER-RELE_Login.png\",\"datePublished\":\"2023-12-17T07:34:15+00:00\",\"dateModified\":\"2025-09-22T10:48:49+00:00\",\"breadcrumb\":{\"@id\":\"https:\/\/milchyn.cz\/esp8266-web-server-rele#breadcrumb\"},\"inLanguage\":\"cs\",\"potentialAction\":[{\"@type\":\"ReadAction\",\"target\":[\"https:\/\/milchyn.cz\/esp8266-web-server-rele\"]}]},{\"@type\":\"ImageObject\",\"inLanguage\":\"cs\",\"@id\":\"https:\/\/milchyn.cz\/esp8266-web-server-rele#primaryimage\",\"url\":\"https:\/\/milchyn.cz\/ZDROJE\/EL\/ESP8266\/ESP8266-WEBSERVER-RELE\/ESP8266-WEBSERVER-RELE_Login.png\",\"contentUrl\":\"https:\/\/milchyn.cz\/ZDROJE\/EL\/ESP8266\/ESP8266-WEBSERVER-RELE\/ESP8266-WEBSERVER-RELE_Login.png\"},{\"@type\":\"BreadcrumbList\",\"@id\":\"https:\/\/milchyn.cz\/esp8266-web-server-rele#breadcrumb\",\"itemListElement\":[{\"@type\":\"ListItem\",\"position\":1,\"name\":\"Dom\u016f\",\"item\":\"https:\/\/milchyn.cz\/\"},{\"@type\":\"ListItem\",\"position\":2,\"name\":\"Elektronika\",\"item\":\"https:\/\/milchyn.cz\/elektronika\"},{\"@type\":\"ListItem\",\"position\":3,\"name\":\"ESP8266\",\"item\":\"https:\/\/milchyn.cz\/esp8266\"},{\"@type\":\"ListItem\",\"position\":4,\"name\":\"ESP8266 &#8211; Web Server &#8211; Rel\u00e9\"}]},{\"@type\":\"WebSite\",\"@id\":\"https:\/\/milchyn.cz\/#website\",\"url\":\"https:\/\/milchyn.cz\/\",\"name\":\"milchyn.cz\",\"description\":\"\",\"potentialAction\":[{\"@type\":\"SearchAction\",\"target\":{\"@type\":\"EntryPoint\",\"urlTemplate\":\"https:\/\/milchyn.cz\/?s={search_term_string}\"},\"query-input\":{\"@type\":\"PropertyValueSpecification\",\"valueRequired\":true,\"valueName\":\"search_term_string\"}}],\"inLanguage\":\"cs\"}]}<\/script>\n<!-- \/ Yoast SEO plugin. -->","yoast_head_json":{"title":"ESP8266 - Web Server - Rel\u00e9 - milchyn.cz","robots":{"index":"index","follow":"follow","max-snippet":"max-snippet:-1","max-image-preview":"max-image-preview:large","max-video-preview":"max-video-preview:-1"},"canonical":"https:\/\/milchyn.cz\/esp8266-web-server-rele","og_locale":"cs_CZ","og_type":"article","og_title":"ESP8266 - Web Server - Rel\u00e9 - milchyn.cz","og_description":"Jednoduch\u00fd p\u0159\u00edklad pro ESP8266, definice WiFi spojen\u00ed, Web Serveru, Web str\u00e1nky a ovl\u00e1d\u00e1n\u00ed v\u00fdstupu, nap\u0159\u00edklad Rel\u00e9 \ud83d\ude42 \u00a0\u00a0 Podrobn\u00fd popis je ve zdrojov\u00e9m programu: ESP8266-WEBSERVER-RELE.ino &nbsp;","og_url":"https:\/\/milchyn.cz\/esp8266-web-server-rele","og_site_name":"milchyn.cz","article_modified_time":"2025-09-22T10:48:49+00:00","og_image":[{"url":"https:\/\/milchyn.cz\/ZDROJE\/EL\/ESP8266\/ESP8266-WEBSERVER-RELE\/ESP8266-WEBSERVER-RELE_Login.png","type":"","width":"","height":""}],"twitter_card":"summary_large_image","twitter_misc":{"Odhadovan\u00e1 doba \u010dten\u00ed":"1 minuta"},"schema":{"@context":"https:\/\/schema.org","@graph":[{"@type":"WebPage","@id":"https:\/\/milchyn.cz\/esp8266-web-server-rele","url":"https:\/\/milchyn.cz\/esp8266-web-server-rele","name":"ESP8266 - Web Server - Rel\u00e9 - milchyn.cz","isPartOf":{"@id":"https:\/\/milchyn.cz\/#website"},"primaryImageOfPage":{"@id":"https:\/\/milchyn.cz\/esp8266-web-server-rele#primaryimage"},"image":{"@id":"https:\/\/milchyn.cz\/esp8266-web-server-rele#primaryimage"},"thumbnailUrl":"https:\/\/milchyn.cz\/ZDROJE\/EL\/ESP8266\/ESP8266-WEBSERVER-RELE\/ESP8266-WEBSERVER-RELE_Login.png","datePublished":"2023-12-17T07:34:15+00:00","dateModified":"2025-09-22T10:48:49+00:00","breadcrumb":{"@id":"https:\/\/milchyn.cz\/esp8266-web-server-rele#breadcrumb"},"inLanguage":"cs","potentialAction":[{"@type":"ReadAction","target":["https:\/\/milchyn.cz\/esp8266-web-server-rele"]}]},{"@type":"ImageObject","inLanguage":"cs","@id":"https:\/\/milchyn.cz\/esp8266-web-server-rele#primaryimage","url":"https:\/\/milchyn.cz\/ZDROJE\/EL\/ESP8266\/ESP8266-WEBSERVER-RELE\/ESP8266-WEBSERVER-RELE_Login.png","contentUrl":"https:\/\/milchyn.cz\/ZDROJE\/EL\/ESP8266\/ESP8266-WEBSERVER-RELE\/ESP8266-WEBSERVER-RELE_Login.png"},{"@type":"BreadcrumbList","@id":"https:\/\/milchyn.cz\/esp8266-web-server-rele#breadcrumb","itemListElement":[{"@type":"ListItem","position":1,"name":"Dom\u016f","item":"https:\/\/milchyn.cz\/"},{"@type":"ListItem","position":2,"name":"Elektronika","item":"https:\/\/milchyn.cz\/elektronika"},{"@type":"ListItem","position":3,"name":"ESP8266","item":"https:\/\/milchyn.cz\/esp8266"},{"@type":"ListItem","position":4,"name":"ESP8266 &#8211; Web Server &#8211; Rel\u00e9"}]},{"@type":"WebSite","@id":"https:\/\/milchyn.cz\/#website","url":"https:\/\/milchyn.cz\/","name":"milchyn.cz","description":"","potentialAction":[{"@type":"SearchAction","target":{"@type":"EntryPoint","urlTemplate":"https:\/\/milchyn.cz\/?s={search_term_string}"},"query-input":{"@type":"PropertyValueSpecification","valueRequired":true,"valueName":"search_term_string"}}],"inLanguage":"cs"}]}},"_links":{"self":[{"href":"https:\/\/milchyn.cz\/index.php?rest_route=\/wp\/v2\/pages\/7663","targetHints":{"allow":["GET"]}}],"collection":[{"href":"https:\/\/milchyn.cz\/index.php?rest_route=\/wp\/v2\/pages"}],"about":[{"href":"https:\/\/milchyn.cz\/index.php?rest_route=\/wp\/v2\/types\/page"}],"author":[{"embeddable":true,"href":"https:\/\/milchyn.cz\/index.php?rest_route=\/wp\/v2\/users\/1"}],"replies":[{"embeddable":true,"href":"https:\/\/milchyn.cz\/index.php?rest_route=%2Fwp%2Fv2%2Fcomments&post=7663"}],"version-history":[{"count":0,"href":"https:\/\/milchyn.cz\/index.php?rest_route=\/wp\/v2\/pages\/7663\/revisions"}],"up":[{"embeddable":true,"href":"https:\/\/milchyn.cz\/index.php?rest_route=\/wp\/v2\/pages\/5915"}],"wp:attachment":[{"href":"https:\/\/milchyn.cz\/index.php?rest_route=%2Fwp%2Fv2%2Fmedia&parent=7663"}],"curies":[{"name":"wp","href":"https:\/\/api.w.org\/{rel}","templated":true}]}}