{"id":7576,"date":"2023-05-15T08:18:50","date_gmt":"2023-05-15T06:18:50","guid":{"rendered":"https:\/\/milchyn.cz\/?page_id=7576"},"modified":"2023-05-15T08:18:50","modified_gmt":"2023-05-15T06:18:50","slug":"pdftk-zpracovani-pdf-souboru","status":"publish","type":"page","link":"https:\/\/milchyn.cz\/pdftk-zpracovani-pdf-souboru","title":{"rendered":"pdftk &#8211; zpracov\u00e1n\u00ed pdf soubor\u016f \ud83d\udcc4"},"content":{"rendered":"<p style=\"text-align: right;\"><em>Xubuntu 24.04<\/em><\/p>\n<p>Jde o aplikaci z p\u0159\u00edkazov\u00e9 \u0159\u00e1dky, kter\u00e1 zpracov\u00e1v\u00e1 pdf soubory na \u00farovni jednotliv\u00fdch str\u00e1nek (nikoli jejich obsahu). Vstupem je jeden nebo v\u00edce pdf soubor\u016f, ale <mark>s v\u00fdstupem do jin\u00e9ho souboru, ne\u017e vstupn\u00edho, aby nedo\u0161lo ke kolizn\u00edmu p\u0159eps\u00e1n\u00ed<\/mark>. P\u00e1r p\u0159\u00edklad\u016f&#8230;<\/p>\n<a id=\"instalace\"><\/a><div class=\"mch-acr\"><div class=\"mch-acr-title\" role=\"button\" tabindex=\"0\" aria-expanded=\"false\" aria-controls=\"mch-acr-content-8\">Instalace<\/div><div id=\"mch-acr-content-8\" class=\"mch-acr-content\" hidden><\/p>\n<p>\ud83d\udcbb <code>sudo apt install pdftk<\/code><\/p>\n<p><\/div><\/div>\n<a id=\"separace_str\u00e1nek_1_8_a\u017e_15_18_22_a\u017e_posledn\u00ed\"><\/a><div class=\"mch-acr\"><div class=\"mch-acr-title\" role=\"button\" tabindex=\"0\" aria-expanded=\"false\" aria-controls=\"mch-acr-content-9\">Separace str\u00e1nek: 1 , 8 a\u017e 15 , 18 , 22 a\u017e posledn\u00ed<\/div><div id=\"mch-acr-content-9\" class=\"mch-acr-content\" hidden><\/p>\n<p>\ud83d\udcbb <code>pdftk zdroj.pdf cat 1 8-15 18 22-end output c\u00edl.pdf<\/code><\/p>\n<p><\/div><\/div>\n<a id=\"obr\u00e1cen\u00ed_po\u0159ad\u00ed_v\u0161ech_str\u00e1nek\"><\/a><div class=\"mch-acr\"><div class=\"mch-acr-title\" role=\"button\" tabindex=\"0\" aria-expanded=\"false\" aria-controls=\"mch-acr-content-10\">Obr\u00e1cen\u00ed po\u0159ad\u00ed v\u0161ech str\u00e1nek<\/div><div id=\"mch-acr-content-10\" class=\"mch-acr-content\" hidden><\/p>\n<p>\ud83d\udcbb <code>pdftk zdroj.pdf cat end-1 output c\u00edl.pdf<\/code><\/p>\n<p><\/div><\/div>\n<a id=\"rotace_v\u0161ech_str\u00e1nek_o_90\u00ba\"><\/a><div class=\"mch-acr\"><div class=\"mch-acr-title\" role=\"button\" tabindex=\"0\" aria-expanded=\"false\" aria-controls=\"mch-acr-content-11\">Rotace v\u0161ech str\u00e1nek o 90\u00ba<\/div><div id=\"mch-acr-content-11\" class=\"mch-acr-content\" hidden><\/p>\n<p>\ud83d\udcbb <code>pdftk zdroj.pdf cat 1-endright output c\u00edl.pdf<\/code><\/p>\n<p><\/div><\/div>\n<a id=\"rotace_jen_5_str\u00e1nky_o_180\u00ba_ostatn\u00ed_ponechan\u00e9\"><\/a><div class=\"mch-acr\"><div class=\"mch-acr-title\" role=\"button\" tabindex=\"0\" aria-expanded=\"false\" aria-controls=\"mch-acr-content-12\">Rotace jen 5. str\u00e1nky o 180\u00ba, ostatn\u00ed ponechan\u00e9<\/div><div id=\"mch-acr-content-12\" class=\"mch-acr-content\" hidden><\/p>\n<p>\ud83d\udcbb <code>pdftk zdroj.pdf cat 1-4 5-down 6-end output c\u00edl.pdf<\/code><\/p>\n<p><\/div><\/div>\n<a id=\"separace_str\u00e1nek_21_a\u017e_28_s_rotac\u00ed_o_270\u00ba\"><\/a><div class=\"mch-acr\"><div class=\"mch-acr-title\" role=\"button\" tabindex=\"0\" aria-expanded=\"false\" aria-controls=\"mch-acr-content-13\">Separace str\u00e1nek 21 a\u017e 28 s rotac\u00ed o 270\u00ba<\/div><div id=\"mch-acr-content-13\" class=\"mch-acr-content\" hidden><\/p>\n<p>\ud83d\udcbb <code>pdftk zdroj.pdf cat 21-28left output c\u00edl.pdf<\/code><\/p>\n<p><\/div><\/div>\n<a id=\"spojen\u00ed_dvou_soubor\u016f\"><\/a><div class=\"mch-acr\"><div class=\"mch-acr-title\" role=\"button\" tabindex=\"0\" aria-expanded=\"false\" aria-controls=\"mch-acr-content-14\">Spojen\u00ed dvou soubor\u016f<\/div><div id=\"mch-acr-content-14\" class=\"mch-acr-content\" hidden><\/p>\n<p>\ud83d\udcbb <code>pdftk zdroj_1.pdf zdroj_2.pdf cat output c\u00edl.pdf<\/code><\/p>\n<p><\/div><\/div>\n<p>&nbsp;<\/p>\n","protected":false},"excerpt":{"rendered":"<p>Xubuntu 24.04 Jde o aplikaci z p\u0159\u00edkazov\u00e9 \u0159\u00e1dky, kter\u00e1 zpracov\u00e1v\u00e1 pdf soubory na \u00farovni jednotliv\u00fdch str\u00e1nek (nikoli jejich obsahu). Vstupem je jeden nebo v\u00edce pdf soubor\u016f, ale s v\u00fdstupem do jin\u00e9ho souboru, ne\u017e vstupn\u00edho, aby nedo\u0161lo ke kolizn\u00edmu p\u0159eps\u00e1n\u00ed. P\u00e1r p\u0159\u00edklad\u016f&#8230; &nbsp;<\/p>\n","protected":false},"author":1,"featured_media":0,"parent":8986,"menu_order":0,"comment_status":"closed","ping_status":"closed","template":"","meta":{"footnotes":""},"class_list":["post-7576","page","type-page","status-publish","hentry"],"yoast_head":"<!-- This site is optimized with the Yoast SEO plugin v26.1.1 - https:\/\/yoast.com\/wordpress\/plugins\/seo\/ -->\n<title>pdftk - zpracov\u00e1n\u00ed pdf soubor\u016f \ud83d\udcc4 - milchyn.cz<\/title>\n<meta name=\"robots\" content=\"index, follow, max-snippet:-1, max-image-preview:large, max-video-preview:-1\" \/>\n<link rel=\"canonical\" href=\"https:\/\/milchyn.cz\/pdftk-zpracovani-pdf-souboru\" \/>\n<meta property=\"og:locale\" content=\"cs_CZ\" \/>\n<meta property=\"og:type\" content=\"article\" \/>\n<meta property=\"og:title\" content=\"pdftk - zpracov\u00e1n\u00ed pdf soubor\u016f \ud83d\udcc4 - milchyn.cz\" \/>\n<meta property=\"og:description\" content=\"Xubuntu 24.04 Jde o aplikaci z p\u0159\u00edkazov\u00e9 \u0159\u00e1dky, kter\u00e1 zpracov\u00e1v\u00e1 pdf soubory na \u00farovni jednotliv\u00fdch str\u00e1nek (nikoli jejich obsahu). Vstupem je jeden nebo v\u00edce pdf soubor\u016f, ale s v\u00fdstupem do jin\u00e9ho souboru, ne\u017e vstupn\u00edho, aby nedo\u0161lo ke kolizn\u00edmu p\u0159eps\u00e1n\u00ed. P\u00e1r p\u0159\u00edklad\u016f&#8230; &nbsp;\" \/>\n<meta property=\"og:url\" content=\"https:\/\/milchyn.cz\/pdftk-zpracovani-pdf-souboru\" \/>\n<meta property=\"og:site_name\" content=\"milchyn.cz\" \/>\n<meta name=\"twitter:card\" content=\"summary_large_image\" \/>\n<meta name=\"twitter:label1\" content=\"Odhadovan\u00e1 doba \u010dten\u00ed\" \/>\n\t<meta name=\"twitter:data1\" content=\"1 minuta\" \/>\n<script type=\"application\/ld+json\" class=\"yoast-schema-graph\">{\"@context\":\"https:\/\/schema.org\",\"@graph\":[{\"@type\":\"WebPage\",\"@id\":\"https:\/\/milchyn.cz\/pdftk-zpracovani-pdf-souboru\",\"url\":\"https:\/\/milchyn.cz\/pdftk-zpracovani-pdf-souboru\",\"name\":\"pdftk - zpracov\u00e1n\u00ed pdf soubor\u016f \ud83d\udcc4 - milchyn.cz\",\"isPartOf\":{\"@id\":\"https:\/\/milchyn.cz\/#website\"},\"datePublished\":\"2023-05-15T06:18:50+00:00\",\"breadcrumb\":{\"@id\":\"https:\/\/milchyn.cz\/pdftk-zpracovani-pdf-souboru#breadcrumb\"},\"inLanguage\":\"cs\",\"potentialAction\":[{\"@type\":\"ReadAction\",\"target\":[\"https:\/\/milchyn.cz\/pdftk-zpracovani-pdf-souboru\"]}]},{\"@type\":\"BreadcrumbList\",\"@id\":\"https:\/\/milchyn.cz\/pdftk-zpracovani-pdf-souboru#breadcrumb\",\"itemListElement\":[{\"@type\":\"ListItem\",\"position\":1,\"name\":\"Dom\u016f\",\"item\":\"https:\/\/milchyn.cz\/\"},{\"@type\":\"ListItem\",\"position\":2,\"name\":\"Linux\",\"item\":\"https:\/\/milchyn.cz\/pocitac-s-linuxem\"},{\"@type\":\"ListItem\",\"position\":3,\"name\":\"Po\u010d\u00edta\u010d s Xubuntu\",\"item\":\"https:\/\/milchyn.cz\/pocitac-s-linuxem\/pocitac-s-xubuntu\"},{\"@type\":\"ListItem\",\"position\":4,\"name\":\"Aplikace &#8211; Text a grafika \ud83d\udcdd\",\"item\":\"https:\/\/milchyn.cz\/aplikace-textextove\"},{\"@type\":\"ListItem\",\"position\":5,\"name\":\"pdftk &#8211; zpracov\u00e1n\u00ed pdf soubor\u016f \ud83d\udcc4\"}]},{\"@type\":\"WebSite\",\"@id\":\"https:\/\/milchyn.cz\/#website\",\"url\":\"https:\/\/milchyn.cz\/\",\"name\":\"milchyn.cz\",\"description\":\"\",\"potentialAction\":[{\"@type\":\"SearchAction\",\"target\":{\"@type\":\"EntryPoint\",\"urlTemplate\":\"https:\/\/milchyn.cz\/?s={search_term_string}\"},\"query-input\":{\"@type\":\"PropertyValueSpecification\",\"valueRequired\":true,\"valueName\":\"search_term_string\"}}],\"inLanguage\":\"cs\"}]}<\/script>\n<!-- \/ Yoast SEO plugin. -->","yoast_head_json":{"title":"pdftk - zpracov\u00e1n\u00ed pdf soubor\u016f \ud83d\udcc4 - milchyn.cz","robots":{"index":"index","follow":"follow","max-snippet":"max-snippet:-1","max-image-preview":"max-image-preview:large","max-video-preview":"max-video-preview:-1"},"canonical":"https:\/\/milchyn.cz\/pdftk-zpracovani-pdf-souboru","og_locale":"cs_CZ","og_type":"article","og_title":"pdftk - zpracov\u00e1n\u00ed pdf soubor\u016f \ud83d\udcc4 - milchyn.cz","og_description":"Xubuntu 24.04 Jde o aplikaci z p\u0159\u00edkazov\u00e9 \u0159\u00e1dky, kter\u00e1 zpracov\u00e1v\u00e1 pdf soubory na \u00farovni jednotliv\u00fdch str\u00e1nek (nikoli jejich obsahu). Vstupem je jeden nebo v\u00edce pdf soubor\u016f, ale s v\u00fdstupem do jin\u00e9ho souboru, ne\u017e vstupn\u00edho, aby nedo\u0161lo ke kolizn\u00edmu p\u0159eps\u00e1n\u00ed. P\u00e1r p\u0159\u00edklad\u016f&#8230; &nbsp;","og_url":"https:\/\/milchyn.cz\/pdftk-zpracovani-pdf-souboru","og_site_name":"milchyn.cz","twitter_card":"summary_large_image","twitter_misc":{"Odhadovan\u00e1 doba \u010dten\u00ed":"1 minuta"},"schema":{"@context":"https:\/\/schema.org","@graph":[{"@type":"WebPage","@id":"https:\/\/milchyn.cz\/pdftk-zpracovani-pdf-souboru","url":"https:\/\/milchyn.cz\/pdftk-zpracovani-pdf-souboru","name":"pdftk - zpracov\u00e1n\u00ed pdf soubor\u016f \ud83d\udcc4 - milchyn.cz","isPartOf":{"@id":"https:\/\/milchyn.cz\/#website"},"datePublished":"2023-05-15T06:18:50+00:00","breadcrumb":{"@id":"https:\/\/milchyn.cz\/pdftk-zpracovani-pdf-souboru#breadcrumb"},"inLanguage":"cs","potentialAction":[{"@type":"ReadAction","target":["https:\/\/milchyn.cz\/pdftk-zpracovani-pdf-souboru"]}]},{"@type":"BreadcrumbList","@id":"https:\/\/milchyn.cz\/pdftk-zpracovani-pdf-souboru#breadcrumb","itemListElement":[{"@type":"ListItem","position":1,"name":"Dom\u016f","item":"https:\/\/milchyn.cz\/"},{"@type":"ListItem","position":2,"name":"Linux","item":"https:\/\/milchyn.cz\/pocitac-s-linuxem"},{"@type":"ListItem","position":3,"name":"Po\u010d\u00edta\u010d s Xubuntu","item":"https:\/\/milchyn.cz\/pocitac-s-linuxem\/pocitac-s-xubuntu"},{"@type":"ListItem","position":4,"name":"Aplikace &#8211; Text a grafika \ud83d\udcdd","item":"https:\/\/milchyn.cz\/aplikace-textextove"},{"@type":"ListItem","position":5,"name":"pdftk &#8211; zpracov\u00e1n\u00ed pdf soubor\u016f \ud83d\udcc4"}]},{"@type":"WebSite","@id":"https:\/\/milchyn.cz\/#website","url":"https:\/\/milchyn.cz\/","name":"milchyn.cz","description":"","potentialAction":[{"@type":"SearchAction","target":{"@type":"EntryPoint","urlTemplate":"https:\/\/milchyn.cz\/?s={search_term_string}"},"query-input":{"@type":"PropertyValueSpecification","valueRequired":true,"valueName":"search_term_string"}}],"inLanguage":"cs"}]}},"_links":{"self":[{"href":"https:\/\/milchyn.cz\/index.php?rest_route=\/wp\/v2\/pages\/7576","targetHints":{"allow":["GET"]}}],"collection":[{"href":"https:\/\/milchyn.cz\/index.php?rest_route=\/wp\/v2\/pages"}],"about":[{"href":"https:\/\/milchyn.cz\/index.php?rest_route=\/wp\/v2\/types\/page"}],"author":[{"embeddable":true,"href":"https:\/\/milchyn.cz\/index.php?rest_route=\/wp\/v2\/users\/1"}],"replies":[{"embeddable":true,"href":"https:\/\/milchyn.cz\/index.php?rest_route=%2Fwp%2Fv2%2Fcomments&post=7576"}],"version-history":[{"count":0,"href":"https:\/\/milchyn.cz\/index.php?rest_route=\/wp\/v2\/pages\/7576\/revisions"}],"up":[{"embeddable":true,"href":"https:\/\/milchyn.cz\/index.php?rest_route=\/wp\/v2\/pages\/8986"}],"wp:attachment":[{"href":"https:\/\/milchyn.cz\/index.php?rest_route=%2Fwp%2Fv2%2Fmedia&parent=7576"}],"curies":[{"name":"wp","href":"https:\/\/api.w.org\/{rel}","templated":true}]}}