{"id":737,"date":"2017-03-03T13:54:15","date_gmt":"2017-03-03T12:54:15","guid":{"rendered":"http:\/\/milchyn.cz\/?page_id=737"},"modified":"2017-03-03T13:54:15","modified_gmt":"2017-03-03T12:54:15","slug":"uvod","status":"publish","type":"page","link":"https:\/\/milchyn.cz\/","title":{"rendered":"MilChyn.cz"},"content":{"rendered":"<p>&nbsp;<\/p>\n<p>V\u00edtejte na str\u00e1nk\u00e1ch, kter\u00e9 m\u00e1m jako pozn\u00e1mky ke sv\u00fdm z\u00e1jm\u016fm. Jsou k nahl\u00e9dnut\u00ed ka\u017ed\u00e9mu, nejl\u00e9pe tak\u00e9 se z\u00e1jmem o konstruk\u010dn\u00ed elektroniku, kter\u00e1 je i mou profes\u00ed, stejn\u011b tak o <a href=\"https:\/\/milchyn.cz\/pocitac-s-linuxem\/\">po\u010d\u00edta\u010de s Linuxem<\/a>, p\u0159edev\u0161\u00edm s distribuc\u00ed Xubuntu, poskytuj\u00edc\u00ed spoustu zaj\u00edmav\u00fdch mo\u017enost\u00ed \ud83d\udc4d. Lze i \u010derpat na <a href=\"https:\/\/forum.ubuntu.cz\/\" target=\"_blank\" rel=\"noopener\">\u010desk\u00e9m Ubuntu f\u00f3ru<\/a>, <a href=\"https:\/\/wiki.ubuntu.cz\/FAQ#faq\" target=\"_blank\" rel=\"noopener\">ot\u00e1zky a odpov\u011bdi FAQ<\/a>.<\/p>\n<p>&nbsp;<\/p>\n<p style=\"text-align: center; font-size: clamp(1.1rem, 1.3vw, 99rem); color: #667;\"><em>&#8222;Kdo Linux pochop\u00ed, m\u00e1 \u0161anci ho pln\u011b vyu\u017e\u00edt.&#8220;<\/em><\/p>\n<p>&nbsp;<\/p>\n<p><img decoding=\"async\" class=\"alignnone size-full wp-image-6119\" style=\"width: 5vw; position: relative; top: 1vw; padding-right: 1vw;\" src=\"https:\/\/milchyn.cz\/wp-content\/uploads\/2021\/10\/new-icon-1.png\" \/>Aktualizovan\u00e9 str\u00e1nky:<\/p>\n<h5><ul><li><a href=\"https:\/\/milchyn.cz\/i-system\" style=\"text-decoration:none;\">\u2139\ufe0f Opera\u010dn\u00ed syst\u00e9m<\/a><\/li><li><a href=\"https:\/\/milchyn.cz\/kernel-kompilace-jadra-do-deb-balicku\" style=\"text-decoration:none;\">kernel &#8211; kompilace j\u00e1dra do .deb pro ur\u010dit\u00fd hw<\/a><\/li><li><a href=\"https:\/\/milchyn.cz\/instalace-xubuntu\" style=\"text-decoration:none;\">Instalace Xubuntu<\/a><\/li><li><a href=\"https:\/\/milchyn.cz\/pc-linux\" style=\"text-decoration:none;\">PC kompatibilita k Linuxu<\/a><\/li><li><a href=\"https:\/\/milchyn.cz\/instalacni-usb-disk\" style=\"text-decoration:none;\">Instala\u010dn\u00ed USB flashdisk<\/a><\/li><\/ul><\/h5>\n<p>&nbsp;<\/p>\n<p>&nbsp;<\/p>\n","protected":false},"excerpt":{"rendered":"<p>&nbsp; V\u00edtejte na str\u00e1nk\u00e1ch, kter\u00e9 m\u00e1m jako pozn\u00e1mky ke sv\u00fdm z\u00e1jm\u016fm. Jsou k nahl\u00e9dnut\u00ed ka\u017ed\u00e9mu, nejl\u00e9pe tak\u00e9 se z\u00e1jmem o konstruk\u010dn\u00ed elektroniku, kter\u00e1 je i mou profes\u00ed, stejn\u011b tak o po\u010d\u00edta\u010de s Linuxem, p\u0159edev\u0161\u00edm s distribuc\u00ed Xubuntu, poskytuj\u00edc\u00ed spoustu zaj\u00edmav\u00fdch mo\u017enost\u00ed \ud83d\udc4d. Lze i \u010derpat na \u010desk\u00e9m Ubuntu f\u00f3ru, ot\u00e1zky a odpov\u011bdi FAQ. &nbsp; &#8222;Kdo [&hellip;]<\/p>\n","protected":false},"author":1,"featured_media":0,"parent":0,"menu_order":-99,"comment_status":"closed","ping_status":"closed","template":"","meta":{"footnotes":""},"class_list":["post-737","page","type-page","status-publish","hentry"],"yoast_head":"<!-- This site is optimized with the Yoast SEO plugin v26.1.1 - https:\/\/yoast.com\/wordpress\/plugins\/seo\/ -->\n<title>MilChyn.cz - milchyn.cz<\/title>\n<meta name=\"description\" content=\"V\u00edtejte na str\u00e1nk\u00e1ch, kter\u00e9 m\u00e1m jako pozn\u00e1mky k po\u010d\u00edta\u010d\u016fm s Linuxem Xubuntu a i konstruk\u010dn\u00ed elektronice. Nejen pro za\u010d\u00e1te\u010dn\u00edky.\" \/>\n<meta name=\"robots\" content=\"index, follow, max-snippet:-1, max-image-preview:large, max-video-preview:-1\" \/>\n<link rel=\"canonical\" href=\"https:\/\/milchyn.cz\/\" \/>\n<meta property=\"og:locale\" content=\"cs_CZ\" \/>\n<meta property=\"og:type\" content=\"article\" \/>\n<meta property=\"og:title\" content=\"MilChyn.cz - milchyn.cz\" \/>\n<meta property=\"og:description\" content=\"V\u00edtejte na str\u00e1nk\u00e1ch, kter\u00e9 m\u00e1m jako pozn\u00e1mky k po\u010d\u00edta\u010d\u016fm s Linuxem Xubuntu a i konstruk\u010dn\u00ed elektronice. Nejen pro za\u010d\u00e1te\u010dn\u00edky.\" \/>\n<meta property=\"og:url\" content=\"https:\/\/milchyn.cz\/\" \/>\n<meta property=\"og:site_name\" content=\"milchyn.cz\" \/>\n<meta property=\"og:image\" content=\"https:\/\/milchyn.cz\/wp-content\/uploads\/2021\/10\/new-icon-1-e1634567228686.png\" \/>\n\t<meta property=\"og:image:width\" content=\"100\" \/>\n\t<meta property=\"og:image:height\" content=\"100\" \/>\n\t<meta property=\"og:image:type\" content=\"image\/png\" \/>\n<meta name=\"twitter:card\" content=\"summary_large_image\" \/>\n<meta name=\"twitter:label1\" content=\"Odhadovan\u00e1 doba \u010dten\u00ed\" \/>\n\t<meta name=\"twitter:data1\" content=\"1 minuta\" \/>\n<script type=\"application\/ld+json\" class=\"yoast-schema-graph\">{\"@context\":\"https:\/\/schema.org\",\"@graph\":[{\"@type\":\"WebPage\",\"@id\":\"https:\/\/milchyn.cz\/\",\"url\":\"https:\/\/milchyn.cz\/\",\"name\":\"MilChyn.cz - milchyn.cz\",\"isPartOf\":{\"@id\":\"https:\/\/milchyn.cz\/#website\"},\"primaryImageOfPage\":{\"@id\":\"https:\/\/milchyn.cz\/#primaryimage\"},\"image\":{\"@id\":\"https:\/\/milchyn.cz\/#primaryimage\"},\"thumbnailUrl\":\"https:\/\/milchyn.cz\/wp-content\/uploads\/2021\/10\/new-icon-1.png\",\"datePublished\":\"2017-03-03T12:54:15+00:00\",\"description\":\"V\u00edtejte na str\u00e1nk\u00e1ch, kter\u00e9 m\u00e1m jako pozn\u00e1mky k po\u010d\u00edta\u010d\u016fm s Linuxem Xubuntu a i konstruk\u010dn\u00ed elektronice. Nejen pro za\u010d\u00e1te\u010dn\u00edky.\",\"breadcrumb\":{\"@id\":\"https:\/\/milchyn.cz\/#breadcrumb\"},\"inLanguage\":\"cs\",\"potentialAction\":[{\"@type\":\"ReadAction\",\"target\":[\"https:\/\/milchyn.cz\/\"]}]},{\"@type\":\"ImageObject\",\"inLanguage\":\"cs\",\"@id\":\"https:\/\/milchyn.cz\/#primaryimage\",\"url\":\"https:\/\/milchyn.cz\/wp-content\/uploads\/2021\/10\/new-icon-1-e1634567228686.png\",\"contentUrl\":\"https:\/\/milchyn.cz\/wp-content\/uploads\/2021\/10\/new-icon-1-e1634567228686.png\",\"width\":100,\"height\":100},{\"@type\":\"BreadcrumbList\",\"@id\":\"https:\/\/milchyn.cz\/#breadcrumb\",\"itemListElement\":[{\"@type\":\"ListItem\",\"position\":1,\"name\":\"Dom\u016f\",\"item\":\"https:\/\/milchyn.cz\/\"},{\"@type\":\"ListItem\",\"position\":2,\"name\":\"MilChyn.cz\"}]},{\"@type\":\"WebSite\",\"@id\":\"https:\/\/milchyn.cz\/#website\",\"url\":\"https:\/\/milchyn.cz\/\",\"name\":\"milchyn.cz\",\"description\":\"\",\"potentialAction\":[{\"@type\":\"SearchAction\",\"target\":{\"@type\":\"EntryPoint\",\"urlTemplate\":\"https:\/\/milchyn.cz\/?s={search_term_string}\"},\"query-input\":{\"@type\":\"PropertyValueSpecification\",\"valueRequired\":true,\"valueName\":\"search_term_string\"}}],\"inLanguage\":\"cs\"}]}<\/script>\n<!-- \/ Yoast SEO plugin. -->","yoast_head_json":{"title":"MilChyn.cz - milchyn.cz","description":"V\u00edtejte na str\u00e1nk\u00e1ch, kter\u00e9 m\u00e1m jako pozn\u00e1mky k po\u010d\u00edta\u010d\u016fm s Linuxem Xubuntu a i konstruk\u010dn\u00ed elektronice. Nejen pro za\u010d\u00e1te\u010dn\u00edky.","robots":{"index":"index","follow":"follow","max-snippet":"max-snippet:-1","max-image-preview":"max-image-preview:large","max-video-preview":"max-video-preview:-1"},"canonical":"https:\/\/milchyn.cz\/","og_locale":"cs_CZ","og_type":"article","og_title":"MilChyn.cz - milchyn.cz","og_description":"V\u00edtejte na str\u00e1nk\u00e1ch, kter\u00e9 m\u00e1m jako pozn\u00e1mky k po\u010d\u00edta\u010d\u016fm s Linuxem Xubuntu a i konstruk\u010dn\u00ed elektronice. Nejen pro za\u010d\u00e1te\u010dn\u00edky.","og_url":"https:\/\/milchyn.cz\/","og_site_name":"milchyn.cz","og_image":[{"width":100,"height":100,"url":"https:\/\/milchyn.cz\/wp-content\/uploads\/2021\/10\/new-icon-1-e1634567228686.png","type":"image\/png"}],"twitter_card":"summary_large_image","twitter_misc":{"Odhadovan\u00e1 doba \u010dten\u00ed":"1 minuta"},"schema":{"@context":"https:\/\/schema.org","@graph":[{"@type":"WebPage","@id":"https:\/\/milchyn.cz\/","url":"https:\/\/milchyn.cz\/","name":"MilChyn.cz - milchyn.cz","isPartOf":{"@id":"https:\/\/milchyn.cz\/#website"},"primaryImageOfPage":{"@id":"https:\/\/milchyn.cz\/#primaryimage"},"image":{"@id":"https:\/\/milchyn.cz\/#primaryimage"},"thumbnailUrl":"https:\/\/milchyn.cz\/wp-content\/uploads\/2021\/10\/new-icon-1.png","datePublished":"2017-03-03T12:54:15+00:00","description":"V\u00edtejte na str\u00e1nk\u00e1ch, kter\u00e9 m\u00e1m jako pozn\u00e1mky k po\u010d\u00edta\u010d\u016fm s Linuxem Xubuntu a i konstruk\u010dn\u00ed elektronice. Nejen pro za\u010d\u00e1te\u010dn\u00edky.","breadcrumb":{"@id":"https:\/\/milchyn.cz\/#breadcrumb"},"inLanguage":"cs","potentialAction":[{"@type":"ReadAction","target":["https:\/\/milchyn.cz\/"]}]},{"@type":"ImageObject","inLanguage":"cs","@id":"https:\/\/milchyn.cz\/#primaryimage","url":"https:\/\/milchyn.cz\/wp-content\/uploads\/2021\/10\/new-icon-1-e1634567228686.png","contentUrl":"https:\/\/milchyn.cz\/wp-content\/uploads\/2021\/10\/new-icon-1-e1634567228686.png","width":100,"height":100},{"@type":"BreadcrumbList","@id":"https:\/\/milchyn.cz\/#breadcrumb","itemListElement":[{"@type":"ListItem","position":1,"name":"Dom\u016f","item":"https:\/\/milchyn.cz\/"},{"@type":"ListItem","position":2,"name":"MilChyn.cz"}]},{"@type":"WebSite","@id":"https:\/\/milchyn.cz\/#website","url":"https:\/\/milchyn.cz\/","name":"milchyn.cz","description":"","potentialAction":[{"@type":"SearchAction","target":{"@type":"EntryPoint","urlTemplate":"https:\/\/milchyn.cz\/?s={search_term_string}"},"query-input":{"@type":"PropertyValueSpecification","valueRequired":true,"valueName":"search_term_string"}}],"inLanguage":"cs"}]}},"_links":{"self":[{"href":"https:\/\/milchyn.cz\/index.php?rest_route=\/wp\/v2\/pages\/737","targetHints":{"allow":["GET"]}}],"collection":[{"href":"https:\/\/milchyn.cz\/index.php?rest_route=\/wp\/v2\/pages"}],"about":[{"href":"https:\/\/milchyn.cz\/index.php?rest_route=\/wp\/v2\/types\/page"}],"author":[{"embeddable":true,"href":"https:\/\/milchyn.cz\/index.php?rest_route=\/wp\/v2\/users\/1"}],"replies":[{"embeddable":true,"href":"https:\/\/milchyn.cz\/index.php?rest_route=%2Fwp%2Fv2%2Fcomments&post=737"}],"version-history":[{"count":0,"href":"https:\/\/milchyn.cz\/index.php?rest_route=\/wp\/v2\/pages\/737\/revisions"}],"wp:attachment":[{"href":"https:\/\/milchyn.cz\/index.php?rest_route=%2Fwp%2Fv2%2Fmedia&parent=737"}],"curies":[{"name":"wp","href":"https:\/\/api.w.org\/{rel}","templated":true}]}}