{"id":635,"date":"2017-02-02T14:13:39","date_gmt":"2017-02-02T13:13:39","guid":{"rendered":"http:\/\/milchyn.cz\/?page_id=635"},"modified":"2026-03-08T15:22:51","modified_gmt":"2026-03-08T15:22:51","slug":"pc-linux","status":"publish","type":"page","link":"https:\/\/milchyn.cz\/pc-linux","title":{"rendered":"PC kompatibilita k Linuxu"},"content":{"rendered":"<p>Prvotn\u00ed je p\u0159edstava k jak\u00e9mu \u00fa\u010delu bude po\u010d\u00edta\u010d slou\u017eit a zda-li v re\u017eimu<strong>\u00a0<a href=\"https:\/\/milchyn.cz\/multiseat-na-linuxu\/\">MultiSeat<\/a><\/strong>.<\/p>\n<h3>Podporovan\u00e1 za\u0159\u00edzen\u00ed<\/h3>\n<p><a href=\"https:\/\/ubuntu.com\/certified\" target=\"_blank\" rel=\"noopener\"><strong>Ubuntu Certified<\/strong><\/a><\/p>\n<p><a href=\"https:\/\/linux-hardware.org\/\" target=\"_blank\" rel=\"noopener\"><strong>Hardware for Linux<\/strong><\/a><\/p>\n<h3>Ovlada\u010de pro HP tisk\u00e1rny<\/h3>\n<p><a href=\"https:\/\/sourceforge.net\/projects\/hplip\/files\/hplip\/\" target=\"_blank\" rel=\"noopener noreferrer\"><strong>https:\/\/developers.hp.com\/hp-linux-imaging-and-printing\/gethplip<\/strong><\/a><\/p>\n<h3><a id=\"pc-domaci\"><\/a><img loading=\"lazy\" decoding=\"async\" width=\"150\" height=\"150\" class=\" wp-image-5512 alignright\" style=\"width: 22vw;\" src=\"https:\/\/milchyn.cz\/wp-content\/uploads\/2021\/10\/HappyComp_150x150.png\" alt=\"\" \/>S Xubuntu m\u00e1m odzkou\u0161eno<\/h3>\n<a id=\"po\u010d\u00edta\u010d_s_multiseatem_tuf_gaming_b560_plus_wifi\"><\/a><div class=\"mch-acr\"><div class=\"mch-acr-title\" role=\"button\" tabindex=\"0\" aria-expanded=\"false\" aria-controls=\"mch-acr-content-10\">Po\u010d\u00edta\u010d s MultiSeatem - TUF GAMING B560-PLUS WIFI<\/div><div id=\"mch-acr-content-10\" class=\"mch-acr-content\" hidden><\/p>\n<ul>\n<li>z\u00e1kladn\u00ed deska:\u00a0<strong>TUF GAMING B560-PLUS WIFI<\/strong><\/li>\n<li>procesor: <strong>Intel i5-11400<\/strong> @ 2,6GHz @ Turbo 4,4GHz (6 jader \/ 12 vl\u00e1ken)<\/li>\n<li>pam\u011bti: 32GB (4x DDR4 8GB\/3200MHz Kingston KF3200C16D4\/8GX)<\/li>\n<li>grafick\u00e9 karty (pou\u017e\u00edv\u00e1m v re\u017eimu v MultiSeat):\n<ul>\n<li><span class=\"value\">seat0: Intel\u00ae UHD Graphics 730<\/span> (integrovan\u00e1 v procesoru)<\/li>\n<li><span class=\"value\">seat1:<\/span> HD 7450<\/li>\n<li><span class=\"value\">seat2: <\/span>HD 6450<\/li>\n<\/ul>\n<\/li>\n<li>disky:\n<ul>\n<li>2x M2 Western Digital &#8211; WD Blue SN570 500GB (RAID1 mdadm)<\/li>\n<li>2x HDD 3,5&#8243; Western Digital RED 3TB, 64MB cache (RAID1 mdadm)<\/li>\n<\/ul>\n<\/li>\n<li>mechaniky:\n<ul>\n<li>Blu-Ray ASUS BW-16D1HT<\/li>\n<\/ul>\n<\/li>\n<li>OS:\n<ul>\n<li>Xubuntu 24.04&#8230; LTS<\/li>\n<\/ul>\n<\/li>\n<\/ul>\n<p><\/div><\/div>\n<a id=\"notebook_dell_latitude_5520\"><\/a><div class=\"mch-acr\"><div class=\"mch-acr-title\" role=\"button\" tabindex=\"0\" aria-expanded=\"false\" aria-controls=\"mch-acr-content-11\">Notebook - Dell Latitude 5520<\/div><div id=\"mch-acr-content-11\" class=\"mch-acr-content\" hidden><\/p>\n<ul>\n<li>typ: <strong>Dell Latitude 5520<br \/>\n<\/strong><\/li>\n<li>procesor: <strong>Intel i5-1145G7 <\/strong>@ 2,6GHz Turbo 4,4GHz (4 j\u00e1dra \/ 8 vl\u00e1ken)<\/li>\n<li>pam\u011bti: 16GB ( 2x DDR4 8GB\/3200MHz 1,2V )<\/li>\n<li>grafick\u00e9 karty:\n<ul>\n<li>\u00a0Intel Iris Xe Graphics (integrovan\u00e1 v procesoru)<\/li>\n<\/ul>\n<\/li>\n<li>disky:\n<ul>\n<li>1x nvme CT500P2SSD8 500GB<\/li>\n<\/ul>\n<\/li>\n<li>OS:\n<ul>\n<li>Xubuntu 24.04&#8230; LTS<\/li>\n<\/ul>\n<\/li>\n<\/ul>\n<p><\/div><\/div>\n<a id=\"notebook_dell_latitude_3520\"><\/a><div class=\"mch-acr\"><div class=\"mch-acr-title\" role=\"button\" tabindex=\"0\" aria-expanded=\"false\" aria-controls=\"mch-acr-content-12\">Notebook - Dell Latitude 3520<\/div><div id=\"mch-acr-content-12\" class=\"mch-acr-content\" hidden><\/p>\n<ul>\n<li>typ: <strong>Dell Latitude 3520<br \/>\n<\/strong><\/li>\n<li>procesor: <strong>Intel i5-1135G7 <\/strong>@ 2,4GHz Turbo 4,2GHz (4 j\u00e1dra \/ 8 vl\u00e1ken)<\/li>\n<li>pam\u011bti: 16GB ( 2x DDR4 8GB\/3200MHz 1,2V )<\/li>\n<li>grafick\u00e9 karty:\n<ul>\n<li><span class=\"T286Pc\" data-sfc-cp=\"\" data-sfc-cb=\"\" data-processed=\"true\">Intel Iris Xe Graphics (integrovan\u00e1 v procesoru)<\/span><\/li>\n<\/ul>\n<\/li>\n<li>disky:\n<ul>\n<li>1x nvmeCL1-3D256-Q11 NVMe SSSTC 256GB<\/li>\n<\/ul>\n<\/li>\n<li>OS:\n<ul>\n<li>Xubuntu 24.04&#8230; LTS<\/li>\n<\/ul>\n<\/li>\n<\/ul>\n<p><\/div><\/div>\n<a id=\"po\u010d\u00edta\u010d_mini_msi_h110i_pro\"><\/a><div class=\"mch-acr\"><div class=\"mch-acr-title\" role=\"button\" tabindex=\"0\" aria-expanded=\"false\" aria-controls=\"mch-acr-content-13\">Po\u010d\u00edta\u010d Mini - MSI H110I PRO<\/div><div id=\"mch-acr-content-13\" class=\"mch-acr-content\" hidden><\/p>\n<ul>\n<li>z\u00e1kladn\u00ed deska: <strong>MSI H110I PRO<\/strong><\/li>\n<li>procesor: <strong>Intel I7-6700<\/strong> @ 3,4GHz @ Turbo 4GHz (4 j\u00e1dra \/ 8 vl\u00e1ken)<\/li>\n<li>pam\u011bti: 16GB ( 2x DDR4 8GB\/2400MHz CL17 Kingston)<\/li>\n<li>grafick\u00e9 karty:\n<ul>\n<li>HD Graphics 530 (integrovan\u00e1 v procesoru)<\/li>\n<\/ul>\n<\/li>\n<li>OS:\n<ul>\n<li>Xubuntu 24.04<\/li>\n<\/ul>\n<\/li>\n<\/ul>\n<p><\/div><\/div>\n<a id=\"po\u010d\u00edta\u010d_asus_prime_b250_pro\"><\/a><div class=\"mch-acr\"><div class=\"mch-acr-title\" role=\"button\" tabindex=\"0\" aria-expanded=\"false\" aria-controls=\"mch-acr-content-14\">Po\u010d\u00edta\u010d - ASUS PRIME B250-PRO<\/div><div id=\"mch-acr-content-14\" class=\"mch-acr-content\" hidden><\/p>\n<ul>\n<li>z\u00e1kladn\u00ed deska: <strong>ASUS PRIME B250-PRO<\/strong><\/li>\n<li>procesor: <strong>Intel I7-6700<\/strong> @ 3,4GHz @ Turbo 4GHz (4 j\u00e1dra \/ 8 vl\u00e1ken)<\/li>\n<li>pam\u011bti: 16GB ( 2x DDR4 4GB\/2400Mhz CL17 Patriot PSD44G240082 s chladi\u010dem ; 1x DDR4 8GB\/2400MHz CL17 Kingston 9905702-137.A00G )<\/li>\n<li>grafick\u00e9 karty :\n<ul>\n<li>HD Graphics 530 (integrovan\u00e1 v procesoru)<\/li>\n<\/ul>\n<\/li>\n<li>disky:\n<ul>\n<li>1x SSD INTEL SSDSC2BW18 180GB<\/li>\n<li>2x HDD 3,5&#8243; Western Digital WD10EZEX-75W 1000GB (RAID1 mdadm)<\/li>\n<\/ul>\n<\/li>\n<li>OS:\n<ul>\n<li>Xubuntu 20.04&#8230; LTS<\/li>\n<\/ul>\n<\/li>\n<\/ul>\n<p><\/div><\/div>\n<a id=\"po\u010d\u00edta\u010d_asus_expedition_b250_v7\"><\/a><div class=\"mch-acr\"><div class=\"mch-acr-title\" role=\"button\" tabindex=\"0\" aria-expanded=\"false\" aria-controls=\"mch-acr-content-15\">Po\u010d\u00edta\u010d - ASUS EXPEDITION B250-V7<\/div><div id=\"mch-acr-content-15\" class=\"mch-acr-content\" hidden><\/p>\n<ul>\n<li>z\u00e1kladn\u00ed deska: <strong>ASUS EXPEDITION B250-V7<\/strong><\/li>\n<li>procesor:<strong> Intel Pentium G4560<\/strong> @ 3.5GHz (2 j\u00e1dra \/ 4 vl\u00e1kna)<\/li>\n<li>pam\u011bti: 8GB ( 2x DDR4 4GB\/2400Mhz CL17 Signature Line Patriot )<\/li>\n<li>grafick\u00e9 karty:\n<ul>\n<li>HD Graphics 610 (integrovan\u00e1 v procesoru)<\/li>\n<\/ul>\n<\/li>\n<li>disky:\n<ul>\n<li>2x HDD 3,5 Western Digital Blue 1TB\/7200 rpm (RAID1 mdadm)<\/li>\n<\/ul>\n<\/li>\n<li>OS:\n<ul>\n<li>Xubuntu 24.04&#8230; LTS<\/li>\n<\/ul>\n<\/li>\n<\/ul>\n<p><\/div><\/div>\n<a id=\"po\u010d\u00edta\u010d_asus_z97_a\"><\/a><div class=\"mch-acr\"><div class=\"mch-acr-title\" role=\"button\" tabindex=\"0\" aria-expanded=\"false\" aria-controls=\"mch-acr-content-16\">Po\u010d\u00edta\u010d - ASUS Z97-A<\/div><div id=\"mch-acr-content-16\" class=\"mch-acr-content\" hidden><\/p>\n<ul>\n<li>z\u00e1kladn\u00ed deska: <strong>ASUS Z97-A<\/strong><\/li>\n<li>procesor: <strong>Intel I7-4770<\/strong> @ 3,4GHz @ Turbo 3,9GHz (4 j\u00e1dra \/ 8 vl\u00e1ken)<\/li>\n<li>pam\u011bti: 8GB ( 2x DDR3 4GB\/1600MHz )<\/li>\n<li>grafick\u00e9 karty:\n<ul>\n<li>HD Graphics 4600 (integrovan\u00e1 v procesoru)<\/li>\n<\/ul>\n<\/li>\n<li>OS:\n<ul>\n<li>Xubuntu 24.04&#8230; LTS<\/li>\n<\/ul>\n<\/li>\n<\/ul>\n<p><\/div><\/div>\n<a id=\"po\u010d\u00edta\u010d_asus_p5k\"><\/a><div class=\"mch-acr\"><div class=\"mch-acr-title\" role=\"button\" tabindex=\"0\" aria-expanded=\"false\" aria-controls=\"mch-acr-content-17\">Po\u010d\u00edta\u010d - ASUS P5K<\/div><div id=\"mch-acr-content-17\" class=\"mch-acr-content\" hidden><\/p>\n<ul>\n<li>z\u00e1kladn\u00ed deska: <strong>ASUS P5K<\/strong><\/li>\n<li>procesor: <strong>Intel Core2 Duo E6850<\/strong> @ 3,0GHz (2 j\u00e1dra)<\/li>\n<li>pam\u011bti: 4GB ( DDR2 2GB\/800MHz CL5, Corsair )<\/li>\n<li>grafick\u00e9 karty:\n<ul>\n<li>HD 5430<\/li>\n<\/ul>\n<\/li>\n<li>disky:\n<ul>\n<li>2x HDD 3,5 Western Digital Blue 1TB\/7200 rpm (RAID1 mdadm)<\/li>\n<\/ul>\n<\/li>\n<li>OS:\n<ul>\n<li>Xubuntu 20.04<\/li>\n<\/ul>\n<\/li>\n<\/ul>\n<p><\/div><\/div>\n<a id=\"notebook_dell_latitude_e6410\"><\/a><div class=\"mch-acr\"><div class=\"mch-acr-title\" role=\"button\" tabindex=\"0\" aria-expanded=\"false\" aria-controls=\"mch-acr-content-18\">Notebook - Dell Latitude E6410<\/div><div id=\"mch-acr-content-18\" class=\"mch-acr-content\" hidden><\/p>\n<ul>\n<li>procesor: <strong>Intel i5-M540<\/strong> @ 2.53GHz (4 j\u00e1dra)<\/li>\n<li>pam\u011bti:\u00a0 8GB ( 2x DDR3L 4GB\/1600MHz CL11 Crucial )<\/li>\n<li>grafick\u00e9 karty:\n<ul>\n<li>Intel GM45 Graphics<\/li>\n<\/ul>\n<\/li>\n<li>disky:\n<ul>\n<li>1x SSD Western Digital Blue 500GB<\/li>\n<\/ul>\n<\/li>\n<li>OS:\n<ul>\n<li>Xubuntu 20.04<\/li>\n<\/ul>\n<\/li>\n<\/ul>\n<p><\/div><\/div>\n","protected":false},"excerpt":{"rendered":"<p>Prvotn\u00ed je p\u0159edstava k jak\u00e9mu \u00fa\u010delu bude po\u010d\u00edta\u010d slou\u017eit a zda-li v re\u017eimu\u00a0MultiSeat. Podporovan\u00e1 za\u0159\u00edzen\u00ed Ubuntu Certified Hardware for Linux Ovlada\u010de pro HP tisk\u00e1rny https:\/\/developers.hp.com\/hp-linux-imaging-and-printing\/gethplip S Xubuntu m\u00e1m odzkou\u0161eno<\/p>\n","protected":false},"author":1,"featured_media":0,"parent":9730,"menu_order":-72,"comment_status":"closed","ping_status":"closed","template":"","meta":{"footnotes":""},"class_list":["post-635","page","type-page","status-publish","hentry"],"yoast_head":"<!-- This site is optimized with the Yoast SEO plugin v26.1.1 - https:\/\/yoast.com\/wordpress\/plugins\/seo\/ -->\n<title>PC kompatibilita k Linuxu - milchyn.cz<\/title>\n<meta name=\"robots\" content=\"index, follow, max-snippet:-1, max-image-preview:large, max-video-preview:-1\" \/>\n<link rel=\"canonical\" href=\"https:\/\/milchyn.cz\/pc-linux\" \/>\n<meta property=\"og:locale\" content=\"cs_CZ\" \/>\n<meta property=\"og:type\" content=\"article\" \/>\n<meta property=\"og:title\" content=\"PC kompatibilita k Linuxu - milchyn.cz\" \/>\n<meta property=\"og:description\" content=\"Prvotn\u00ed je p\u0159edstava k jak\u00e9mu \u00fa\u010delu bude po\u010d\u00edta\u010d slou\u017eit a zda-li v re\u017eimu\u00a0MultiSeat. Podporovan\u00e1 za\u0159\u00edzen\u00ed Ubuntu Certified Hardware for Linux Ovlada\u010de pro HP tisk\u00e1rny https:\/\/developers.hp.com\/hp-linux-imaging-and-printing\/gethplip S Xubuntu m\u00e1m odzkou\u0161eno\" \/>\n<meta property=\"og:url\" content=\"https:\/\/milchyn.cz\/pc-linux\" \/>\n<meta property=\"og:site_name\" content=\"milchyn.cz\" \/>\n<meta property=\"article:modified_time\" content=\"2026-03-08T15:22:51+00:00\" \/>\n<meta property=\"og:image\" content=\"https:\/\/milchyn.cz\/wp-content\/uploads\/2021\/10\/HappyComp_150x150.png\" \/>\n\t<meta property=\"og:image:width\" content=\"150\" \/>\n\t<meta property=\"og:image:height\" content=\"150\" \/>\n\t<meta property=\"og:image:type\" content=\"image\/png\" \/>\n<meta name=\"twitter:card\" content=\"summary_large_image\" \/>\n<meta name=\"twitter:label1\" content=\"Odhadovan\u00e1 doba \u010dten\u00ed\" \/>\n\t<meta name=\"twitter:data1\" content=\"3 minuty\" \/>\n<script type=\"application\/ld+json\" class=\"yoast-schema-graph\">{\"@context\":\"https:\/\/schema.org\",\"@graph\":[{\"@type\":\"WebPage\",\"@id\":\"https:\/\/milchyn.cz\/pc-linux\",\"url\":\"https:\/\/milchyn.cz\/pc-linux\",\"name\":\"PC kompatibilita k Linuxu - milchyn.cz\",\"isPartOf\":{\"@id\":\"https:\/\/milchyn.cz\/#website\"},\"primaryImageOfPage\":{\"@id\":\"https:\/\/milchyn.cz\/pc-linux#primaryimage\"},\"image\":{\"@id\":\"https:\/\/milchyn.cz\/pc-linux#primaryimage\"},\"thumbnailUrl\":\"https:\/\/milchyn.cz\/wp-content\/uploads\/2021\/10\/HappyComp_150x150.png\",\"datePublished\":\"2017-02-02T13:13:39+00:00\",\"dateModified\":\"2026-03-08T15:22:51+00:00\",\"breadcrumb\":{\"@id\":\"https:\/\/milchyn.cz\/pc-linux#breadcrumb\"},\"inLanguage\":\"cs\",\"potentialAction\":[{\"@type\":\"ReadAction\",\"target\":[\"https:\/\/milchyn.cz\/pc-linux\"]}]},{\"@type\":\"ImageObject\",\"inLanguage\":\"cs\",\"@id\":\"https:\/\/milchyn.cz\/pc-linux#primaryimage\",\"url\":\"https:\/\/milchyn.cz\/wp-content\/uploads\/2021\/10\/HappyComp_150x150.png\",\"contentUrl\":\"https:\/\/milchyn.cz\/wp-content\/uploads\/2021\/10\/HappyComp_150x150.png\",\"width\":150,\"height\":150},{\"@type\":\"BreadcrumbList\",\"@id\":\"https:\/\/milchyn.cz\/pc-linux#breadcrumb\",\"itemListElement\":[{\"@type\":\"ListItem\",\"position\":1,\"name\":\"Dom\u016f\",\"item\":\"https:\/\/milchyn.cz\/\"},{\"@type\":\"ListItem\",\"position\":2,\"name\":\"Linux\",\"item\":\"https:\/\/milchyn.cz\/pocitac-s-linuxem\"},{\"@type\":\"ListItem\",\"position\":3,\"name\":\"Po\u010d\u00edta\u010d s Xubuntu\",\"item\":\"https:\/\/milchyn.cz\/pocitac-s-linuxem\/pocitac-s-xubuntu\"},{\"@type\":\"ListItem\",\"position\":4,\"name\":\"PC kompatibilita k Linuxu\"}]},{\"@type\":\"WebSite\",\"@id\":\"https:\/\/milchyn.cz\/#website\",\"url\":\"https:\/\/milchyn.cz\/\",\"name\":\"milchyn.cz\",\"description\":\"\",\"potentialAction\":[{\"@type\":\"SearchAction\",\"target\":{\"@type\":\"EntryPoint\",\"urlTemplate\":\"https:\/\/milchyn.cz\/?s={search_term_string}\"},\"query-input\":{\"@type\":\"PropertyValueSpecification\",\"valueRequired\":true,\"valueName\":\"search_term_string\"}}],\"inLanguage\":\"cs\"}]}<\/script>\n<!-- \/ Yoast SEO plugin. -->","yoast_head_json":{"title":"PC kompatibilita k Linuxu - milchyn.cz","robots":{"index":"index","follow":"follow","max-snippet":"max-snippet:-1","max-image-preview":"max-image-preview:large","max-video-preview":"max-video-preview:-1"},"canonical":"https:\/\/milchyn.cz\/pc-linux","og_locale":"cs_CZ","og_type":"article","og_title":"PC kompatibilita k Linuxu - milchyn.cz","og_description":"Prvotn\u00ed je p\u0159edstava k jak\u00e9mu \u00fa\u010delu bude po\u010d\u00edta\u010d slou\u017eit a zda-li v re\u017eimu\u00a0MultiSeat. Podporovan\u00e1 za\u0159\u00edzen\u00ed Ubuntu Certified Hardware for Linux Ovlada\u010de pro HP tisk\u00e1rny https:\/\/developers.hp.com\/hp-linux-imaging-and-printing\/gethplip S Xubuntu m\u00e1m odzkou\u0161eno","og_url":"https:\/\/milchyn.cz\/pc-linux","og_site_name":"milchyn.cz","article_modified_time":"2026-03-08T15:22:51+00:00","og_image":[{"width":150,"height":150,"url":"https:\/\/milchyn.cz\/wp-content\/uploads\/2021\/10\/HappyComp_150x150.png","type":"image\/png"}],"twitter_card":"summary_large_image","twitter_misc":{"Odhadovan\u00e1 doba \u010dten\u00ed":"3 minuty"},"schema":{"@context":"https:\/\/schema.org","@graph":[{"@type":"WebPage","@id":"https:\/\/milchyn.cz\/pc-linux","url":"https:\/\/milchyn.cz\/pc-linux","name":"PC kompatibilita k Linuxu - milchyn.cz","isPartOf":{"@id":"https:\/\/milchyn.cz\/#website"},"primaryImageOfPage":{"@id":"https:\/\/milchyn.cz\/pc-linux#primaryimage"},"image":{"@id":"https:\/\/milchyn.cz\/pc-linux#primaryimage"},"thumbnailUrl":"https:\/\/milchyn.cz\/wp-content\/uploads\/2021\/10\/HappyComp_150x150.png","datePublished":"2017-02-02T13:13:39+00:00","dateModified":"2026-03-08T15:22:51+00:00","breadcrumb":{"@id":"https:\/\/milchyn.cz\/pc-linux#breadcrumb"},"inLanguage":"cs","potentialAction":[{"@type":"ReadAction","target":["https:\/\/milchyn.cz\/pc-linux"]}]},{"@type":"ImageObject","inLanguage":"cs","@id":"https:\/\/milchyn.cz\/pc-linux#primaryimage","url":"https:\/\/milchyn.cz\/wp-content\/uploads\/2021\/10\/HappyComp_150x150.png","contentUrl":"https:\/\/milchyn.cz\/wp-content\/uploads\/2021\/10\/HappyComp_150x150.png","width":150,"height":150},{"@type":"BreadcrumbList","@id":"https:\/\/milchyn.cz\/pc-linux#breadcrumb","itemListElement":[{"@type":"ListItem","position":1,"name":"Dom\u016f","item":"https:\/\/milchyn.cz\/"},{"@type":"ListItem","position":2,"name":"Linux","item":"https:\/\/milchyn.cz\/pocitac-s-linuxem"},{"@type":"ListItem","position":3,"name":"Po\u010d\u00edta\u010d s Xubuntu","item":"https:\/\/milchyn.cz\/pocitac-s-linuxem\/pocitac-s-xubuntu"},{"@type":"ListItem","position":4,"name":"PC kompatibilita k Linuxu"}]},{"@type":"WebSite","@id":"https:\/\/milchyn.cz\/#website","url":"https:\/\/milchyn.cz\/","name":"milchyn.cz","description":"","potentialAction":[{"@type":"SearchAction","target":{"@type":"EntryPoint","urlTemplate":"https:\/\/milchyn.cz\/?s={search_term_string}"},"query-input":{"@type":"PropertyValueSpecification","valueRequired":true,"valueName":"search_term_string"}}],"inLanguage":"cs"}]}},"_links":{"self":[{"href":"https:\/\/milchyn.cz\/index.php?rest_route=\/wp\/v2\/pages\/635","targetHints":{"allow":["GET"]}}],"collection":[{"href":"https:\/\/milchyn.cz\/index.php?rest_route=\/wp\/v2\/pages"}],"about":[{"href":"https:\/\/milchyn.cz\/index.php?rest_route=\/wp\/v2\/types\/page"}],"author":[{"embeddable":true,"href":"https:\/\/milchyn.cz\/index.php?rest_route=\/wp\/v2\/users\/1"}],"replies":[{"embeddable":true,"href":"https:\/\/milchyn.cz\/index.php?rest_route=%2Fwp%2Fv2%2Fcomments&post=635"}],"version-history":[{"count":0,"href":"https:\/\/milchyn.cz\/index.php?rest_route=\/wp\/v2\/pages\/635\/revisions"}],"up":[{"embeddable":true,"href":"https:\/\/milchyn.cz\/index.php?rest_route=\/wp\/v2\/pages\/9730"}],"wp:attachment":[{"href":"https:\/\/milchyn.cz\/index.php?rest_route=%2Fwp%2Fv2%2Fmedia&parent=635"}],"curies":[{"name":"wp","href":"https:\/\/api.w.org\/{rel}","templated":true}]}}