{"id":6311,"date":"2021-11-06T10:27:55","date_gmt":"2021-11-06T09:27:55","guid":{"rendered":"https:\/\/milchyn.cz\/?page_id=6311"},"modified":"2021-11-06T10:27:55","modified_gmt":"2021-11-06T09:27:55","slug":"linux-zabezpeceni","status":"publish","type":"page","link":"https:\/\/milchyn.cz\/linux-zabezpeceni","title":{"rendered":"Zabezpe\u010den\u00ed \ud83d\udd10"},"content":{"rendered":"<h5>\n<!-- Page-list plugin v.5.9 wordpress.org\/plugins\/page-list\/ -->\n<ul class=\"page-list \">\n<li class=\"page_item page-item-8058\"><a href=\"https:\/\/milchyn.cz\/antiviry\">Antiviry<\/a><\/li>\n<li class=\"page_item page-item-5256\"><a href=\"https:\/\/milchyn.cz\/encfs-sifrovane-adresare\">encfs &#8211; \u0161ifrovan\u00e9 soubory a adres\u00e1\u0159e<\/a><\/li>\n<li class=\"page_item page-item-6945\"><a href=\"https:\/\/milchyn.cz\/firewall-iptables\">FireWall IPTABLES<\/a><\/li>\n<li class=\"page_item page-item-7131\"><a href=\"https:\/\/milchyn.cz\/sifrovane-spojeni-ssh\">\u0160ifrovan\u00e9 spojen\u00ed &#8211; ssh<\/a><\/li>\n\n<\/ul><\/h5>\n","protected":false},"excerpt":{"rendered":"","protected":false},"author":1,"featured_media":0,"parent":9730,"menu_order":-20,"comment_status":"closed","ping_status":"closed","template":"","meta":{"footnotes":""},"class_list":["post-6311","page","type-page","status-publish","hentry"],"yoast_head":"<!-- This site is optimized with the Yoast SEO plugin v26.1.1 - https:\/\/yoast.com\/wordpress\/plugins\/seo\/ -->\n<title>Zabezpe\u010den\u00ed \ud83d\udd10 - milchyn.cz<\/title>\n<meta name=\"robots\" content=\"index, follow, max-snippet:-1, max-image-preview:large, max-video-preview:-1\" \/>\n<link rel=\"canonical\" href=\"https:\/\/milchyn.cz\/linux-zabezpeceni\" \/>\n<meta property=\"og:locale\" content=\"cs_CZ\" \/>\n<meta property=\"og:type\" content=\"article\" \/>\n<meta property=\"og:title\" content=\"Zabezpe\u010den\u00ed \ud83d\udd10 - milchyn.cz\" \/>\n<meta property=\"og:url\" content=\"https:\/\/milchyn.cz\/linux-zabezpeceni\" \/>\n<meta property=\"og:site_name\" content=\"milchyn.cz\" \/>\n<meta name=\"twitter:card\" content=\"summary_large_image\" \/>\n<meta name=\"twitter:label1\" content=\"Odhadovan\u00e1 doba \u010dten\u00ed\" \/>\n\t<meta name=\"twitter:data1\" content=\"1 minuta\" \/>\n<script type=\"application\/ld+json\" class=\"yoast-schema-graph\">{\"@context\":\"https:\/\/schema.org\",\"@graph\":[{\"@type\":\"WebPage\",\"@id\":\"https:\/\/milchyn.cz\/linux-zabezpeceni\",\"url\":\"https:\/\/milchyn.cz\/linux-zabezpeceni\",\"name\":\"Zabezpe\u010den\u00ed \ud83d\udd10 - milchyn.cz\",\"isPartOf\":{\"@id\":\"https:\/\/milchyn.cz\/#website\"},\"datePublished\":\"2021-11-06T09:27:55+00:00\",\"breadcrumb\":{\"@id\":\"https:\/\/milchyn.cz\/linux-zabezpeceni#breadcrumb\"},\"inLanguage\":\"cs\",\"potentialAction\":[{\"@type\":\"ReadAction\",\"target\":[\"https:\/\/milchyn.cz\/linux-zabezpeceni\"]}]},{\"@type\":\"BreadcrumbList\",\"@id\":\"https:\/\/milchyn.cz\/linux-zabezpeceni#breadcrumb\",\"itemListElement\":[{\"@type\":\"ListItem\",\"position\":1,\"name\":\"Dom\u016f\",\"item\":\"https:\/\/milchyn.cz\/\"},{\"@type\":\"ListItem\",\"position\":2,\"name\":\"Linux\",\"item\":\"https:\/\/milchyn.cz\/pocitac-s-linuxem\"},{\"@type\":\"ListItem\",\"position\":3,\"name\":\"Po\u010d\u00edta\u010d s Xubuntu\",\"item\":\"https:\/\/milchyn.cz\/pocitac-s-linuxem\/pocitac-s-xubuntu\"},{\"@type\":\"ListItem\",\"position\":4,\"name\":\"Zabezpe\u010den\u00ed \ud83d\udd10\"}]},{\"@type\":\"WebSite\",\"@id\":\"https:\/\/milchyn.cz\/#website\",\"url\":\"https:\/\/milchyn.cz\/\",\"name\":\"milchyn.cz\",\"description\":\"\",\"potentialAction\":[{\"@type\":\"SearchAction\",\"target\":{\"@type\":\"EntryPoint\",\"urlTemplate\":\"https:\/\/milchyn.cz\/?s={search_term_string}\"},\"query-input\":{\"@type\":\"PropertyValueSpecification\",\"valueRequired\":true,\"valueName\":\"search_term_string\"}}],\"inLanguage\":\"cs\"}]}<\/script>\n<!-- \/ Yoast SEO plugin. -->","yoast_head_json":{"title":"Zabezpe\u010den\u00ed \ud83d\udd10 - milchyn.cz","robots":{"index":"index","follow":"follow","max-snippet":"max-snippet:-1","max-image-preview":"max-image-preview:large","max-video-preview":"max-video-preview:-1"},"canonical":"https:\/\/milchyn.cz\/linux-zabezpeceni","og_locale":"cs_CZ","og_type":"article","og_title":"Zabezpe\u010den\u00ed \ud83d\udd10 - milchyn.cz","og_url":"https:\/\/milchyn.cz\/linux-zabezpeceni","og_site_name":"milchyn.cz","twitter_card":"summary_large_image","twitter_misc":{"Odhadovan\u00e1 doba \u010dten\u00ed":"1 minuta"},"schema":{"@context":"https:\/\/schema.org","@graph":[{"@type":"WebPage","@id":"https:\/\/milchyn.cz\/linux-zabezpeceni","url":"https:\/\/milchyn.cz\/linux-zabezpeceni","name":"Zabezpe\u010den\u00ed \ud83d\udd10 - milchyn.cz","isPartOf":{"@id":"https:\/\/milchyn.cz\/#website"},"datePublished":"2021-11-06T09:27:55+00:00","breadcrumb":{"@id":"https:\/\/milchyn.cz\/linux-zabezpeceni#breadcrumb"},"inLanguage":"cs","potentialAction":[{"@type":"ReadAction","target":["https:\/\/milchyn.cz\/linux-zabezpeceni"]}]},{"@type":"BreadcrumbList","@id":"https:\/\/milchyn.cz\/linux-zabezpeceni#breadcrumb","itemListElement":[{"@type":"ListItem","position":1,"name":"Dom\u016f","item":"https:\/\/milchyn.cz\/"},{"@type":"ListItem","position":2,"name":"Linux","item":"https:\/\/milchyn.cz\/pocitac-s-linuxem"},{"@type":"ListItem","position":3,"name":"Po\u010d\u00edta\u010d s Xubuntu","item":"https:\/\/milchyn.cz\/pocitac-s-linuxem\/pocitac-s-xubuntu"},{"@type":"ListItem","position":4,"name":"Zabezpe\u010den\u00ed \ud83d\udd10"}]},{"@type":"WebSite","@id":"https:\/\/milchyn.cz\/#website","url":"https:\/\/milchyn.cz\/","name":"milchyn.cz","description":"","potentialAction":[{"@type":"SearchAction","target":{"@type":"EntryPoint","urlTemplate":"https:\/\/milchyn.cz\/?s={search_term_string}"},"query-input":{"@type":"PropertyValueSpecification","valueRequired":true,"valueName":"search_term_string"}}],"inLanguage":"cs"}]}},"_links":{"self":[{"href":"https:\/\/milchyn.cz\/index.php?rest_route=\/wp\/v2\/pages\/6311","targetHints":{"allow":["GET"]}}],"collection":[{"href":"https:\/\/milchyn.cz\/index.php?rest_route=\/wp\/v2\/pages"}],"about":[{"href":"https:\/\/milchyn.cz\/index.php?rest_route=\/wp\/v2\/types\/page"}],"author":[{"embeddable":true,"href":"https:\/\/milchyn.cz\/index.php?rest_route=\/wp\/v2\/users\/1"}],"replies":[{"embeddable":true,"href":"https:\/\/milchyn.cz\/index.php?rest_route=%2Fwp%2Fv2%2Fcomments&post=6311"}],"version-history":[{"count":0,"href":"https:\/\/milchyn.cz\/index.php?rest_route=\/wp\/v2\/pages\/6311\/revisions"}],"up":[{"embeddable":true,"href":"https:\/\/milchyn.cz\/index.php?rest_route=\/wp\/v2\/pages\/9730"}],"wp:attachment":[{"href":"https:\/\/milchyn.cz\/index.php?rest_route=%2Fwp%2Fv2%2Fmedia&parent=6311"}],"curies":[{"name":"wp","href":"https:\/\/api.w.org\/{rel}","templated":true}]}}