{"id":5450,"date":"2021-09-22T07:37:16","date_gmt":"2021-09-22T05:37:16","guid":{"rendered":"https:\/\/milchyn.cz\/?page_id=5450"},"modified":"2021-09-22T07:37:16","modified_gmt":"2021-09-22T05:37:16","slug":"indikace-audiosignalu-jednou-rgb-led-diodou","status":"publish","type":"page","link":"https:\/\/milchyn.cz\/indikace-audiosignalu-jednou-rgb-led-diodou","title":{"rendered":"Indikace audiosign\u00e1lu jednou RGB Led diodou"},"content":{"rendered":"<div style=\"float: right; width: 10%;\"><img decoding=\"async\" class=\"alignnone size-medium\" style=\"width: 10vw; box-shadow: 1px 1px 0.5vw; rotate: 10deg;\" src=\"http:\/\/milchyn.cz\/ZDROJE\/EL\/AUDIO_RGB_LED_INDIKATOR\/audio-rgb-led.gif\" \/><\/div>\n<div style=\"text-indent: 0.5vw; text-align: justify; float: left; width: 86%;\">\n<p>U koncov\u00e9ho audio zesilova\u010de, kter\u00fd m\u00e1 pouze jednu jednobarevnou Led diodu indikuj\u00edc\u00ed zapnut\u00ed, lze p\u0159idat jednoduch\u00fd indik\u00e1tor \u00farovn\u011b audiosign\u00e1lu i bez pot\u0159eby vrt\u00e1n\u00ed do p\u0159edn\u00edho panelu. A to nahrazen\u00edm jednobarevn\u00e9 Led diody v\u00edcebarevnou RGB se zapojen\u00edm viz. schema&#8230; \ud83d\ude42<\/p>\n<\/div>\n<div style=\"text-indent: 0.5vw; text-align: justify; float: left; width: 86%;\">\n<p>Princip indikace je p\u0159echod od modr\u00e9 barvy indikuj\u00edc\u00ed i stav zapnut\u00ed, p\u0159es zelenou a\u017e do \u010derven\u00e9 v z\u00e1vislosti na dynamice audiosign\u00e1lu.<\/p>\n<\/div>\n<div style=\"text-indent: 0.5vw; text-align: justify; float: left; width: 86%;\">P\u0159i p\u0159ipojen\u00ed na reproduktorov\u00fd v\u00fdstup si d\u00e1t pozor vz\u00e1jemn\u00e9 GND, \u017ee nejde o m\u016fstkov\u00fd zesilova\u010d, aby se GND vstupn\u00edho audiosign\u00e1lu nep\u0159ipojilo na negovan\u00fd v\u00fdstup m\u016fstkov\u00e9ho zesilova\u010de <em>(aby nedo\u0161lo ke zkratu)<\/em>.<\/div>\n<p><img decoding=\"async\" class=\"wp-image-5000 aligncenter\" style=\"width: 60vw; padding-top: 4vw;\" src=\"http:\/\/milchyn.cz\/ZDROJE\/EL\/AUDIO_RGB_LED_INDIKATOR\/AUDIO_RGB_LED_INDIKATOR.png\" alt=\"\" \/><\/p>\n","protected":false},"excerpt":{"rendered":"<p>U koncov\u00e9ho audio zesilova\u010de, kter\u00fd m\u00e1 pouze jednu jednobarevnou Led diodu indikuj\u00edc\u00ed zapnut\u00ed, lze p\u0159idat jednoduch\u00fd indik\u00e1tor \u00farovn\u011b audiosign\u00e1lu i bez pot\u0159eby vrt\u00e1n\u00ed do p\u0159edn\u00edho panelu. A to nahrazen\u00edm jednobarevn\u00e9 Led diody v\u00edcebarevnou RGB se zapojen\u00edm viz. schema&#8230; \ud83d\ude42 Princip indikace je p\u0159echod od modr\u00e9 barvy indikuj\u00edc\u00ed i stav zapnut\u00ed, p\u0159es zelenou a\u017e do \u010derven\u00e9 [&hellip;]<\/p>\n","protected":false},"author":1,"featured_media":0,"parent":5930,"menu_order":0,"comment_status":"closed","ping_status":"closed","template":"","meta":{"footnotes":""},"class_list":["post-5450","page","type-page","status-publish","hentry"],"yoast_head":"<!-- This site is optimized with the Yoast SEO plugin v26.1.1 - https:\/\/yoast.com\/wordpress\/plugins\/seo\/ -->\n<title>Indikace audiosign\u00e1lu jednou RGB Led diodou - milchyn.cz<\/title>\n<meta name=\"robots\" content=\"index, follow, max-snippet:-1, max-image-preview:large, max-video-preview:-1\" \/>\n<link rel=\"canonical\" href=\"https:\/\/milchyn.cz\/indikace-audiosignalu-jednou-rgb-led-diodou\" \/>\n<meta property=\"og:locale\" content=\"cs_CZ\" \/>\n<meta property=\"og:type\" content=\"article\" \/>\n<meta property=\"og:title\" content=\"Indikace audiosign\u00e1lu jednou RGB Led diodou - milchyn.cz\" \/>\n<meta property=\"og:description\" content=\"U koncov\u00e9ho audio zesilova\u010de, kter\u00fd m\u00e1 pouze jednu jednobarevnou Led diodu indikuj\u00edc\u00ed zapnut\u00ed, lze p\u0159idat jednoduch\u00fd indik\u00e1tor \u00farovn\u011b audiosign\u00e1lu i bez pot\u0159eby vrt\u00e1n\u00ed do p\u0159edn\u00edho panelu. A to nahrazen\u00edm jednobarevn\u00e9 Led diody v\u00edcebarevnou RGB se zapojen\u00edm viz. schema&#8230; \ud83d\ude42 Princip indikace je p\u0159echod od modr\u00e9 barvy indikuj\u00edc\u00ed i stav zapnut\u00ed, p\u0159es zelenou a\u017e do \u010derven\u00e9 [&hellip;]\" \/>\n<meta property=\"og:url\" content=\"https:\/\/milchyn.cz\/indikace-audiosignalu-jednou-rgb-led-diodou\" \/>\n<meta property=\"og:site_name\" content=\"milchyn.cz\" \/>\n<meta property=\"og:image\" content=\"http:\/\/milchyn.cz\/ZDROJE\/EL\/AUDIO_RGB_LED_INDIKATOR\/audio-rgb-led.gif\" \/>\n<meta name=\"twitter:card\" content=\"summary_large_image\" \/>\n<meta name=\"twitter:label1\" content=\"Odhadovan\u00e1 doba \u010dten\u00ed\" \/>\n\t<meta name=\"twitter:data1\" content=\"1 minuta\" \/>\n<script type=\"application\/ld+json\" class=\"yoast-schema-graph\">{\"@context\":\"https:\/\/schema.org\",\"@graph\":[{\"@type\":\"WebPage\",\"@id\":\"https:\/\/milchyn.cz\/indikace-audiosignalu-jednou-rgb-led-diodou\",\"url\":\"https:\/\/milchyn.cz\/indikace-audiosignalu-jednou-rgb-led-diodou\",\"name\":\"Indikace audiosign\u00e1lu jednou RGB Led diodou - milchyn.cz\",\"isPartOf\":{\"@id\":\"https:\/\/milchyn.cz\/#website\"},\"primaryImageOfPage\":{\"@id\":\"https:\/\/milchyn.cz\/indikace-audiosignalu-jednou-rgb-led-diodou#primaryimage\"},\"image\":{\"@id\":\"https:\/\/milchyn.cz\/indikace-audiosignalu-jednou-rgb-led-diodou#primaryimage\"},\"thumbnailUrl\":\"http:\/\/milchyn.cz\/ZDROJE\/EL\/AUDIO_RGB_LED_INDIKATOR\/audio-rgb-led.gif\",\"datePublished\":\"2021-09-22T05:37:16+00:00\",\"breadcrumb\":{\"@id\":\"https:\/\/milchyn.cz\/indikace-audiosignalu-jednou-rgb-led-diodou#breadcrumb\"},\"inLanguage\":\"cs\",\"potentialAction\":[{\"@type\":\"ReadAction\",\"target\":[\"https:\/\/milchyn.cz\/indikace-audiosignalu-jednou-rgb-led-diodou\"]}]},{\"@type\":\"ImageObject\",\"inLanguage\":\"cs\",\"@id\":\"https:\/\/milchyn.cz\/indikace-audiosignalu-jednou-rgb-led-diodou#primaryimage\",\"url\":\"http:\/\/milchyn.cz\/ZDROJE\/EL\/AUDIO_RGB_LED_INDIKATOR\/audio-rgb-led.gif\",\"contentUrl\":\"http:\/\/milchyn.cz\/ZDROJE\/EL\/AUDIO_RGB_LED_INDIKATOR\/audio-rgb-led.gif\"},{\"@type\":\"BreadcrumbList\",\"@id\":\"https:\/\/milchyn.cz\/indikace-audiosignalu-jednou-rgb-led-diodou#breadcrumb\",\"itemListElement\":[{\"@type\":\"ListItem\",\"position\":1,\"name\":\"Dom\u016f\",\"item\":\"https:\/\/milchyn.cz\/\"},{\"@type\":\"ListItem\",\"position\":2,\"name\":\"Elektronika\",\"item\":\"https:\/\/milchyn.cz\/elektronika\"},{\"@type\":\"ListItem\",\"position\":3,\"name\":\"El. sch\u00e9mata\",\"item\":\"https:\/\/milchyn.cz\/el-schemata\"},{\"@type\":\"ListItem\",\"position\":4,\"name\":\"Indikace audiosign\u00e1lu jednou RGB Led diodou\"}]},{\"@type\":\"WebSite\",\"@id\":\"https:\/\/milchyn.cz\/#website\",\"url\":\"https:\/\/milchyn.cz\/\",\"name\":\"milchyn.cz\",\"description\":\"\",\"potentialAction\":[{\"@type\":\"SearchAction\",\"target\":{\"@type\":\"EntryPoint\",\"urlTemplate\":\"https:\/\/milchyn.cz\/?s={search_term_string}\"},\"query-input\":{\"@type\":\"PropertyValueSpecification\",\"valueRequired\":true,\"valueName\":\"search_term_string\"}}],\"inLanguage\":\"cs\"}]}<\/script>\n<!-- \/ Yoast SEO plugin. -->","yoast_head_json":{"title":"Indikace audiosign\u00e1lu jednou RGB Led diodou - milchyn.cz","robots":{"index":"index","follow":"follow","max-snippet":"max-snippet:-1","max-image-preview":"max-image-preview:large","max-video-preview":"max-video-preview:-1"},"canonical":"https:\/\/milchyn.cz\/indikace-audiosignalu-jednou-rgb-led-diodou","og_locale":"cs_CZ","og_type":"article","og_title":"Indikace audiosign\u00e1lu jednou RGB Led diodou - milchyn.cz","og_description":"U koncov\u00e9ho audio zesilova\u010de, kter\u00fd m\u00e1 pouze jednu jednobarevnou Led diodu indikuj\u00edc\u00ed zapnut\u00ed, lze p\u0159idat jednoduch\u00fd indik\u00e1tor \u00farovn\u011b audiosign\u00e1lu i bez pot\u0159eby vrt\u00e1n\u00ed do p\u0159edn\u00edho panelu. A to nahrazen\u00edm jednobarevn\u00e9 Led diody v\u00edcebarevnou RGB se zapojen\u00edm viz. schema&#8230; \ud83d\ude42 Princip indikace je p\u0159echod od modr\u00e9 barvy indikuj\u00edc\u00ed i stav zapnut\u00ed, p\u0159es zelenou a\u017e do \u010derven\u00e9 [&hellip;]","og_url":"https:\/\/milchyn.cz\/indikace-audiosignalu-jednou-rgb-led-diodou","og_site_name":"milchyn.cz","og_image":[{"url":"http:\/\/milchyn.cz\/ZDROJE\/EL\/AUDIO_RGB_LED_INDIKATOR\/audio-rgb-led.gif","type":"","width":"","height":""}],"twitter_card":"summary_large_image","twitter_misc":{"Odhadovan\u00e1 doba \u010dten\u00ed":"1 minuta"},"schema":{"@context":"https:\/\/schema.org","@graph":[{"@type":"WebPage","@id":"https:\/\/milchyn.cz\/indikace-audiosignalu-jednou-rgb-led-diodou","url":"https:\/\/milchyn.cz\/indikace-audiosignalu-jednou-rgb-led-diodou","name":"Indikace audiosign\u00e1lu jednou RGB Led diodou - milchyn.cz","isPartOf":{"@id":"https:\/\/milchyn.cz\/#website"},"primaryImageOfPage":{"@id":"https:\/\/milchyn.cz\/indikace-audiosignalu-jednou-rgb-led-diodou#primaryimage"},"image":{"@id":"https:\/\/milchyn.cz\/indikace-audiosignalu-jednou-rgb-led-diodou#primaryimage"},"thumbnailUrl":"http:\/\/milchyn.cz\/ZDROJE\/EL\/AUDIO_RGB_LED_INDIKATOR\/audio-rgb-led.gif","datePublished":"2021-09-22T05:37:16+00:00","breadcrumb":{"@id":"https:\/\/milchyn.cz\/indikace-audiosignalu-jednou-rgb-led-diodou#breadcrumb"},"inLanguage":"cs","potentialAction":[{"@type":"ReadAction","target":["https:\/\/milchyn.cz\/indikace-audiosignalu-jednou-rgb-led-diodou"]}]},{"@type":"ImageObject","inLanguage":"cs","@id":"https:\/\/milchyn.cz\/indikace-audiosignalu-jednou-rgb-led-diodou#primaryimage","url":"http:\/\/milchyn.cz\/ZDROJE\/EL\/AUDIO_RGB_LED_INDIKATOR\/audio-rgb-led.gif","contentUrl":"http:\/\/milchyn.cz\/ZDROJE\/EL\/AUDIO_RGB_LED_INDIKATOR\/audio-rgb-led.gif"},{"@type":"BreadcrumbList","@id":"https:\/\/milchyn.cz\/indikace-audiosignalu-jednou-rgb-led-diodou#breadcrumb","itemListElement":[{"@type":"ListItem","position":1,"name":"Dom\u016f","item":"https:\/\/milchyn.cz\/"},{"@type":"ListItem","position":2,"name":"Elektronika","item":"https:\/\/milchyn.cz\/elektronika"},{"@type":"ListItem","position":3,"name":"El. sch\u00e9mata","item":"https:\/\/milchyn.cz\/el-schemata"},{"@type":"ListItem","position":4,"name":"Indikace audiosign\u00e1lu jednou RGB Led diodou"}]},{"@type":"WebSite","@id":"https:\/\/milchyn.cz\/#website","url":"https:\/\/milchyn.cz\/","name":"milchyn.cz","description":"","potentialAction":[{"@type":"SearchAction","target":{"@type":"EntryPoint","urlTemplate":"https:\/\/milchyn.cz\/?s={search_term_string}"},"query-input":{"@type":"PropertyValueSpecification","valueRequired":true,"valueName":"search_term_string"}}],"inLanguage":"cs"}]}},"_links":{"self":[{"href":"https:\/\/milchyn.cz\/index.php?rest_route=\/wp\/v2\/pages\/5450","targetHints":{"allow":["GET"]}}],"collection":[{"href":"https:\/\/milchyn.cz\/index.php?rest_route=\/wp\/v2\/pages"}],"about":[{"href":"https:\/\/milchyn.cz\/index.php?rest_route=\/wp\/v2\/types\/page"}],"author":[{"embeddable":true,"href":"https:\/\/milchyn.cz\/index.php?rest_route=\/wp\/v2\/users\/1"}],"replies":[{"embeddable":true,"href":"https:\/\/milchyn.cz\/index.php?rest_route=%2Fwp%2Fv2%2Fcomments&post=5450"}],"version-history":[{"count":0,"href":"https:\/\/milchyn.cz\/index.php?rest_route=\/wp\/v2\/pages\/5450\/revisions"}],"up":[{"embeddable":true,"href":"https:\/\/milchyn.cz\/index.php?rest_route=\/wp\/v2\/pages\/5930"}],"wp:attachment":[{"href":"https:\/\/milchyn.cz\/index.php?rest_route=%2Fwp%2Fv2%2Fmedia&parent=5450"}],"curies":[{"name":"wp","href":"https:\/\/api.w.org\/{rel}","templated":true}]}}