{"id":5256,"date":"2020-08-30T12:34:12","date_gmt":"2020-08-30T10:34:12","guid":{"rendered":"https:\/\/milchyn.cz\/?page_id=5256"},"modified":"2020-08-30T12:34:12","modified_gmt":"2020-08-30T10:34:12","slug":"encfs-sifrovane-adresare","status":"publish","type":"page","link":"https:\/\/milchyn.cz\/encfs-sifrovane-adresare","title":{"rendered":"encfs &#8211; \u0161ifrovan\u00e9 soubory a adres\u00e1\u0159e"},"content":{"rendered":"<p>P\u0159\u00edklad sd\u00edlen\u00e9ho p\u0159ipojen\u00ed \u0161ifrovan\u00e9ho adres\u00e1\u0159e s mo\u017enost\u00ed non root u\u017eivatele.<\/p>\n<a id=\"instalace_encfs\"><\/a><div class=\"mch-acr\"><div class=\"mch-acr-title\" role=\"button\" tabindex=\"0\" aria-expanded=\"false\" aria-controls=\"mch-acr-content-6\">Instalace encfs<\/div><div id=\"mch-acr-content-6\" class=\"mch-acr-content\" hidden><\/p>\n<p>\ud83d\udcbb <code>sudo apt install encfs<\/code><\/p>\n<p><\/div><\/div>\n<a id=\"povolen\u00ed_sd\u00edlen\u00ed_\u0161ifrovan\u00e9ho_adres\u00e1\u0159e_s_mo\u017enost\u00ed_non_root_u\u017eivatele\"><\/a><div class=\"mch-acr\"><div class=\"mch-acr-title\" role=\"button\" tabindex=\"0\" aria-expanded=\"false\" aria-controls=\"mch-acr-content-7\">Povolen\u00ed sd\u00edlen\u00ed \u0161ifrovan\u00e9ho adres\u00e1\u0159e s mo\u017enost\u00ed non root u\u017eivatele<\/div><div id=\"mch-acr-content-7\" class=\"mch-acr-content\" hidden><\/p>\n<p>\ud83d\udcbb <code>sudo vi \/etc\/fuse.conf<\/code><\/p>\n<p>P\u0159idat:<br \/>\n<pre>user_allow_other<\/pre><br \/>\n<\/div><\/div>\n<a id=\"p\u0159ipojen\u00ed_sd\u00edlen\u011b_\u0161ifrovan\u00e9ho_adres\u00e1\u0159e\"><\/a><div class=\"mch-acr\"><div class=\"mch-acr-title\" role=\"button\" tabindex=\"0\" aria-expanded=\"false\" aria-controls=\"mch-acr-content-8\">P\u0159ipojen\u00ed sd\u00edlen\u011b \u0161ifrovan\u00e9ho adres\u00e1\u0159e<\/div><div id=\"mch-acr-content-8\" class=\"mch-acr-content\" hidden><\/p>\n<p style=\"padding-left: 40px\"><code class=&#8220;code-line&#8220; style=&#8220;display: inline; margin: 0px; border-style: none;&#8220;>\/tmp\/crypt<\/code>\u00a0 \u2b95 <code class=&#8220;code-line&#8220; style=&#8220;display: inline; margin: 0px; border-style: none;&#8220;>\/tmp\/encrypt<\/code><\/p>\n<p>\ud83d\udcbb <code>encfs -o allow_other \/tmp\/crypt \/tmp\/encrypt<\/code><\/p>\n<p><\/div><\/div>\n<a id=\"odpojen\u00ed_\u0161ifrovan\u00e9ho_adres\u00e1\u0159e\"><\/a><div class=\"mch-acr\"><div class=\"mch-acr-title\" role=\"button\" tabindex=\"0\" aria-expanded=\"false\" aria-controls=\"mch-acr-content-9\">Odpojen\u00ed \u0161ifrovan\u00e9ho adres\u00e1\u0159e<\/div><div id=\"mch-acr-content-9\" class=\"mch-acr-content\" hidden><\/p>\n<p>\ud83d\udcbb <code>fusermount -u \/tmp\/encrypt<\/code><\/p>\n<p><\/div><\/div>\n<a id=\"mo\u017enost_automatick\u00e9ho_p\u0159ipojov\u00e1n\u00ed_vybran\u00fdch_\u0161ifrovan\u00fdch_adres\u00e1\u0159\u016f\"><\/a><div class=\"mch-acr\"><div class=\"mch-acr-title\" role=\"button\" tabindex=\"0\" aria-expanded=\"false\" aria-controls=\"mch-acr-content-10\">Mo\u017enost automatick\u00e9ho p\u0159ipojov\u00e1n\u00ed vybran\u00fdch \u0161ifrovan\u00fdch adres\u00e1\u0159\u016f<\/div><div id=\"mch-acr-content-10\" class=\"mch-acr-content\" hidden><\/p>\n<p>\ud83d\udcbb <code>sudo add-apt-repository ppa:gencfsm\/ppa<\/code><\/p>\n<p>\ud83d\udcbb <code>sudo apt update<\/code><\/p>\n<p>\ud83d\udcbb <code>sudo apt install gnome-encfs-manager<\/code><\/p>\n<p><\/div><\/div>\n","protected":false},"excerpt":{"rendered":"<p>P\u0159\u00edklad sd\u00edlen\u00e9ho p\u0159ipojen\u00ed \u0161ifrovan\u00e9ho adres\u00e1\u0159e s mo\u017enost\u00ed non root u\u017eivatele.<\/p>\n","protected":false},"author":1,"featured_media":0,"parent":6311,"menu_order":888,"comment_status":"closed","ping_status":"closed","template":"","meta":{"footnotes":""},"class_list":["post-5256","page","type-page","status-publish","hentry"],"yoast_head":"<!-- This site is optimized with the Yoast SEO plugin v26.1.1 - https:\/\/yoast.com\/wordpress\/plugins\/seo\/ -->\n<title>encfs - \u0161ifrovan\u00e9 soubory a adres\u00e1\u0159e - milchyn.cz<\/title>\n<meta name=\"robots\" content=\"index, follow, max-snippet:-1, max-image-preview:large, max-video-preview:-1\" \/>\n<link rel=\"canonical\" href=\"https:\/\/milchyn.cz\/encfs-sifrovane-adresare\" \/>\n<meta property=\"og:locale\" content=\"cs_CZ\" \/>\n<meta property=\"og:type\" content=\"article\" \/>\n<meta property=\"og:title\" content=\"encfs - \u0161ifrovan\u00e9 soubory a adres\u00e1\u0159e - milchyn.cz\" \/>\n<meta property=\"og:description\" content=\"P\u0159\u00edklad sd\u00edlen\u00e9ho p\u0159ipojen\u00ed \u0161ifrovan\u00e9ho adres\u00e1\u0159e s mo\u017enost\u00ed non root u\u017eivatele.\" \/>\n<meta property=\"og:url\" content=\"https:\/\/milchyn.cz\/encfs-sifrovane-adresare\" \/>\n<meta property=\"og:site_name\" content=\"milchyn.cz\" \/>\n<meta name=\"twitter:card\" content=\"summary_large_image\" \/>\n<meta name=\"twitter:label1\" content=\"Odhadovan\u00e1 doba \u010dten\u00ed\" \/>\n\t<meta name=\"twitter:data1\" content=\"1 minuta\" \/>\n<script type=\"application\/ld+json\" class=\"yoast-schema-graph\">{\"@context\":\"https:\/\/schema.org\",\"@graph\":[{\"@type\":\"WebPage\",\"@id\":\"https:\/\/milchyn.cz\/encfs-sifrovane-adresare\",\"url\":\"https:\/\/milchyn.cz\/encfs-sifrovane-adresare\",\"name\":\"encfs - \u0161ifrovan\u00e9 soubory a adres\u00e1\u0159e - milchyn.cz\",\"isPartOf\":{\"@id\":\"https:\/\/milchyn.cz\/#website\"},\"datePublished\":\"2020-08-30T10:34:12+00:00\",\"breadcrumb\":{\"@id\":\"https:\/\/milchyn.cz\/encfs-sifrovane-adresare#breadcrumb\"},\"inLanguage\":\"cs\",\"potentialAction\":[{\"@type\":\"ReadAction\",\"target\":[\"https:\/\/milchyn.cz\/encfs-sifrovane-adresare\"]}]},{\"@type\":\"BreadcrumbList\",\"@id\":\"https:\/\/milchyn.cz\/encfs-sifrovane-adresare#breadcrumb\",\"itemListElement\":[{\"@type\":\"ListItem\",\"position\":1,\"name\":\"Dom\u016f\",\"item\":\"https:\/\/milchyn.cz\/\"},{\"@type\":\"ListItem\",\"position\":2,\"name\":\"Linux\",\"item\":\"https:\/\/milchyn.cz\/pocitac-s-linuxem\"},{\"@type\":\"ListItem\",\"position\":3,\"name\":\"Po\u010d\u00edta\u010d s Xubuntu\",\"item\":\"https:\/\/milchyn.cz\/pocitac-s-linuxem\/pocitac-s-xubuntu\"},{\"@type\":\"ListItem\",\"position\":4,\"name\":\"Zabezpe\u010den\u00ed \ud83d\udd10\",\"item\":\"https:\/\/milchyn.cz\/linux-zabezpeceni\"},{\"@type\":\"ListItem\",\"position\":5,\"name\":\"encfs &#8211; \u0161ifrovan\u00e9 soubory a adres\u00e1\u0159e\"}]},{\"@type\":\"WebSite\",\"@id\":\"https:\/\/milchyn.cz\/#website\",\"url\":\"https:\/\/milchyn.cz\/\",\"name\":\"milchyn.cz\",\"description\":\"\",\"potentialAction\":[{\"@type\":\"SearchAction\",\"target\":{\"@type\":\"EntryPoint\",\"urlTemplate\":\"https:\/\/milchyn.cz\/?s={search_term_string}\"},\"query-input\":{\"@type\":\"PropertyValueSpecification\",\"valueRequired\":true,\"valueName\":\"search_term_string\"}}],\"inLanguage\":\"cs\"}]}<\/script>\n<!-- \/ Yoast SEO plugin. -->","yoast_head_json":{"title":"encfs - \u0161ifrovan\u00e9 soubory a adres\u00e1\u0159e - milchyn.cz","robots":{"index":"index","follow":"follow","max-snippet":"max-snippet:-1","max-image-preview":"max-image-preview:large","max-video-preview":"max-video-preview:-1"},"canonical":"https:\/\/milchyn.cz\/encfs-sifrovane-adresare","og_locale":"cs_CZ","og_type":"article","og_title":"encfs - \u0161ifrovan\u00e9 soubory a adres\u00e1\u0159e - milchyn.cz","og_description":"P\u0159\u00edklad sd\u00edlen\u00e9ho p\u0159ipojen\u00ed \u0161ifrovan\u00e9ho adres\u00e1\u0159e s mo\u017enost\u00ed non root u\u017eivatele.","og_url":"https:\/\/milchyn.cz\/encfs-sifrovane-adresare","og_site_name":"milchyn.cz","twitter_card":"summary_large_image","twitter_misc":{"Odhadovan\u00e1 doba \u010dten\u00ed":"1 minuta"},"schema":{"@context":"https:\/\/schema.org","@graph":[{"@type":"WebPage","@id":"https:\/\/milchyn.cz\/encfs-sifrovane-adresare","url":"https:\/\/milchyn.cz\/encfs-sifrovane-adresare","name":"encfs - \u0161ifrovan\u00e9 soubory a adres\u00e1\u0159e - milchyn.cz","isPartOf":{"@id":"https:\/\/milchyn.cz\/#website"},"datePublished":"2020-08-30T10:34:12+00:00","breadcrumb":{"@id":"https:\/\/milchyn.cz\/encfs-sifrovane-adresare#breadcrumb"},"inLanguage":"cs","potentialAction":[{"@type":"ReadAction","target":["https:\/\/milchyn.cz\/encfs-sifrovane-adresare"]}]},{"@type":"BreadcrumbList","@id":"https:\/\/milchyn.cz\/encfs-sifrovane-adresare#breadcrumb","itemListElement":[{"@type":"ListItem","position":1,"name":"Dom\u016f","item":"https:\/\/milchyn.cz\/"},{"@type":"ListItem","position":2,"name":"Linux","item":"https:\/\/milchyn.cz\/pocitac-s-linuxem"},{"@type":"ListItem","position":3,"name":"Po\u010d\u00edta\u010d s Xubuntu","item":"https:\/\/milchyn.cz\/pocitac-s-linuxem\/pocitac-s-xubuntu"},{"@type":"ListItem","position":4,"name":"Zabezpe\u010den\u00ed \ud83d\udd10","item":"https:\/\/milchyn.cz\/linux-zabezpeceni"},{"@type":"ListItem","position":5,"name":"encfs &#8211; \u0161ifrovan\u00e9 soubory a adres\u00e1\u0159e"}]},{"@type":"WebSite","@id":"https:\/\/milchyn.cz\/#website","url":"https:\/\/milchyn.cz\/","name":"milchyn.cz","description":"","potentialAction":[{"@type":"SearchAction","target":{"@type":"EntryPoint","urlTemplate":"https:\/\/milchyn.cz\/?s={search_term_string}"},"query-input":{"@type":"PropertyValueSpecification","valueRequired":true,"valueName":"search_term_string"}}],"inLanguage":"cs"}]}},"_links":{"self":[{"href":"https:\/\/milchyn.cz\/index.php?rest_route=\/wp\/v2\/pages\/5256","targetHints":{"allow":["GET"]}}],"collection":[{"href":"https:\/\/milchyn.cz\/index.php?rest_route=\/wp\/v2\/pages"}],"about":[{"href":"https:\/\/milchyn.cz\/index.php?rest_route=\/wp\/v2\/types\/page"}],"author":[{"embeddable":true,"href":"https:\/\/milchyn.cz\/index.php?rest_route=\/wp\/v2\/users\/1"}],"replies":[{"embeddable":true,"href":"https:\/\/milchyn.cz\/index.php?rest_route=%2Fwp%2Fv2%2Fcomments&post=5256"}],"version-history":[{"count":0,"href":"https:\/\/milchyn.cz\/index.php?rest_route=\/wp\/v2\/pages\/5256\/revisions"}],"up":[{"embeddable":true,"href":"https:\/\/milchyn.cz\/index.php?rest_route=\/wp\/v2\/pages\/6311"}],"wp:attachment":[{"href":"https:\/\/milchyn.cz\/index.php?rest_route=%2Fwp%2Fv2%2Fmedia&parent=5256"}],"curies":[{"name":"wp","href":"https:\/\/api.w.org\/{rel}","templated":true}]}}