{"id":4906,"date":"2019-03-30T12:42:43","date_gmt":"2019-03-30T11:42:43","guid":{"rendered":"http:\/\/milchyn.cz\/?page_id=4906"},"modified":"2019-03-30T12:42:43","modified_gmt":"2019-03-30T11:42:43","slug":"net-tools-sitove-nastroje","status":"publish","type":"page","link":"https:\/\/milchyn.cz\/net-tools-sitove-nastroje","title":{"rendered":"net-tools \u2013 s\u00ed\u0165ov\u00e9 n\u00e1stroje"},"content":{"rendered":"<p>Jde o n\u00e1stroje pro anal\u00fdzu a konfiguraci s\u00edt\u011b.<\/p>\n<a id=\"instalace\"><\/a><div class=\"mch-acr\"><div class=\"mch-acr-title\" role=\"button\" tabindex=\"0\" aria-expanded=\"false\" aria-controls=\"mch-acr-content-4\">Instalace<\/div><div id=\"mch-acr-content-4\" class=\"mch-acr-content\" hidden><\/p>\n<p>\ud83d\udcbb <code>sudo apt install net-tools<\/code><\/p>\n<p><\/div><\/div>\n<a id=\"v\u00fdpis_s\u00ed\u0165ov\u00e9ho_rozhran\u00ed\"><\/a><div class=\"mch-acr\"><div class=\"mch-acr-title\" role=\"button\" tabindex=\"0\" aria-expanded=\"false\" aria-controls=\"mch-acr-content-5\">V\u00fdpis s\u00ed\u0165ov\u00e9ho rozhran\u00ed<\/div><div id=\"mch-acr-content-5\" class=\"mch-acr-content\" hidden><\/p>\n<p>\ud83d\udcbb <code>ifconfig<\/code><\/p>\n<p><\/div><\/div>\n<a id=\"v\u00fdpis_otev\u0159en\u00fdch_port\u016f\"><\/a><div class=\"mch-acr\"><div class=\"mch-acr-title\" role=\"button\" tabindex=\"0\" aria-expanded=\"false\" aria-controls=\"mch-acr-content-6\">V\u00fdpis otev\u0159en\u00fdch port\u016f<\/div><div id=\"mch-acr-content-6\" class=\"mch-acr-content\" hidden><\/p>\n<p>\ud83d\udcbb <code>sudo netstat -twnplua<\/code><\/p>\n<p><\/div><\/div>\n","protected":false},"excerpt":{"rendered":"<p>Jde o n\u00e1stroje pro anal\u00fdzu a konfiguraci s\u00edt\u011b.<\/p>\n","protected":false},"author":1,"featured_media":0,"parent":9021,"menu_order":0,"comment_status":"closed","ping_status":"closed","template":"","meta":{"footnotes":""},"class_list":["post-4906","page","type-page","status-publish","hentry"],"yoast_head":"<!-- This site is optimized with the Yoast SEO plugin v26.1.1 - https:\/\/yoast.com\/wordpress\/plugins\/seo\/ -->\n<title>net-tools \u2013 s\u00ed\u0165ov\u00e9 n\u00e1stroje - milchyn.cz<\/title>\n<meta name=\"robots\" content=\"index, follow, max-snippet:-1, max-image-preview:large, max-video-preview:-1\" \/>\n<link rel=\"canonical\" href=\"https:\/\/milchyn.cz\/net-tools-sitove-nastroje\" \/>\n<meta property=\"og:locale\" content=\"cs_CZ\" \/>\n<meta property=\"og:type\" content=\"article\" \/>\n<meta property=\"og:title\" content=\"net-tools \u2013 s\u00ed\u0165ov\u00e9 n\u00e1stroje - milchyn.cz\" \/>\n<meta property=\"og:description\" content=\"Jde o n\u00e1stroje pro anal\u00fdzu a konfiguraci s\u00edt\u011b.\" \/>\n<meta property=\"og:url\" content=\"https:\/\/milchyn.cz\/net-tools-sitove-nastroje\" \/>\n<meta property=\"og:site_name\" content=\"milchyn.cz\" \/>\n<meta name=\"twitter:card\" content=\"summary_large_image\" \/>\n<meta name=\"twitter:label1\" content=\"Odhadovan\u00e1 doba \u010dten\u00ed\" \/>\n\t<meta name=\"twitter:data1\" content=\"1 minuta\" \/>\n<script type=\"application\/ld+json\" class=\"yoast-schema-graph\">{\"@context\":\"https:\/\/schema.org\",\"@graph\":[{\"@type\":\"WebPage\",\"@id\":\"https:\/\/milchyn.cz\/net-tools-sitove-nastroje\",\"url\":\"https:\/\/milchyn.cz\/net-tools-sitove-nastroje\",\"name\":\"net-tools \u2013 s\u00ed\u0165ov\u00e9 n\u00e1stroje - milchyn.cz\",\"isPartOf\":{\"@id\":\"https:\/\/milchyn.cz\/#website\"},\"datePublished\":\"2019-03-30T11:42:43+00:00\",\"breadcrumb\":{\"@id\":\"https:\/\/milchyn.cz\/net-tools-sitove-nastroje#breadcrumb\"},\"inLanguage\":\"cs\",\"potentialAction\":[{\"@type\":\"ReadAction\",\"target\":[\"https:\/\/milchyn.cz\/net-tools-sitove-nastroje\"]}]},{\"@type\":\"BreadcrumbList\",\"@id\":\"https:\/\/milchyn.cz\/net-tools-sitove-nastroje#breadcrumb\",\"itemListElement\":[{\"@type\":\"ListItem\",\"position\":1,\"name\":\"Dom\u016f\",\"item\":\"https:\/\/milchyn.cz\/\"},{\"@type\":\"ListItem\",\"position\":2,\"name\":\"Linux\",\"item\":\"https:\/\/milchyn.cz\/pocitac-s-linuxem\"},{\"@type\":\"ListItem\",\"position\":3,\"name\":\"Po\u010d\u00edta\u010d s Xubuntu\",\"item\":\"https:\/\/milchyn.cz\/pocitac-s-linuxem\/pocitac-s-xubuntu\"},{\"@type\":\"ListItem\",\"position\":4,\"name\":\"Aplikace &#8211; Syst\u00e9m \ud83d\udee0\ufe0f\",\"item\":\"https:\/\/milchyn.cz\/aplikace-system\"},{\"@type\":\"ListItem\",\"position\":5,\"name\":\"net-tools \u2013 s\u00ed\u0165ov\u00e9 n\u00e1stroje\"}]},{\"@type\":\"WebSite\",\"@id\":\"https:\/\/milchyn.cz\/#website\",\"url\":\"https:\/\/milchyn.cz\/\",\"name\":\"milchyn.cz\",\"description\":\"\",\"potentialAction\":[{\"@type\":\"SearchAction\",\"target\":{\"@type\":\"EntryPoint\",\"urlTemplate\":\"https:\/\/milchyn.cz\/?s={search_term_string}\"},\"query-input\":{\"@type\":\"PropertyValueSpecification\",\"valueRequired\":true,\"valueName\":\"search_term_string\"}}],\"inLanguage\":\"cs\"}]}<\/script>\n<!-- \/ Yoast SEO plugin. -->","yoast_head_json":{"title":"net-tools \u2013 s\u00ed\u0165ov\u00e9 n\u00e1stroje - milchyn.cz","robots":{"index":"index","follow":"follow","max-snippet":"max-snippet:-1","max-image-preview":"max-image-preview:large","max-video-preview":"max-video-preview:-1"},"canonical":"https:\/\/milchyn.cz\/net-tools-sitove-nastroje","og_locale":"cs_CZ","og_type":"article","og_title":"net-tools \u2013 s\u00ed\u0165ov\u00e9 n\u00e1stroje - milchyn.cz","og_description":"Jde o n\u00e1stroje pro anal\u00fdzu a konfiguraci s\u00edt\u011b.","og_url":"https:\/\/milchyn.cz\/net-tools-sitove-nastroje","og_site_name":"milchyn.cz","twitter_card":"summary_large_image","twitter_misc":{"Odhadovan\u00e1 doba \u010dten\u00ed":"1 minuta"},"schema":{"@context":"https:\/\/schema.org","@graph":[{"@type":"WebPage","@id":"https:\/\/milchyn.cz\/net-tools-sitove-nastroje","url":"https:\/\/milchyn.cz\/net-tools-sitove-nastroje","name":"net-tools \u2013 s\u00ed\u0165ov\u00e9 n\u00e1stroje - milchyn.cz","isPartOf":{"@id":"https:\/\/milchyn.cz\/#website"},"datePublished":"2019-03-30T11:42:43+00:00","breadcrumb":{"@id":"https:\/\/milchyn.cz\/net-tools-sitove-nastroje#breadcrumb"},"inLanguage":"cs","potentialAction":[{"@type":"ReadAction","target":["https:\/\/milchyn.cz\/net-tools-sitove-nastroje"]}]},{"@type":"BreadcrumbList","@id":"https:\/\/milchyn.cz\/net-tools-sitove-nastroje#breadcrumb","itemListElement":[{"@type":"ListItem","position":1,"name":"Dom\u016f","item":"https:\/\/milchyn.cz\/"},{"@type":"ListItem","position":2,"name":"Linux","item":"https:\/\/milchyn.cz\/pocitac-s-linuxem"},{"@type":"ListItem","position":3,"name":"Po\u010d\u00edta\u010d s Xubuntu","item":"https:\/\/milchyn.cz\/pocitac-s-linuxem\/pocitac-s-xubuntu"},{"@type":"ListItem","position":4,"name":"Aplikace &#8211; Syst\u00e9m \ud83d\udee0\ufe0f","item":"https:\/\/milchyn.cz\/aplikace-system"},{"@type":"ListItem","position":5,"name":"net-tools \u2013 s\u00ed\u0165ov\u00e9 n\u00e1stroje"}]},{"@type":"WebSite","@id":"https:\/\/milchyn.cz\/#website","url":"https:\/\/milchyn.cz\/","name":"milchyn.cz","description":"","potentialAction":[{"@type":"SearchAction","target":{"@type":"EntryPoint","urlTemplate":"https:\/\/milchyn.cz\/?s={search_term_string}"},"query-input":{"@type":"PropertyValueSpecification","valueRequired":true,"valueName":"search_term_string"}}],"inLanguage":"cs"}]}},"_links":{"self":[{"href":"https:\/\/milchyn.cz\/index.php?rest_route=\/wp\/v2\/pages\/4906","targetHints":{"allow":["GET"]}}],"collection":[{"href":"https:\/\/milchyn.cz\/index.php?rest_route=\/wp\/v2\/pages"}],"about":[{"href":"https:\/\/milchyn.cz\/index.php?rest_route=\/wp\/v2\/types\/page"}],"author":[{"embeddable":true,"href":"https:\/\/milchyn.cz\/index.php?rest_route=\/wp\/v2\/users\/1"}],"replies":[{"embeddable":true,"href":"https:\/\/milchyn.cz\/index.php?rest_route=%2Fwp%2Fv2%2Fcomments&post=4906"}],"version-history":[{"count":0,"href":"https:\/\/milchyn.cz\/index.php?rest_route=\/wp\/v2\/pages\/4906\/revisions"}],"up":[{"embeddable":true,"href":"https:\/\/milchyn.cz\/index.php?rest_route=\/wp\/v2\/pages\/9021"}],"wp:attachment":[{"href":"https:\/\/milchyn.cz\/index.php?rest_route=%2Fwp%2Fv2%2Fmedia&parent=4906"}],"curies":[{"name":"wp","href":"https:\/\/api.w.org\/{rel}","templated":true}]}}