{"id":4855,"date":"2019-03-26T07:53:30","date_gmt":"2019-03-26T06:53:30","guid":{"rendered":"http:\/\/milchyn.cz\/?page_id=4855"},"modified":"2019-03-26T07:53:30","modified_gmt":"2019-03-26T06:53:30","slug":"dmidecode-vypis-informaci-z-biosu","status":"publish","type":"page","link":"https:\/\/milchyn.cz\/dmidecode-vypis-informaci-z-biosu","title":{"rendered":"dmidecode &#8211; v\u00fdpis informac\u00ed z BIOSu"},"content":{"rendered":"<p>Informace o hardware spojen\u00e9 se z\u00e1kladn\u00ed deskou.<\/p>\n<a id=\"instalace_dmidecode\"><\/a><div class=\"mch-acr\"><div class=\"mch-acr-title\" role=\"button\" tabindex=\"0\" aria-expanded=\"false\" aria-controls=\"mch-acr-content-6\">Instalace dmidecode<\/div><div id=\"mch-acr-content-6\" class=\"mch-acr-content\" hidden><\/p>\n<p>\ud83d\udcbb <code>sudo apt install dmidecode<\/code><\/p>\n<p><\/div><\/div>\n<a id=\"z\u00e1kladn\u00ed_deska_po\u010d\u00edta\u010d\"><\/a><div class=\"mch-acr\"><div class=\"mch-acr-title\" role=\"button\" tabindex=\"0\" aria-expanded=\"false\" aria-controls=\"mch-acr-content-7\">Z\u00e1kladn\u00ed deska + po\u010d\u00edta\u010d<\/div><div id=\"mch-acr-content-7\" class=\"mch-acr-content\" hidden><\/p>\n<h5>Sum\u00e1rn\u00ed info HW syst\u00e9mu<\/h5>\n<p>\ud83d\udcbb <code>sudo dmidecode -t system<\/code><\/p>\n<h5>UUID syst\u00e9mu<\/h5>\n<p>\ud83d\udcbb <code>sudo dmidecode -s system-uuid<\/code><\/p>\n<h5>Info o BIOSu z\u00e1kladn\u00ed desky<\/h5>\n<p>\ud83d\udcbb <code>sudo dmidecode -t bios<\/code><\/p>\n<h5>Verze BIOSu z\u00e1kladn\u00ed desky<\/h5>\n<p>\ud83d\udcbb <code>sudo dmidecode -s bios-version<\/code><\/p>\n<h5>Datum verze BIOSu z\u00e1kladn\u00ed desky<\/h5>\n<p>\ud83d\udcbb <code>sudo dmidecode -s bios-release-date<\/code><\/p>\n<h5>Info o po\u010d\u00edta\u010di<\/h5>\n<p>\ud83d\udcbb <code>sudo dmidecode -t chassis<\/code><\/p>\n<p>nebo<\/p>\n<p>\ud83d\udcbb <code>sudo dmidecode -t baseboard<\/code><\/p>\n<h5>V\u00fdrobce po\u010d\u00edta\u010de<\/h5>\n<p>\ud83d\udcbb <code>sudo dmidecode -s chassis-manufacturer<\/code><\/p>\n<h5>V\u00fdrobn\u00ed \u010d\u00edslo po\u010d\u00edta\u010de<\/h5>\n<p>\ud83d\udcbb <code>sudo dmidecode -s chassis-serial-number<\/code><\/p>\n<h5>Typ z\u00e1kladn\u00ed desky<\/h5>\n<p>\ud83d\udcbb <code>sudo dmidecode -s system-product-name<\/code><\/p>\n<h5>V\u00fdrobce z\u00e1kladn\u00ed desky<\/h5>\n<p>\ud83d\udcbb <code>sudo dmidecode -s system-manufacturer<\/code><\/p>\n<p><\/div><\/div>\n<a id=\"procesor\"><\/a><div class=\"mch-acr\"><div class=\"mch-acr-title\" role=\"button\" tabindex=\"0\" aria-expanded=\"false\" aria-controls=\"mch-acr-content-8\">Procesor<\/div><div id=\"mch-acr-content-8\" class=\"mch-acr-content\" hidden><\/p>\n<h5>Typ procesoru<\/h5>\n<p>\ud83d\udcbb <code>sudo dmidecode -s processor-version<\/code><\/p>\n<h5>Kmito\u010det procesoru<\/h5>\n<p>\ud83d\udcbb <code>sudo dmidecode -s processor-frequency<\/code><\/p>\n<h5>Info o procesoru<\/h5>\n<p>\ud83d\udcbb <code>sudo dmidecode -t processor<\/code><\/p>\n<h5>Info o CACHE procesoru<\/h5>\n<p>\ud83d\udcbb <code>sudo dmidecode -t cache<\/code><\/p>\n<p><\/div><\/div>\n<a id=\"pam\u011b\u0165\"><\/a><div class=\"mch-acr\"><div class=\"mch-acr-title\" role=\"button\" tabindex=\"0\" aria-expanded=\"false\" aria-controls=\"mch-acr-content-9\">Pam\u011b\u0165<\/div><div id=\"mch-acr-content-9\" class=\"mch-acr-content\" hidden><\/p>\n<h5>Info o pam\u011b\u0165ov\u00fdch slotech a pam\u011btech<\/h5>\n<p>\ud83d\udcbb <code>sudo dmidecode -t memory<\/code><\/p>\n<p><\/div><\/div>\n<a id=\"sloty_konektory\"><\/a><div class=\"mch-acr\"><div class=\"mch-acr-title\" role=\"button\" tabindex=\"0\" aria-expanded=\"false\" aria-controls=\"mch-acr-content-10\">Sloty + Konektory<\/div><div id=\"mch-acr-content-10\" class=\"mch-acr-content\" hidden><\/p>\n<h5>Info o PCI slotech<\/h5>\n<p>\ud83d\udcbb <code>sudo dmidecode -t slot<\/code><\/p>\n<h5>Info o konektorech<\/h5>\n<p>\ud83d\udcbb <code>sudo dmidecode -t connector<\/code><\/p>\n<p><\/div><\/div>\n<p>&nbsp;<\/p>\n","protected":false},"excerpt":{"rendered":"<p>Informace o hardware spojen\u00e9 se z\u00e1kladn\u00ed deskou. &nbsp;<\/p>\n","protected":false},"author":1,"featured_media":0,"parent":9021,"menu_order":0,"comment_status":"closed","ping_status":"closed","template":"","meta":{"footnotes":""},"class_list":["post-4855","page","type-page","status-publish","hentry"],"yoast_head":"<!-- This site is optimized with the Yoast SEO plugin v26.1.1 - https:\/\/yoast.com\/wordpress\/plugins\/seo\/ -->\n<title>dmidecode - v\u00fdpis informac\u00ed z BIOSu - milchyn.cz<\/title>\n<meta name=\"robots\" content=\"index, follow, max-snippet:-1, max-image-preview:large, max-video-preview:-1\" \/>\n<link rel=\"canonical\" href=\"https:\/\/milchyn.cz\/dmidecode-vypis-informaci-z-biosu\" \/>\n<meta property=\"og:locale\" content=\"cs_CZ\" \/>\n<meta property=\"og:type\" content=\"article\" \/>\n<meta property=\"og:title\" content=\"dmidecode - v\u00fdpis informac\u00ed z BIOSu - milchyn.cz\" \/>\n<meta property=\"og:description\" content=\"Informace o hardware spojen\u00e9 se z\u00e1kladn\u00ed deskou. &nbsp;\" \/>\n<meta property=\"og:url\" content=\"https:\/\/milchyn.cz\/dmidecode-vypis-informaci-z-biosu\" \/>\n<meta property=\"og:site_name\" content=\"milchyn.cz\" \/>\n<meta name=\"twitter:card\" content=\"summary_large_image\" \/>\n<meta name=\"twitter:label1\" content=\"Odhadovan\u00e1 doba \u010dten\u00ed\" \/>\n\t<meta name=\"twitter:data1\" content=\"1 minuta\" \/>\n<script type=\"application\/ld+json\" class=\"yoast-schema-graph\">{\"@context\":\"https:\/\/schema.org\",\"@graph\":[{\"@type\":\"WebPage\",\"@id\":\"https:\/\/milchyn.cz\/dmidecode-vypis-informaci-z-biosu\",\"url\":\"https:\/\/milchyn.cz\/dmidecode-vypis-informaci-z-biosu\",\"name\":\"dmidecode - v\u00fdpis informac\u00ed z BIOSu - milchyn.cz\",\"isPartOf\":{\"@id\":\"https:\/\/milchyn.cz\/#website\"},\"datePublished\":\"2019-03-26T06:53:30+00:00\",\"breadcrumb\":{\"@id\":\"https:\/\/milchyn.cz\/dmidecode-vypis-informaci-z-biosu#breadcrumb\"},\"inLanguage\":\"cs\",\"potentialAction\":[{\"@type\":\"ReadAction\",\"target\":[\"https:\/\/milchyn.cz\/dmidecode-vypis-informaci-z-biosu\"]}]},{\"@type\":\"BreadcrumbList\",\"@id\":\"https:\/\/milchyn.cz\/dmidecode-vypis-informaci-z-biosu#breadcrumb\",\"itemListElement\":[{\"@type\":\"ListItem\",\"position\":1,\"name\":\"Dom\u016f\",\"item\":\"https:\/\/milchyn.cz\/\"},{\"@type\":\"ListItem\",\"position\":2,\"name\":\"Linux\",\"item\":\"https:\/\/milchyn.cz\/pocitac-s-linuxem\"},{\"@type\":\"ListItem\",\"position\":3,\"name\":\"Po\u010d\u00edta\u010d s Xubuntu\",\"item\":\"https:\/\/milchyn.cz\/pocitac-s-linuxem\/pocitac-s-xubuntu\"},{\"@type\":\"ListItem\",\"position\":4,\"name\":\"Aplikace &#8211; Syst\u00e9m \ud83d\udee0\ufe0f\",\"item\":\"https:\/\/milchyn.cz\/aplikace-system\"},{\"@type\":\"ListItem\",\"position\":5,\"name\":\"dmidecode &#8211; v\u00fdpis informac\u00ed z BIOSu\"}]},{\"@type\":\"WebSite\",\"@id\":\"https:\/\/milchyn.cz\/#website\",\"url\":\"https:\/\/milchyn.cz\/\",\"name\":\"milchyn.cz\",\"description\":\"\",\"potentialAction\":[{\"@type\":\"SearchAction\",\"target\":{\"@type\":\"EntryPoint\",\"urlTemplate\":\"https:\/\/milchyn.cz\/?s={search_term_string}\"},\"query-input\":{\"@type\":\"PropertyValueSpecification\",\"valueRequired\":true,\"valueName\":\"search_term_string\"}}],\"inLanguage\":\"cs\"}]}<\/script>\n<!-- \/ Yoast SEO plugin. -->","yoast_head_json":{"title":"dmidecode - v\u00fdpis informac\u00ed z BIOSu - milchyn.cz","robots":{"index":"index","follow":"follow","max-snippet":"max-snippet:-1","max-image-preview":"max-image-preview:large","max-video-preview":"max-video-preview:-1"},"canonical":"https:\/\/milchyn.cz\/dmidecode-vypis-informaci-z-biosu","og_locale":"cs_CZ","og_type":"article","og_title":"dmidecode - v\u00fdpis informac\u00ed z BIOSu - milchyn.cz","og_description":"Informace o hardware spojen\u00e9 se z\u00e1kladn\u00ed deskou. &nbsp;","og_url":"https:\/\/milchyn.cz\/dmidecode-vypis-informaci-z-biosu","og_site_name":"milchyn.cz","twitter_card":"summary_large_image","twitter_misc":{"Odhadovan\u00e1 doba \u010dten\u00ed":"1 minuta"},"schema":{"@context":"https:\/\/schema.org","@graph":[{"@type":"WebPage","@id":"https:\/\/milchyn.cz\/dmidecode-vypis-informaci-z-biosu","url":"https:\/\/milchyn.cz\/dmidecode-vypis-informaci-z-biosu","name":"dmidecode - v\u00fdpis informac\u00ed z BIOSu - milchyn.cz","isPartOf":{"@id":"https:\/\/milchyn.cz\/#website"},"datePublished":"2019-03-26T06:53:30+00:00","breadcrumb":{"@id":"https:\/\/milchyn.cz\/dmidecode-vypis-informaci-z-biosu#breadcrumb"},"inLanguage":"cs","potentialAction":[{"@type":"ReadAction","target":["https:\/\/milchyn.cz\/dmidecode-vypis-informaci-z-biosu"]}]},{"@type":"BreadcrumbList","@id":"https:\/\/milchyn.cz\/dmidecode-vypis-informaci-z-biosu#breadcrumb","itemListElement":[{"@type":"ListItem","position":1,"name":"Dom\u016f","item":"https:\/\/milchyn.cz\/"},{"@type":"ListItem","position":2,"name":"Linux","item":"https:\/\/milchyn.cz\/pocitac-s-linuxem"},{"@type":"ListItem","position":3,"name":"Po\u010d\u00edta\u010d s Xubuntu","item":"https:\/\/milchyn.cz\/pocitac-s-linuxem\/pocitac-s-xubuntu"},{"@type":"ListItem","position":4,"name":"Aplikace &#8211; Syst\u00e9m \ud83d\udee0\ufe0f","item":"https:\/\/milchyn.cz\/aplikace-system"},{"@type":"ListItem","position":5,"name":"dmidecode &#8211; v\u00fdpis informac\u00ed z BIOSu"}]},{"@type":"WebSite","@id":"https:\/\/milchyn.cz\/#website","url":"https:\/\/milchyn.cz\/","name":"milchyn.cz","description":"","potentialAction":[{"@type":"SearchAction","target":{"@type":"EntryPoint","urlTemplate":"https:\/\/milchyn.cz\/?s={search_term_string}"},"query-input":{"@type":"PropertyValueSpecification","valueRequired":true,"valueName":"search_term_string"}}],"inLanguage":"cs"}]}},"_links":{"self":[{"href":"https:\/\/milchyn.cz\/index.php?rest_route=\/wp\/v2\/pages\/4855","targetHints":{"allow":["GET"]}}],"collection":[{"href":"https:\/\/milchyn.cz\/index.php?rest_route=\/wp\/v2\/pages"}],"about":[{"href":"https:\/\/milchyn.cz\/index.php?rest_route=\/wp\/v2\/types\/page"}],"author":[{"embeddable":true,"href":"https:\/\/milchyn.cz\/index.php?rest_route=\/wp\/v2\/users\/1"}],"replies":[{"embeddable":true,"href":"https:\/\/milchyn.cz\/index.php?rest_route=%2Fwp%2Fv2%2Fcomments&post=4855"}],"version-history":[{"count":0,"href":"https:\/\/milchyn.cz\/index.php?rest_route=\/wp\/v2\/pages\/4855\/revisions"}],"up":[{"embeddable":true,"href":"https:\/\/milchyn.cz\/index.php?rest_route=\/wp\/v2\/pages\/9021"}],"wp:attachment":[{"href":"https:\/\/milchyn.cz\/index.php?rest_route=%2Fwp%2Fv2%2Fmedia&parent=4855"}],"curies":[{"name":"wp","href":"https:\/\/api.w.org\/{rel}","templated":true}]}}