{"id":4589,"date":"2019-02-24T13:40:42","date_gmt":"2019-02-24T12:40:42","guid":{"rendered":"http:\/\/milchyn.cz\/?page_id=4589"},"modified":"2019-02-24T13:40:42","modified_gmt":"2019-02-24T12:40:42","slug":"tablet-waltop-priklady","status":"publish","type":"page","link":"https:\/\/milchyn.cz\/tablet-waltop-priklady","title":{"rendered":"Tablet WALTOP &#8211; nastaven\u00ed"},"content":{"rendered":"<p>P\u0159\u00edklad nastaven\u00ed grafick\u00e9ho tabletu <strong>WHK-C10 \/ G-Pen F509<\/strong>.<\/p>\n<a id=\"zji\u0161t\u011bn\u00ed_typu_za\u0159\u00edzen\u00ed\"><\/a><div class=\"mch-acr\"><div class=\"mch-acr-title\" role=\"button\" tabindex=\"0\" aria-expanded=\"false\" aria-controls=\"mch-acr-content-5\">Zji\u0161t\u011bn\u00ed typu za\u0159\u00edzen\u00ed<\/div><div id=\"mch-acr-content-5\" class=\"mch-acr-content\" hidden><\/p>\n<p>\ud83d\udcbb <code>xinput list<\/code><\/p>\n<p>v m\u00e9m p\u0159\u00edpad\u011b jde o typ s v\u00fdrazn\u00fdm p\u00edsmem, br\u00e1no i s mezerami u\u017e za <strong>\u21b3<\/strong><br \/>\n<pre>&lt;em&gt;\u00a0 \u21b3&nbsp;&nbsp;&nbsp;&nbsp;&nbsp;&nbsp;&nbsp;&nbsp;&nbsp;&nbsp;\u00a0\u00a0\u00a0\u00a0\u00a0\u00a0\u00a0 WALTOP\u00a0\u00a0\u00a0\u00a0\u00a0\u00a0\u00a0\u00a0\u00a0\u00a0\u00a0\u00a0&nbsp;&nbsp;&nbsp;&nbsp;&nbsp;&nbsp;&nbsp;&nbsp;&nbsp;&nbsp;&nbsp;&nbsp; Tablet\u00a0\u00a0\u00a0\u00a0&nbsp;&nbsp;&nbsp;&nbsp; stylus&nbsp;&nbsp;id=12 [slave pointer (2)]&lt;\/em&gt;<\/pre><br \/>\n<\/div><\/div>\n<a id=\"v\u00fdpis_vlastnost\u00ed_zji\u0161t\u011bn\u00e9ho_za\u0159\u00edzen\u00ed\"><\/a><div class=\"mch-acr\"><div class=\"mch-acr-title\" role=\"button\" tabindex=\"0\" aria-expanded=\"false\" aria-controls=\"mch-acr-content-6\">V\u00fdpis vlastnost\u00ed zji\u0161t\u011bn\u00e9ho za\u0159\u00edzen\u00ed<\/div><div id=\"mch-acr-content-6\" class=\"mch-acr-content\" hidden><\/p>\n<p>Dodr\u017eovat po\u010det mezer!<\/p>\n<p>\ud83d\udcbb <code>xinput list --long &quot;\u00a0\u00a0\u00a0\u00a0\u00a0\u00a0\u00a0\u00a0 WALTOP\u00a0\u00a0\u00a0\u00a0\u00a0\u00a0\u00a0\u00a0\u00a0\u00a0\u00a0\u00a0 Tablet\u00a0\u00a0\u00a0\u00a0 stylus&quot;<\/code><\/p>\n<p><\/div><\/div>\n<a id=\"nastaven\u00ed_tla\u010d\u00edtek_2_a_3\"><\/a><div class=\"mch-acr\"><div class=\"mch-acr-title\" role=\"button\" tabindex=\"0\" aria-expanded=\"false\" aria-controls=\"mch-acr-content-7\">Nastaven\u00ed tla\u010d\u00edtek 2 a 3<\/div><div id=\"mch-acr-content-7\" class=\"mch-acr-content\" hidden><\/p>\n<h5>Nastaven\u00ed<\/h5>\n<p>\ud83d\udcbb <code>xsetwacom --set &quot;\u00a0\u00a0\u00a0\u00a0\u00a0\u00a0\u00a0\u00a0 WALTOP\u00a0\u00a0\u00a0\u00a0\u00a0\u00a0\u00a0\u00a0\u00a0\u00a0\u00a0\u00a0 Tablet\u00a0\u00a0\u00a0\u00a0 stylus&quot; Button +2 key &quot;ctrl z&quot;<\/code><\/p>\n<p>\ud83d\udcbb <code>xsetwacom --set &quot;\u00a0\u00a0\u00a0\u00a0\u00a0\u00a0\u00a0\u00a0 WALTOP\u00a0\u00a0\u00a0\u00a0\u00a0\u00a0\u00a0\u00a0\u00a0\u00a0\u00a0\u00a0 Tablet \u00a0\u00a0\u00a0 stylus&quot; Button +3 key &quot;ctrl y&quot;<\/code><\/p>\n<p><\/div><\/div>\n<a id=\"ov\u011b\u0159en\u00ed_nastaven\u00ed_tla\u010d\u00edtek_2_a_3\"><\/a><div class=\"mch-acr\"><div class=\"mch-acr-title\" role=\"button\" tabindex=\"0\" aria-expanded=\"false\" aria-controls=\"mch-acr-content-8\">Ov\u011b\u0159en\u00ed nastaven\u00ed tla\u010d\u00edtek 2 a 3<\/div><div id=\"mch-acr-content-8\" class=\"mch-acr-content\" hidden><\/p>\n<h5>Ov\u011b\u0159en\u00ed<\/h5>\n<p>\ud83d\udcbb <code>xsetwacom --get &quot;\u00a0\u00a0\u00a0\u00a0\u00a0\u00a0\u00a0\u00a0 WALTOP\u00a0\u00a0\u00a0\u00a0\u00a0\u00a0\u00a0\u00a0\u00a0\u00a0\u00a0\u00a0 Tablet\u00a0\u00a0\u00a0\u00a0 stylus&quot; Button +2<\/code><\/p>\n<p>\ud83d\udcbb <code>xsetwacom --get &quot;\u00a0\u00a0\u00a0\u00a0\u00a0\u00a0\u00a0\u00a0 WALTOP\u00a0\u00a0\u00a0\u00a0\u00a0\u00a0\u00a0\u00a0\u00a0\u00a0\u00a0\u00a0 Tablet \u00a0\u00a0\u00a0 stylus&quot; Button +3<\/code><\/p>\n<p><\/div><\/div>\n","protected":false},"excerpt":{"rendered":"<p>P\u0159\u00edklad nastaven\u00ed grafick\u00e9ho tabletu WHK-C10 \/ G-Pen F509.<\/p>\n","protected":false},"author":1,"featured_media":0,"parent":8713,"menu_order":0,"comment_status":"closed","ping_status":"closed","template":"","meta":{"footnotes":""},"class_list":["post-4589","page","type-page","status-publish","hentry"],"yoast_head":"<!-- This site is optimized with the Yoast SEO plugin v26.1.1 - https:\/\/yoast.com\/wordpress\/plugins\/seo\/ -->\n<title>Tablet WALTOP - nastaven\u00ed - milchyn.cz<\/title>\n<meta name=\"robots\" content=\"index, follow, max-snippet:-1, max-image-preview:large, max-video-preview:-1\" \/>\n<link rel=\"canonical\" href=\"https:\/\/milchyn.cz\/tablet-waltop-priklady\" \/>\n<meta property=\"og:locale\" content=\"cs_CZ\" \/>\n<meta property=\"og:type\" content=\"article\" \/>\n<meta property=\"og:title\" content=\"Tablet WALTOP - nastaven\u00ed - milchyn.cz\" \/>\n<meta property=\"og:description\" content=\"P\u0159\u00edklad nastaven\u00ed grafick\u00e9ho tabletu WHK-C10 \/ G-Pen F509.\" \/>\n<meta property=\"og:url\" content=\"https:\/\/milchyn.cz\/tablet-waltop-priklady\" \/>\n<meta property=\"og:site_name\" content=\"milchyn.cz\" \/>\n<meta name=\"twitter:card\" content=\"summary_large_image\" \/>\n<meta name=\"twitter:label1\" content=\"Odhadovan\u00e1 doba \u010dten\u00ed\" \/>\n\t<meta name=\"twitter:data1\" content=\"1 minuta\" \/>\n<script type=\"application\/ld+json\" class=\"yoast-schema-graph\">{\"@context\":\"https:\/\/schema.org\",\"@graph\":[{\"@type\":\"WebPage\",\"@id\":\"https:\/\/milchyn.cz\/tablet-waltop-priklady\",\"url\":\"https:\/\/milchyn.cz\/tablet-waltop-priklady\",\"name\":\"Tablet WALTOP - nastaven\u00ed - milchyn.cz\",\"isPartOf\":{\"@id\":\"https:\/\/milchyn.cz\/#website\"},\"datePublished\":\"2019-02-24T12:40:42+00:00\",\"breadcrumb\":{\"@id\":\"https:\/\/milchyn.cz\/tablet-waltop-priklady#breadcrumb\"},\"inLanguage\":\"cs\",\"potentialAction\":[{\"@type\":\"ReadAction\",\"target\":[\"https:\/\/milchyn.cz\/tablet-waltop-priklady\"]}]},{\"@type\":\"BreadcrumbList\",\"@id\":\"https:\/\/milchyn.cz\/tablet-waltop-priklady#breadcrumb\",\"itemListElement\":[{\"@type\":\"ListItem\",\"position\":1,\"name\":\"Dom\u016f\",\"item\":\"https:\/\/milchyn.cz\/\"},{\"@type\":\"ListItem\",\"position\":2,\"name\":\"Linux\",\"item\":\"https:\/\/milchyn.cz\/pocitac-s-linuxem\"},{\"@type\":\"ListItem\",\"position\":3,\"name\":\"Po\u010d\u00edta\u010d s Xubuntu\",\"item\":\"https:\/\/milchyn.cz\/pocitac-s-linuxem\/pocitac-s-xubuntu\"},{\"@type\":\"ListItem\",\"position\":4,\"name\":\"Nastaven\u00ed Xubuntu \ud83d\udee0\ufe0f\",\"item\":\"https:\/\/milchyn.cz\/nastaveni-xubuntu\"},{\"@type\":\"ListItem\",\"position\":5,\"name\":\"Tablet WALTOP &#8211; nastaven\u00ed\"}]},{\"@type\":\"WebSite\",\"@id\":\"https:\/\/milchyn.cz\/#website\",\"url\":\"https:\/\/milchyn.cz\/\",\"name\":\"milchyn.cz\",\"description\":\"\",\"potentialAction\":[{\"@type\":\"SearchAction\",\"target\":{\"@type\":\"EntryPoint\",\"urlTemplate\":\"https:\/\/milchyn.cz\/?s={search_term_string}\"},\"query-input\":{\"@type\":\"PropertyValueSpecification\",\"valueRequired\":true,\"valueName\":\"search_term_string\"}}],\"inLanguage\":\"cs\"}]}<\/script>\n<!-- \/ Yoast SEO plugin. -->","yoast_head_json":{"title":"Tablet WALTOP - nastaven\u00ed - milchyn.cz","robots":{"index":"index","follow":"follow","max-snippet":"max-snippet:-1","max-image-preview":"max-image-preview:large","max-video-preview":"max-video-preview:-1"},"canonical":"https:\/\/milchyn.cz\/tablet-waltop-priklady","og_locale":"cs_CZ","og_type":"article","og_title":"Tablet WALTOP - nastaven\u00ed - milchyn.cz","og_description":"P\u0159\u00edklad nastaven\u00ed grafick\u00e9ho tabletu WHK-C10 \/ G-Pen F509.","og_url":"https:\/\/milchyn.cz\/tablet-waltop-priklady","og_site_name":"milchyn.cz","twitter_card":"summary_large_image","twitter_misc":{"Odhadovan\u00e1 doba \u010dten\u00ed":"1 minuta"},"schema":{"@context":"https:\/\/schema.org","@graph":[{"@type":"WebPage","@id":"https:\/\/milchyn.cz\/tablet-waltop-priklady","url":"https:\/\/milchyn.cz\/tablet-waltop-priklady","name":"Tablet WALTOP - nastaven\u00ed - milchyn.cz","isPartOf":{"@id":"https:\/\/milchyn.cz\/#website"},"datePublished":"2019-02-24T12:40:42+00:00","breadcrumb":{"@id":"https:\/\/milchyn.cz\/tablet-waltop-priklady#breadcrumb"},"inLanguage":"cs","potentialAction":[{"@type":"ReadAction","target":["https:\/\/milchyn.cz\/tablet-waltop-priklady"]}]},{"@type":"BreadcrumbList","@id":"https:\/\/milchyn.cz\/tablet-waltop-priklady#breadcrumb","itemListElement":[{"@type":"ListItem","position":1,"name":"Dom\u016f","item":"https:\/\/milchyn.cz\/"},{"@type":"ListItem","position":2,"name":"Linux","item":"https:\/\/milchyn.cz\/pocitac-s-linuxem"},{"@type":"ListItem","position":3,"name":"Po\u010d\u00edta\u010d s Xubuntu","item":"https:\/\/milchyn.cz\/pocitac-s-linuxem\/pocitac-s-xubuntu"},{"@type":"ListItem","position":4,"name":"Nastaven\u00ed Xubuntu \ud83d\udee0\ufe0f","item":"https:\/\/milchyn.cz\/nastaveni-xubuntu"},{"@type":"ListItem","position":5,"name":"Tablet WALTOP &#8211; nastaven\u00ed"}]},{"@type":"WebSite","@id":"https:\/\/milchyn.cz\/#website","url":"https:\/\/milchyn.cz\/","name":"milchyn.cz","description":"","potentialAction":[{"@type":"SearchAction","target":{"@type":"EntryPoint","urlTemplate":"https:\/\/milchyn.cz\/?s={search_term_string}"},"query-input":{"@type":"PropertyValueSpecification","valueRequired":true,"valueName":"search_term_string"}}],"inLanguage":"cs"}]}},"_links":{"self":[{"href":"https:\/\/milchyn.cz\/index.php?rest_route=\/wp\/v2\/pages\/4589","targetHints":{"allow":["GET"]}}],"collection":[{"href":"https:\/\/milchyn.cz\/index.php?rest_route=\/wp\/v2\/pages"}],"about":[{"href":"https:\/\/milchyn.cz\/index.php?rest_route=\/wp\/v2\/types\/page"}],"author":[{"embeddable":true,"href":"https:\/\/milchyn.cz\/index.php?rest_route=\/wp\/v2\/users\/1"}],"replies":[{"embeddable":true,"href":"https:\/\/milchyn.cz\/index.php?rest_route=%2Fwp%2Fv2%2Fcomments&post=4589"}],"version-history":[{"count":0,"href":"https:\/\/milchyn.cz\/index.php?rest_route=\/wp\/v2\/pages\/4589\/revisions"}],"up":[{"embeddable":true,"href":"https:\/\/milchyn.cz\/index.php?rest_route=\/wp\/v2\/pages\/8713"}],"wp:attachment":[{"href":"https:\/\/milchyn.cz\/index.php?rest_route=%2Fwp%2Fv2%2Fmedia&parent=4589"}],"curies":[{"name":"wp","href":"https:\/\/api.w.org\/{rel}","templated":true}]}}