{"id":3407,"date":"2018-08-07T08:04:35","date_gmt":"2018-08-07T06:04:35","guid":{"rendered":"http:\/\/milchyn.cz\/?page_id=3407"},"modified":"2025-09-22T10:45:27","modified_gmt":"2025-09-22T10:45:27","slug":"xubuntu-aplikace-desktopove","status":"publish","type":"page","link":"https:\/\/milchyn.cz\/xubuntu-aplikace-desktopove","title":{"rendered":"Aplikace Desktopov\u00e9 (grafick\u00e9)"},"content":{"rendered":"<a id=\"internet_komunikace\"><\/a><div class=\"mch-acr\"><div class=\"mch-acr-title\" role=\"button\" tabindex=\"0\" aria-expanded=\"false\" aria-controls=\"mch-acr-content-7\">Internet + Komunikace<\/div><div id=\"mch-acr-content-7\" class=\"mch-acr-content\" hidden><\/p>\n<p><a href=\"https:\/\/www.mozilla.cz\/\" target=\"_blank\" rel=\"noopener noreferrer\"><strong>Firefox<\/strong><\/a> &#8211; v Xubuntu standardn\u011b v\u00fdchoz\u00ed internetov\u00fd prohl\u00ed\u017ee\u010d<\/p>\n<p>\ud83d\udcbb <code>sudo add-apt-repository ppa:ubuntu-mozilla-security\/ppa<\/code><\/p>\n<p>\ud83d\udcbb <code>sudo apt update<\/code><\/p>\n<p>\ud83d\udcbb <code>sudo apt install firefox firefox-locale-cs<\/code><\/p>\n<p>Po \u010dase, je-li firefox pomal\u00fd sma\u017eu soubor <code>.mozilla\/firefox\/*\/content-prefs.sqlite<\/code><\/p>\n<p><a href=\"https:\/\/www.google.com\/chrome\/browser\/desktop\/index.html\" target=\"_blank\" rel=\"noopener noreferrer\"><strong>Chrome<\/strong><\/a> &#8211; nejroz\u0161\u00ed\u0159en\u011bj\u0161\u00ed\u00a0internetov\u00fd prohl\u00ed\u017ee\u010d od Google<\/p>\n<p>\ud83d\udcbb <code>sudo wget -q -O - https:\/\/dl.google.com\/linux\/linux_signing_key.pub | sudo apt-key add -<\/code><\/p>\n<p>\ud83d\udcbb <code>sudo sh -c &#039;echo &quot;deb [arch=amd64] http:\/\/dl.google.com\/linux\/chrome\/deb\/ stable main&quot; &amp;gt; \/etc\/apt\/sources.list.d\/google-chrome.list&#039;<\/code><\/p>\n<p>\ud83d\udcbb <code>wget https:\/\/dl.google.com\/linux\/direct\/google-chrome-stable_current_amd64.deb<\/code><\/p>\n<p>\ud83d\udcbb <code>sudo apt install .\/google-chrome-stable_current_amd64.deb<\/code><\/p>\n<p><a href=\"http:\/\/www.opera.com\/cs\/computer\/linux\" target=\"_blank\" rel=\"noopener noreferrer\"><strong>Opera<\/strong><\/a> &#8211;\u00a0internetov\u00fd prohl\u00ed\u017ee\u010d<\/p>\n<p>\ud83d\udcbb <code>sudo wget -qO- https:\/\/deb.opera.com\/archive.key | sudo apt-key add -<\/code><\/p>\n<p>\ud83d\udcbb <code>sudo add-apt-repository &quot;deb [arch=i386,amd64] https:\/\/deb.opera.com\/opera-stable\/ stable non-free&quot;<\/code><\/p>\n<p>\ud83d\udcbb <code>sudo apt update sudo apt install opera-stable<\/code><\/p>\n<p><a href=\"https:\/\/www.skype.com\/cs\/\" target=\"_blank\" rel=\"noopener noreferrer\"><strong>Skype<\/strong><\/a> &#8211; pro vol\u00e1n\u00ed si i s podporou videa a dopisov\u00e1n\u00ed. Lze si volat i p\u0159es internet prohl\u00ed\u017ee\u010d z: \u00a0<strong><a href=\"https:\/\/web.skype.com\/cs\/\" target=\"_blank\" rel=\"noopener noreferrer\">https:\/\/web.skype.com\/cs\/<\/a><\/strong><\/p>\n<p><a href=\"https:\/\/www.mozilla.org\/cs\/thunderbird\/\" target=\"_blank\" rel=\"noopener noreferrer\"><strong>Thunderbird<\/strong><\/a> &#8211; e-mail\u00a0po\u0161tovn\u00ed klient mnoha funkcionalit<\/p>\n<p>\ud83d\udcbb <code>sudo apt install thunderbird\u00a0thunderbird-locale-cs<\/code><\/p>\n<p><\/div><\/div>\n<a id=\"multimedia\"><\/a><div class=\"mch-acr\"><div class=\"mch-acr-title\" role=\"button\" tabindex=\"0\" aria-expanded=\"false\" aria-controls=\"mch-acr-content-8\">Multimedia<\/div><div id=\"mch-acr-content-8\" class=\"mch-acr-content\" hidden><\/p>\n<p><a href=\"http:\/\/wiki.ubuntu.cz\/cheese\" target=\"_blank\" rel=\"noopener noreferrer\"><strong>Cheese<\/strong><\/a> &#8211; k po\u0159izov\u00e1n\u00ed sn\u00edmk\u016f a videa z webkamery, kter\u00e9 dok\u00e1\u017ee vylep\u0161it pomoc\u00ed r\u016fzn\u00fdch efekt\u016f.<\/p>\n<p>\ud83d\udcbb <code>sudo apt install cheese<\/code><\/p>\n<p><strong>Parole<\/strong> &#8211; audio\/video p\u0159ehr\u00e1va\u010d,\u00a0v Xubuntu standardn\u011b v\u00fdchoz\u00ed<\/p>\n<p>\ud83d\udcbb <code>sudo apt install parole<\/code><\/p>\n<p><a href=\"http:\/\/www.smplayer.info\/en\/screenshots\" target=\"_blank\" rel=\"noopener noreferrer\"><strong>SmPlayer<\/strong><\/a> &#8211;\u00a0audio\/video p\u0159ehr\u00e1va\u010d (tento up\u0159ednost\u0148uji)<\/p>\n<p>\ud83d\udcbb <code>sudo apt install smplayer<\/code><\/p>\n<p><strong>VLC<\/strong> &#8211; audio\/video p\u0159ehr\u00e1va\u010d zn\u00e1m\u00fd s Windows<\/p>\n<p>\ud83d\udcbb <code>sudo apt install vlc<\/code><\/p>\n<p><a href=\"http:\/\/winff.org\/html_new\/index.html\" target=\"_blank\" rel=\"noopener noreferrer\"><strong>WinFF<\/strong><\/a> &#8211; grafick\u00e1 nadstavba pro ffmpeg k p\u0159evodu form\u00e1t\u016f<\/p>\n<p>\ud83d\udcbb <code>sudo apt install winff<\/code><\/p>\n<p><\/div><\/div>\n<a id=\"kancel\u00e1\u0159_grafika\"><\/a><div class=\"mch-acr\"><div class=\"mch-acr-title\" role=\"button\" tabindex=\"0\" aria-expanded=\"false\" aria-controls=\"mch-acr-content-9\">Kancel\u00e1\u0159 + Grafika<\/div><div id=\"mch-acr-content-9\" class=\"mch-acr-content\" hidden><\/p>\n<p><a href=\"https:\/\/www.digikam.org\/\" target=\"_blank\" rel=\"noopener noreferrer\"><strong>Digikam<\/strong><\/a> &#8211; vysoce praktick\u00fd a u\u017eivatelsky p\u0159\u00edv\u011btiv\u00fd spr\u00e1vce fotek, s obrovsk\u00fdmi mo\u017enostmi jejich \u00faprav<\/p>\n<p>\ud83d\udcbb <code>sudo apt install digikam<\/code><\/p>\n<p><a href=\"https:\/\/cs.wikipedia.org\/wiki\/Evince\" target=\"_blank\" rel=\"noopener noreferrer\"><strong>Evince<\/strong><\/a> &#8211; prohl\u00ed\u017ee\u010d PDF soubor\u016f<\/p>\n<p>\ud83d\udcbb <code>sudo apt install\u00a0evince<\/code><\/p>\n<p><a href=\"https:\/\/cs.wikipedia.org\/wiki\/Gedit\" target=\"_blank\" rel=\"noopener noreferrer\"><strong>Gedit<\/strong><\/a> &#8211; textov\u00fd editor, obdoba Notepad u Windows<\/p>\n<p>\ud83d\udcbb <code>sudo apt install gedit<\/code><\/p>\n<p><a href=\"https:\/\/www.gimp.org\/\" target=\"_blank\" rel=\"noopener noreferrer\"><strong>Gimp<\/strong><\/a> &#8211; mocn\u00fd n\u00e1stroj pro \u00fapravu obr\u00e1zk\u016f, fotek, a\u017e p\u0159ekombinovan\u00fd pro b\u011b\u017en\u00e9 pou\u017e\u00edv\u00e1n\u00ed<\/p>\n<p>\ud83d\udcbb <code>sudo add-apt-repository ppa:otto-kesselgulasch\/gimp<\/code><\/p>\n<p>\ud83d\udcbb <code>sudo apt update<\/code><\/p>\n<p>\ud83d\udcbb <code>sudo apt install gimp<\/code><\/p>\n<p><strong>Gpick<\/strong> &#8211; nakliknut\u00ed barvy z plochy. V\u00fdstup barvy ve form\u00e1tu #xxxxxx bez od\u0159\u00e1dkov\u00e1n\u00ed <code class=&#8220;code-line&#8220; style=&#8220;display: inline; margin: 0px; border-style: none;&#8220;>gpick -s -o --no-newline<\/code><\/p>\n<p>\ud83d\udcbb <code>sudo apt install gpick<\/code><\/p>\n<p><strong>Gthumb<\/strong> &#8211;\u00a0prohl\u00ed\u017ee\u010d fotek\u00a0s mo\u017enost\u00ed z\u00e1kladn\u00edho editov\u00e1n\u00ed (zm\u011bna form\u00e1t\u016f, velikosti fotek, o\u0159ezy, barevnosti, jas, kontrast,&#8230;)<\/p>\n<p>\ud83d\udcbb <code>sudo apt install gthumb<\/code><\/p>\n<p><a href=\"https:\/\/cs.wikipedia.org\/wiki\/LibreOffice\" target=\"_blank\" rel=\"noopener noreferrer\"><strong>LibreOffice<\/strong><\/a> &#8211; soubor kancel\u00e1\u0159sk\u00fdch aplikac\u00ed obdobou k Windows Word, Excel, Powerpoint s uspokojivou kompatibilitou<\/p>\n<p>\ud83d\udcbb <code>sudo\u00a0add-apt-repository &quot;ppa:libreoffice\/ppa&quot;<\/code><\/p>\n<p>\ud83d\udcbb <code>sudo apt update<\/code><\/p>\n<p>\ud83d\udcbb <code>sudo apt install libreoffice libreoffice-l10n-cs libreoffice-help-cs<\/code><\/p>\n<p><a href=\"http:\/\/mypaint.org\/about\/\" target=\"_blank\" rel=\"noopener noreferrer\"><strong>MyPaint<\/strong><\/a> &#8211; kresl\u00edc\u00ed program podporuj\u00edc\u00ed vrstvy, mnoho efekt\u016f a druhy \u0161t\u011btc\u016f, fix\u016f, per, &#8230;<br \/>\n\ud83d\udca1 vhodn\u00fdm dopl\u0148kem je \u00a0 <a href=\"http:\/\/milchyn.cz\/tablet-waltop-priklady\/\" rel=\"noopener\">grafick\u00fd tablet<\/a><\/p>\n<p>\ud83d\udcbb <code>sudo apt install mypaint<\/code><\/p>\n<p><strong>Okular<\/strong> &#8211; prohl\u00ed\u017ee\u010d PDF soubor\u016f<\/p>\n<p>\ud83d\udcbb <code>sudo apt install okular<\/code><\/p>\n<p><a href=\"https:\/\/pinta-project.com\/pintaproject\/pinta\/\" target=\"_blank\" rel=\"noopener noreferrer\"><strong>Pinta<\/strong><\/a> &#8211; kresl\u00edc\u00ed program podporuj\u00edc\u00ed vrstvy, z\u00e1m\u011bny barev i na\u00a0pr\u016fhledn\u00e9 (praktick\u00e9 pro &#8222;kol\u00e1\u017ee&#8220;), &#8230;<\/p>\n<p>\ud83d\udcbb <code>sudo apt install pinta<\/code><\/p>\n<p><strong>Ristretto<\/strong> &#8211;\u00a0v Xubuntu standardn\u011b v\u00fdchoz\u00ed prohl\u00ed\u017ee\u010d fotek<\/p>\n<p>\ud83d\udcbb <code>sudo apt install ristretto<\/code><\/p>\n<p><\/div><\/div>\n<a id=\"v\u00fdvoj\"><\/a><div class=\"mch-acr\"><div class=\"mch-acr-title\" role=\"button\" tabindex=\"0\" aria-expanded=\"false\" aria-controls=\"mch-acr-content-10\">V\u00fdvoj<\/div><div id=\"mch-acr-content-10\" class=\"mch-acr-content\" hidden><\/p>\n<p><a href=\"http:\/\/www.codeblocks.org\/\"><strong>Codeblocks<\/strong><\/a> &#8211; v\u00fdvojov\u00e9 prost\u0159ed\u00ed programov\u00e1n\u00ed <strong>C++<\/strong><\/p>\n<p>\ud83d\udcbb <code>sudo apt install g++<\/code><\/p>\n<p>\ud83d\udcbb <code>sudo apt install codeblocks<\/code><\/p>\n<p><a href=\"https:\/\/en.wikipedia.org\/wiki\/Dia_(software)\" target=\"_blank\" rel=\"noopener noreferrer\"><strong>Dia<\/strong><\/a> &#8211; editor <strong>v\u00fdvojov\u00fdch diagram\u016f<\/strong><\/p>\n<p>\ud83d\udcbb <code>sudo\u00a0apt install dia<\/code><\/p>\n<p><a href=\"https:\/\/www.kicad.org\/download\/details\/ubuntu\/\" target=\"_blank\" rel=\"noopener noreferrer\"><strong>KiCad<\/strong><\/a> &#8211; editor <strong>elektronick\u00fdch sch\u00e9mat<\/strong><\/p>\n<p>\ud83d\udcbb <code>sudo add-apt-repository ppa:kicad\/kicad-8.0-releases<\/code><\/p>\n<p>\ud83d\udcbb <code>sudo apt update<\/code><\/p>\n<p>\ud83d\udcbb <code>sudo apt install kicad kicad-locale-cs<\/code><\/p>\n<p>\ud83d\udcbb <code>sudo apt reinstall libocct-modeling-algorithms-7.6t64<\/code><\/p>\n<p><a href=\"http:\/\/www.microchip.com\/mplab\/mplab-x-ide\" target=\"_blank\" rel=\"noopener noreferrer\"><strong>Mplab X<\/strong><\/a> &#8211; v\u00fdvojov\u00e9 prost\u0159ed\u00ed pro <strong>programov\u00e1n\u00ed mikro\u010dip\u016f<\/strong><\/p>\n<p>\ud83d\udcbb <code>sudo apt install libc6:i386 libx11-6:i386 libxext6:i386 libstdc++6:i386 libexpat1:i386<\/code><\/p>\n<p>\ud83d\udcbb <code>cd \/tmp<\/code><\/p>\n<p>\ud83d\udcbb <code>wget &quot;http:\/\/www.microchip.com\/mplabx-ide-linux-installer&quot;<\/code><\/p>\n<p>\ud83d\udcbb <code>chmod u+x .\/mplabx-ide-linux-installer<\/code><\/p>\n<p>\ud83d\udcbb <code>sudo .\/mplabx-ide-linux-installer<\/code><\/p>\n<p><\/div><\/div>\n<a id=\"hry\"><\/a><div class=\"mch-acr\"><div class=\"mch-acr-title\" role=\"button\" tabindex=\"0\" aria-expanded=\"false\" aria-controls=\"mch-acr-content-11\">Hry<\/div><div id=\"mch-acr-content-11\" class=\"mch-acr-content\" hidden><\/p>\n<p><a href=\"https:\/\/help.ubuntu.com\/community\/Games\/NativeFreeUbuntuGames\" target=\"_blank\" rel=\"noopener noreferrer\">Games\/NativeFreeUbuntuGames<\/a><\/p>\n<p><strong>Frozen Bubble<\/strong> &#8211; uvol\u0148ov\u00e1n\u00ed p\u0159ichycen\u00fdch bal\u00f3nk\u016f<\/p>\n<p>\ud83d\udcbb <code>sudo apt install frozen-bubble<\/code><\/p>\n<p><strong>Gnome-Sudoku<\/strong> &#8211; \u010d\u00edseln\u00e9 sudoku s mo\u017enost\u00ed vytvo\u0159en\u00ed si i vlastn\u00ed hern\u00ed kombinace<\/p>\n<p>\ud83d\udcbb <code>sudo apt install gnome-sudoku<\/code><\/p>\n<p><a href=\"https:\/\/games.kde.org\/game.php?game=ktuberling\" target=\"_blank\" rel=\"noopener noreferrer\"><strong>Ktuberling<\/strong><\/a> &#8211; &#8222;bramborov\u00fd chlap\u00edk&#8220; vytv\u00e1\u0159en\u00ed si bramborov\u00e9ho pan\u00e1\u010dka<\/p>\n<p>\ud83d\udcbb <code>sudo apt install ktuberling<\/code><\/p>\n<p><a href=\"http:\/\/ri-li.sourceforge.net\/screenshots.html\" target=\"_blank\" rel=\"noopener noreferrer\"><strong>Ri-li<\/strong><\/a> &#8211; vl\u00e1\u010dek p\u0159ib\u00edraj\u00edc\u00ed vag\u00f3nky na trati s mnoha z kl\u00e1vesnice ovl\u00e1dan\u00fdch\u00a0v\u00fdhybek &#8211; pro nejmen\u0161\u00ed<\/p>\n<p>\ud83d\udcbb <code>sudo apt install ri-li<\/code><\/p>\n<p><strong>Sol<\/strong>\u00a0&#8211; (aisleriot) mnoho karetn\u00edch variac\u00ed<\/p>\n<p>\ud83d\udcbb <code>sudo apt install aisleriot<\/code><\/p>\n<p><a href=\"https:\/\/supertuxkart.net\/Main_Page\" target=\"_blank\" rel=\"noopener noreferrer\"><strong>SuperTuxkart<\/strong><\/a> &#8211; z\u00e1vod r\u016fzn\u00fdch voz\u00edtek po mnoha trat\u00edch s mnoha p\u0159ekvapen\u00edmi na cest\u00e1ch<\/p>\n<p>sudo add-apt-repository ppa:stk\/dev sudo apt update sudo apt install supertuxkart<\/p>\n<p><\/div><\/div>\n<a id=\"n\u00e1stroje\"><\/a><div class=\"mch-acr\"><div class=\"mch-acr-title\" role=\"button\" tabindex=\"0\" aria-expanded=\"false\" aria-controls=\"mch-acr-content-12\">N\u00e1stroje<\/div><div id=\"mch-acr-content-12\" class=\"mch-acr-content\" hidden><\/p>\n<p><strong>FileZilla<\/strong> &#8211; klient pro FTP p\u0159enos soubor\u016f<\/p>\n<p>\ud83d\udcbb <code>sudo apt install filezilla<\/code><\/p>\n<p><strong>Gdmap<\/strong> &#8211; zobrazen\u00ed zapln\u011bn\u00ed disk\u016f, adres\u00e1\u0159\u016f, velikosti soubor\u016f \u0161ikovn\u00fdm grafick\u00fdm zobrazen\u00edm<\/p>\n<p>\ud83d\udcbb <code>sudo apt install gdmap<\/code><\/p>\n<p><strong>Gnome-Calculator<\/strong> &#8211; kalkula\u010dka<\/p>\n<p>\ud83d\udcbb <code>sudo apt install gnome-calculator<\/code><\/p>\n<p><strong>K3b<\/strong> &#8211; pro vypalov\u00e1n\u00ed CD\/DVD<\/p>\n<p>\ud83d\udcbb <code>sudo apt install k3b<\/code><\/p>\n<p><strong>Nautilus<\/strong> &#8211; spr\u00e1vce soubor\u016f s mnoha nadstavbami<\/p>\n<p>\ud83d\udcbb <code>sudo apt install nautilus\u00a0nautilus-scripts-manager<\/code><\/p>\n<p><strong>Shutter<\/strong> &#8211; sejmut\u00ed v\u00fd\u0159ezu \u010di cel\u00e9 obrazovky a s mo\u017enost\u00ed \u00faprav ulo\u017een\u00ed jako obr\u00e1zku do souboru<\/p>\n<p>\ud83d\udcbb <code>sudo apt install shutter<\/code><\/p>\n<p><strong>Simple-Scan<\/strong> &#8211; pro jednoduch\u00e9 skenov\u00e1n\u00ed<\/p>\n<p>\ud83d\udcbb <code>sudo apt install simple-scan<\/code><\/p>\n<p><strong>Software-Center<\/strong> &#8211; pro instalaci\/odinstalaci aplikac\u00ed<\/p>\n<p>\ud83d\udcbb <code>sudo apt install software-center<\/code><\/p>\n<p><strong>System-Config-Printer<\/strong> &#8211; spr\u00e1vce tisk\u00e1ren a tisk\u016f<\/p>\n<p>\ud83d\udcbb <code>sudo apt install system-config-printer-gnome<\/code><\/p>\n<p><strong>Thunar<\/strong> &#8211; spr\u00e1vce soubor\u016f, v Xubuntu standardn\u011b v\u00fdchoz\u00ed<\/p>\n<p>\ud83d\udcbb <code>sudo apt install thunar<\/code><\/p>\n<p><code><\/code><strong><a href=\"https:\/\/www.realvnc.com\/en\/connect\/\">vncviewer<\/a><\/strong> &#8211; p\u0159\u00edstup na vzd\u00e1lenou plochu<br \/>\nst\u00e1hnout z: <a href=\"https:\/\/www.realvnc.com\/en\/connect\/download\/viewer\/linux\/\">https:\/\/www.realvnc.com\/en\/connect\/download\/viewer\/linux\/<\/a><\/p>\n<p>\ud83d\udcbb <code>sudo dpkg -i VNC-Viewer-...<\/code><\/p>\n<p><strong>wine<\/strong> &#8211; rozhran\u00ed pro b\u011bh Windows aplikac\u00ed<\/p>\n<p>\ud83d\udcbb <code>sudo apt install wine64<\/code><\/p>\n<p><strong><a id=\"apt-wxhexeditor\"><\/a><a href=\"https:\/\/sourceforge.net\/projects\/wxhexeditor\/\">wxHexEditor<\/a><\/strong> &#8211; hexadecim\u00e1ln\u00ed editor speci\u00e1ln\u011b pro velk\u00e9 soubory, disky <code class=&#8220;&#8220; style=&#8220;display: inline; margin: 0px; border-style: none;&#8220;>sudo wxHexEditor \/dev\/sdc<\/code> . Podporuje a\u017e 2 ^ 64 bajt\u016f<\/p>\n<p>\ud83d\udcbb <code>sudo apt install wxhexeditor<\/code><\/p>\n<p><strong>Xfburn<\/strong> &#8211; pro vypalov\u00e1n\u00ed CD\/DVD, v Xubuntu standardn\u011b v\u00fdchoz\u00ed<\/p>\n<p>\ud83d\udcbb <code>sudo apt install xfburn<\/code><\/p>\n<p><strong>Xfce4-Terminal<\/strong> &#8211; termin\u00e1lov\u00e9 okno p\u0159\u00edkazov\u00e9ho \u0159\u00e1dku<\/p>\n<p>\ud83d\udcbb <code>sudo apt install xfce4-terminal<\/code><\/p>\n<p><a href=\"https:\/\/feeding.cloud.geek.nz\/posts\/setting-up-a-network-scanner-using-sane\/\" target=\"_blank\" rel=\"noopener noreferrer\"><strong>Xsane<\/strong><\/a> &#8211; slu\u017eba pro skenov\u00e1n\u00ed p\u0159es s\u00ed\u0165<\/p>\n<p>\ud83d\udcbb <code>sudo apt install xsane<\/code><\/p>\n<p><\/div><\/div>\n","protected":false},"excerpt":{"rendered":"","protected":false},"author":1,"featured_media":0,"parent":2101,"menu_order":80,"comment_status":"closed","ping_status":"closed","template":"","meta":{"footnotes":""},"class_list":["post-3407","page","type-page","status-publish","hentry"],"yoast_head":"<!-- This site is optimized with the Yoast SEO plugin v26.1.1 - https:\/\/yoast.com\/wordpress\/plugins\/seo\/ -->\n<title>Aplikace Desktopov\u00e9 (grafick\u00e9) - milchyn.cz<\/title>\n<meta name=\"robots\" content=\"index, follow, max-snippet:-1, max-image-preview:large, max-video-preview:-1\" \/>\n<link rel=\"canonical\" href=\"https:\/\/milchyn.cz\/xubuntu-aplikace-desktopove\" \/>\n<meta property=\"og:locale\" content=\"cs_CZ\" \/>\n<meta property=\"og:type\" content=\"article\" \/>\n<meta property=\"og:title\" content=\"Aplikace Desktopov\u00e9 (grafick\u00e9) - milchyn.cz\" \/>\n<meta property=\"og:url\" content=\"https:\/\/milchyn.cz\/xubuntu-aplikace-desktopove\" \/>\n<meta property=\"og:site_name\" content=\"milchyn.cz\" \/>\n<meta property=\"article:modified_time\" content=\"2025-09-22T10:45:27+00:00\" \/>\n<meta name=\"twitter:card\" content=\"summary_large_image\" \/>\n<meta name=\"twitter:label1\" content=\"Odhadovan\u00e1 doba \u010dten\u00ed\" \/>\n\t<meta name=\"twitter:data1\" content=\"3 minuty\" \/>\n<script type=\"application\/ld+json\" class=\"yoast-schema-graph\">{\"@context\":\"https:\/\/schema.org\",\"@graph\":[{\"@type\":\"WebPage\",\"@id\":\"https:\/\/milchyn.cz\/xubuntu-aplikace-desktopove\",\"url\":\"https:\/\/milchyn.cz\/xubuntu-aplikace-desktopove\",\"name\":\"Aplikace Desktopov\u00e9 (grafick\u00e9) - milchyn.cz\",\"isPartOf\":{\"@id\":\"https:\/\/milchyn.cz\/#website\"},\"datePublished\":\"2018-08-07T06:04:35+00:00\",\"dateModified\":\"2025-09-22T10:45:27+00:00\",\"breadcrumb\":{\"@id\":\"https:\/\/milchyn.cz\/xubuntu-aplikace-desktopove#breadcrumb\"},\"inLanguage\":\"cs\",\"potentialAction\":[{\"@type\":\"ReadAction\",\"target\":[\"https:\/\/milchyn.cz\/xubuntu-aplikace-desktopove\"]}]},{\"@type\":\"BreadcrumbList\",\"@id\":\"https:\/\/milchyn.cz\/xubuntu-aplikace-desktopove#breadcrumb\",\"itemListElement\":[{\"@type\":\"ListItem\",\"position\":1,\"name\":\"Dom\u016f\",\"item\":\"https:\/\/milchyn.cz\/\"},{\"@type\":\"ListItem\",\"position\":2,\"name\":\"Linux\",\"item\":\"https:\/\/milchyn.cz\/pocitac-s-linuxem\"},{\"@type\":\"ListItem\",\"position\":3,\"name\":\"Po\u010d\u00edta\u010d s Xubuntu\",\"item\":\"https:\/\/milchyn.cz\/pocitac-s-linuxem\/pocitac-s-xubuntu\"},{\"@type\":\"ListItem\",\"position\":4,\"name\":\"Aplikace &#8211; Ostatn\u00ed \ud83c\udf00\",\"item\":\"https:\/\/milchyn.cz\/aplikace-ostatni\"},{\"@type\":\"ListItem\",\"position\":5,\"name\":\"Aplikace Desktopov\u00e9 (grafick\u00e9)\"}]},{\"@type\":\"WebSite\",\"@id\":\"https:\/\/milchyn.cz\/#website\",\"url\":\"https:\/\/milchyn.cz\/\",\"name\":\"milchyn.cz\",\"description\":\"\",\"potentialAction\":[{\"@type\":\"SearchAction\",\"target\":{\"@type\":\"EntryPoint\",\"urlTemplate\":\"https:\/\/milchyn.cz\/?s={search_term_string}\"},\"query-input\":{\"@type\":\"PropertyValueSpecification\",\"valueRequired\":true,\"valueName\":\"search_term_string\"}}],\"inLanguage\":\"cs\"}]}<\/script>\n<!-- \/ Yoast SEO plugin. -->","yoast_head_json":{"title":"Aplikace Desktopov\u00e9 (grafick\u00e9) - milchyn.cz","robots":{"index":"index","follow":"follow","max-snippet":"max-snippet:-1","max-image-preview":"max-image-preview:large","max-video-preview":"max-video-preview:-1"},"canonical":"https:\/\/milchyn.cz\/xubuntu-aplikace-desktopove","og_locale":"cs_CZ","og_type":"article","og_title":"Aplikace Desktopov\u00e9 (grafick\u00e9) - milchyn.cz","og_url":"https:\/\/milchyn.cz\/xubuntu-aplikace-desktopove","og_site_name":"milchyn.cz","article_modified_time":"2025-09-22T10:45:27+00:00","twitter_card":"summary_large_image","twitter_misc":{"Odhadovan\u00e1 doba \u010dten\u00ed":"3 minuty"},"schema":{"@context":"https:\/\/schema.org","@graph":[{"@type":"WebPage","@id":"https:\/\/milchyn.cz\/xubuntu-aplikace-desktopove","url":"https:\/\/milchyn.cz\/xubuntu-aplikace-desktopove","name":"Aplikace Desktopov\u00e9 (grafick\u00e9) - milchyn.cz","isPartOf":{"@id":"https:\/\/milchyn.cz\/#website"},"datePublished":"2018-08-07T06:04:35+00:00","dateModified":"2025-09-22T10:45:27+00:00","breadcrumb":{"@id":"https:\/\/milchyn.cz\/xubuntu-aplikace-desktopove#breadcrumb"},"inLanguage":"cs","potentialAction":[{"@type":"ReadAction","target":["https:\/\/milchyn.cz\/xubuntu-aplikace-desktopove"]}]},{"@type":"BreadcrumbList","@id":"https:\/\/milchyn.cz\/xubuntu-aplikace-desktopove#breadcrumb","itemListElement":[{"@type":"ListItem","position":1,"name":"Dom\u016f","item":"https:\/\/milchyn.cz\/"},{"@type":"ListItem","position":2,"name":"Linux","item":"https:\/\/milchyn.cz\/pocitac-s-linuxem"},{"@type":"ListItem","position":3,"name":"Po\u010d\u00edta\u010d s Xubuntu","item":"https:\/\/milchyn.cz\/pocitac-s-linuxem\/pocitac-s-xubuntu"},{"@type":"ListItem","position":4,"name":"Aplikace &#8211; Ostatn\u00ed \ud83c\udf00","item":"https:\/\/milchyn.cz\/aplikace-ostatni"},{"@type":"ListItem","position":5,"name":"Aplikace Desktopov\u00e9 (grafick\u00e9)"}]},{"@type":"WebSite","@id":"https:\/\/milchyn.cz\/#website","url":"https:\/\/milchyn.cz\/","name":"milchyn.cz","description":"","potentialAction":[{"@type":"SearchAction","target":{"@type":"EntryPoint","urlTemplate":"https:\/\/milchyn.cz\/?s={search_term_string}"},"query-input":{"@type":"PropertyValueSpecification","valueRequired":true,"valueName":"search_term_string"}}],"inLanguage":"cs"}]}},"_links":{"self":[{"href":"https:\/\/milchyn.cz\/index.php?rest_route=\/wp\/v2\/pages\/3407","targetHints":{"allow":["GET"]}}],"collection":[{"href":"https:\/\/milchyn.cz\/index.php?rest_route=\/wp\/v2\/pages"}],"about":[{"href":"https:\/\/milchyn.cz\/index.php?rest_route=\/wp\/v2\/types\/page"}],"author":[{"embeddable":true,"href":"https:\/\/milchyn.cz\/index.php?rest_route=\/wp\/v2\/users\/1"}],"replies":[{"embeddable":true,"href":"https:\/\/milchyn.cz\/index.php?rest_route=%2Fwp%2Fv2%2Fcomments&post=3407"}],"version-history":[{"count":0,"href":"https:\/\/milchyn.cz\/index.php?rest_route=\/wp\/v2\/pages\/3407\/revisions"}],"up":[{"embeddable":true,"href":"https:\/\/milchyn.cz\/index.php?rest_route=\/wp\/v2\/pages\/2101"}],"wp:attachment":[{"href":"https:\/\/milchyn.cz\/index.php?rest_route=%2Fwp%2Fv2%2Fmedia&parent=3407"}],"curies":[{"name":"wp","href":"https:\/\/api.w.org\/{rel}","templated":true}]}}