{"id":3403,"date":"2018-08-07T08:04:30","date_gmt":"2018-08-07T06:04:30","guid":{"rendered":"http:\/\/milchyn.cz\/?page_id=3403"},"modified":"2025-09-22T11:34:39","modified_gmt":"2025-09-22T11:34:39","slug":"xubuntu-aplikace-serverove","status":"publish","type":"page","link":"https:\/\/milchyn.cz\/xubuntu-aplikace-serverove","title":{"rendered":"Aplikace Serverov\u00e9 (negrafick\u00e9)"},"content":{"rendered":"<a id=\"n\u00e1stroje\"><\/a><div class=\"mch-acr\"><div class=\"mch-acr-title\" role=\"button\" tabindex=\"0\" aria-expanded=\"false\" aria-controls=\"mch-acr-content-4\">N\u00e1stroje<\/div><div id=\"mch-acr-content-4\" class=\"mch-acr-content\" hidden><\/p>\n<p><strong>cifs-utils<\/strong> &#8211; podpora ntfs filesyst\u00e9mu<\/p>\n<p>\ud83d\udcbb <code>sudo apt install cifs-utils<\/code><\/p>\n<p><strong><span class=\"pismo-cerna-b\">cups-pdf<\/span><\/strong>\u00a0&#8211; tisk s v\u00fdstupem do PDF souboru<\/p>\n<p>\ud83d\udcbb <code>sudo apt install cups-pdf<\/code><\/p>\n<p><strong><a href=\"https:\/\/cs.wikipedia.org\/wiki\/CURL\">curl<\/a> <\/strong>&#8211; n\u00e1stroj pro stahov\u00e1n\u00ed soubor\u016f p\u0159es s\u00ed\u0165<\/p>\n<p>\ud83d\udcbb <code>sudo apt install curl<\/code><\/p>\n<p><strong><span class=\"pismo-cerna-b\">dmidecode<\/span><\/strong> &#8211; v\u00fdpis informac\u00ed z BIOSu<br \/>\n\ud83d\udca1 <a href=\"https:\/\/milchyn.cz\/dmidecode-vypis-informaci-z-biosu\">dmidecode \u2013 v\u00fdpis informac\u00ed z BIOSu<\/a><\/p>\n<p>\ud83d\udcbb <code>sudo apt install dmidecode<\/code><\/p>\n<p><strong><span class=\"pismo-cerna-b\"><a id=\"apt-encfs\"><\/a>encfs<\/span><\/strong> &#8211; \u0161ifrovan\u00e9 adres\u00e1\u0159e<br \/>\n\ud83d\udca1 <a href=\"https:\/\/milchyn.cz\/encfs-sifrovane-adresare\/\">encfs \u2013 \u0161ifrovan\u00e9 adres\u00e1\u0159e<\/a><\/p>\n<p>\ud83d\udcbb <code>sudo apt install encfs<\/code><\/p>\n<p><strong>exfat-utils<\/strong> &#8211; n\u00e1stroj pro pr\u00e1ci s FAT souborov\u00fdm syst\u00e9mem (USB FlashDisk,&#8230;)<\/p>\n<p>\ud83d\udcbb <code>sudo apt install exfat-utils<\/code><\/p>\n<p><strong><span class=\"pismo-cerna-b\"><a id=\"apt-fdupes\"><\/a>fdupes<\/span><\/strong> &#8211; n\u00e1stroj pro vyhled\u00e1v\u00e1n\u00ed duplicitn\u00edch soubor\u016f i pod jin\u00fdmi jm\u00e9ny ( <code class=&#8220;&#8220; style=&#8220;display: inline; margin: 0px; border-style: none;&#8220;>sudo fdupes -r \/home<\/code> )<br \/>\n\ud83d\udca1 <a href=\"https:\/\/milchyn.cz\/i-system?open=1&amp;accordion_id=vyhledavani-duplicitnich-souboru-prikazem-fdupes#vyhledavani-duplicitnich-souboru-prikazem-fdupes\" rel=\"noopener noreferrer\">fdupes &#8211; vyhled\u00e1v\u00e1n\u00ed duplicitn\u00edch soubor\u016f<\/a><\/p>\n<p>\ud83d\udcbb <code>sudo apt install fdupes<\/code><\/p>\n<p><strong><span class=\"pismo-cerna-b\">gpm<\/span><\/strong> &#8211; podpora my\u0161i v negrafick\u00e9m prost\u0159ed\u00ed<\/p>\n<p>\ud83d\udcbb <code>sudo apt install gpm<\/code><\/p>\n<p><strong><span class=\"pismo-cerna-b\">htop<\/span><\/strong> &#8211; pr\u016fb\u011b\u017en\u00e9 zobrazen\u00ed vyt\u00ed\u017een\u00ed syst\u00e9mu (procesor, pam\u011b\u0165, procesy,&#8230;)<\/p>\n<p>\ud83d\udcbb <code>sudo apt install htop<\/code><\/p>\n<p><strong><span class=\"pismo-cerna-b\">ifstat<\/span><\/strong> &#8211; s\u00ed\u0165ov\u00e9 statistiky<\/p>\n<p>\ud83d\udcbb <code>sudo apt install ifstat<\/code><\/p>\n<p><strong><a id=\"app-mdadm\" href=\"http:\/\/wiki.ubuntu.cz\/raid\" target=\"_blank\" rel=\"noopener noreferrer\"><\/a><span class=\"pismo-cerna-b\"><a id=\"app-mdadm\" href=\"http:\/\/wiki.ubuntu.cz\/raid\" target=\"_blank\" rel=\"noopener noreferrer\">mdadm<\/a><\/span><\/strong> &#8211; RAID diskov\u00e9 pole<br \/>\n\ud83d\udca1 <a href=\"https:\/\/milchyn.cz\/o-mdadm\" rel=\"noopener noreferrer\">mdadm \u2013 RAID diskov\u00e9 pole<\/a><\/p>\n<p>\ud83d\udcbb <code>sudo apt install mdadm<\/code><\/p>\n<p>\ud83d\udcbb <code>sudo dpkg-reconfigure mdadm<\/code><\/p>\n<p><span class=\"pismo-cerna-b\"><a href=\"https:\/\/en.wikipedia.org\/wiki\/Network_utility\" target=\"_blank\" rel=\"noopener noreferrer\"><strong>net-tools<\/strong><\/a><\/span> &#8211; s\u00ed\u0165ov\u00e9 n\u00e1stroje<br \/>\n\ud83d\udca1 <a href=\"https:\/\/milchyn.cz\/net-tools-sitove-nastroje\">net-tools \u2013 s\u00ed\u0165ov\u00e9 n\u00e1stroje<\/a><\/p>\n<p>\ud83d\udcbb <code>sudo apt install net-tools<\/code><\/p>\n<p><strong><span class=\"pismo-cerna-b\">ntp <\/span><\/strong>&#8211; synchronizace \u010dasu s internetem<\/p>\n<p>\ud83d\udcbb <code>sudo apt install ntp<\/code><\/p>\n<p><span class=\"pismo-cerna-b\"><strong>openssh-server<\/strong>, <strong>openssh-client<\/strong><\/span> &#8211; pro \u0161ifrovan\u00e9 p\u0159ipojen\u00ed p\u0159es p\u0159\u00edkazov\u00fd \u0159\u00e1dek<\/p>\n<p>\ud83d\udcbb <code>sudo apt install openssh-server openssh-client<\/code><\/p>\n<p><span class=\"pismo-cerna-b\"><strong><a href=\"https:\/\/www.pdflabs.com\/docs\/pdftk-cli-examples\/\" target=\"_blank\" rel=\"noopener noreferrer\">pdftk<\/a><\/strong>\u00a0<\/span>&#8211; \u00fapravy PDF soubor\u016f (rotace o 90\u00ba <code class=&#8220;code-line&#8220; style=&#8220;display: inline; margin: 0px; border-style: none;&#8220;>pdftk zdroj.pdf cat 1-endeast output c\u00edl.pdf<\/code> )<\/p>\n<p>\ud83d\udcbb <code>sudo apt install pdftk<\/code><\/p>\n<p><strong>pm-utils<\/strong> &#8211; \u00fasporn\u00fd re\u017eim bateri\u00ed notebooku sudo pm-powersave true<\/p>\n<p>\ud83d\udcbb <code>sudo apt install pm-utils<\/code><\/p>\n<p><span class=\"pismo-cerna-b\"><a href=\"https:\/\/sites.google.com\/site\/installationubuntu\/tools\/qr-encoding\" target=\"_blank\" rel=\"noopener noreferrer\">qrencode<\/a><\/span> &#8211; vytvo\u0159en\u00ed QR k\u00f3du z textu <code class=&#8220;code-line&#8220; style=&#8220;display: inline; margin: 0px; border-style: none;&#8220;>qrencode -o v\u00fdstup.png &#039;text&#039;<\/code>\u00a0 nebo \u00a0 <code class=&#8220;code-line&#8220; style=&#8220;display: inline; margin: 0px; border-style: none;&#8220;>cat soubor.txt |qrencode -m 5 -o v\u00fdstup.png<\/code><\/p>\n<p>\ud83d\udcbb <code>sudo apt install qrencode<\/code><\/p>\n<p><strong><span class=\"pismo-cerna-b\"><a id=\"app-quota\" href=\"http:\/\/www.abclinuxu.cz\/clanky\/system\/diskove-kvoty\" target=\"_blank\" rel=\"noopener noreferrer\">quota<\/a><\/span><\/strong> &#8211; limitace diskov\u00e9ho prostoru u\u017eivatel\u016fm<\/p>\n<p>\ud83d\udcbb <code>sudo apt install quota quotatool<\/code><\/p>\n<p><strong><span class=\"pismo-cerna-b\"><a id=\"app-sendmail\" href=\"http:\/\/manpages.ubuntu.com\/manpages\/bionic\/man8\/sendmailconfig.8.html\" target=\"_blank\" rel=\"noopener noreferrer\">sendmail<\/a><\/span><\/strong> &#8211; po\u0161tovn\u00ed syst\u00e9m<br \/>\nm\u00edt v <code class=&#8220;code-line&#8220; style=&#8220;display: inline; margin: 0px; border-style: none;&#8220;>\/etc\/hosts<\/code> zadan\u00fd hostaname na lok\u00e1ln\u00ed 127.0.1.1 v dom\u00e9nov\u00e9m tvaru (nap\u0159\u00edklad s: .local)<br \/>\n\ud83d\udca1 <a href=\"https:\/\/milchyn.cz\/sendmail-postovni-server\" rel=\"noopener noreferrer\">sendmail \u2013 po\u0161tovn\u00ed server<\/a><\/p>\n<p>\ud83d\udcbb <code>sudo apt install sendmail<\/code><\/p>\n<p>\ud83d\udcbb <code>sudo sendmailconfig<\/code><\/p>\n<p><strong><span class=\"pismo-cerna-b\"><a href=\"http:\/\/wiki.ubuntu.cz\/smartmontools\" target=\"_blank\" rel=\"noopener noreferrer\">smartmontools<\/a><\/span><\/strong> &#8211; v\u00fdpis kondice disku (p\u0159\u00edklad pro disk <code class=&#8220;code-line&#8220; style=&#8220;display: inline; margin: 0px; border-style: none;&#8220;>\/dev\/sda<\/code>\u00a0\u00a0<code class=&#8220;code-line&#8220; style=&#8220;display: inline; margin: 0px; border-style: none;&#8220;>sudo smartctl -s on -a \/dev\/sda<\/code> )<\/p>\n<p>\ud83d\udcbb <code>sudo apt install smartmontools<\/code><\/p>\n<p><span class=\"pismo-cerna-b\"><a id=\"app-sysstat\"><\/a><a href=\"http:\/\/sebastien.godard.pagesperso-orange.fr\/documentation.html\" target=\"_blank\" rel=\"noopener noreferrer\"><strong>sysstat<\/strong>\u00a0<\/a><\/span>&#8211; skupina reportovac\u00edch n\u00e1stroj\u016f vyu\u017eit\u00ed syst\u00e9mu a I\/O za\u0159\u00edzen\u00ed<\/p>\n<p>\ud83d\udcbb <code>sudo apt install sysstat<\/code><\/p>\n<p><strong><a href=\"https:\/\/en.wikipedia.org\/wiki\/TestDisk\">testdisk<\/a> <\/strong>&#8211; n\u00e1stroj pro opravu soubor\u016f<\/p>\n<p>\ud83d\udcbb <code>sudo apt install testdisk<\/code><\/p>\n<p><strong><span class=\"pismo-cerna-b\"><a href=\"http:\/\/www.abclinuxu.cz\/clanky\/navody\/editor-vim-prakticky-i\" target=\"_blank\" rel=\"noopener noreferrer\">vim<\/a><\/span><\/strong> &#8211; textov\u00fd editor<\/p>\n<p>\ud83d\udcbb <code>sudo apt install vim<\/code><\/p>\n<p><\/div><\/div>\n<a id=\"multimedia\"><\/a><div class=\"mch-acr\"><div class=\"mch-acr-title\" role=\"button\" tabindex=\"0\" aria-expanded=\"false\" aria-controls=\"mch-acr-content-5\">Multimedia<\/div><div id=\"mch-acr-content-5\" class=\"mch-acr-content\" hidden><\/p>\n<p><strong><span class=\"pismo-cerna-b\"><a id=\"app-ffmpeg\" href=\"https:\/\/ffmpeg.org\/about.html\" target=\"_blank\" rel=\"noopener noreferrer\">FFmpeg<\/a><\/span><\/strong> &#8211; soubor aplikac\u00ed p\u0159\u00edkazov\u00e9ho \u0159\u00e1dku pro p\u0159evody form\u00e1t\u016f audio\/video\/obr\u00e1zky i jako \u0159e\u0161en\u00ed monitorovac\u00edch videokamer<br \/>\n\ud83d\udca1 <a href=\"https:\/\/milchyn.cz\/ffmpeg-zpracovani-multimedii\" rel=\"noopener noreferrer\">ffmpeg \u2013 zpracov\u00e1n\u00ed multim\u00e9di\u00ed<\/a><\/p>\n<p>\ud83d\udcbb <code>sudo add-apt-repository ppa:jonathonf\/ffmpeg-3<\/code><\/p>\n<p>\ud83d\udcbb <code>sudo apt update<\/code><\/p>\n<p>\ud83d\udcbb <code>sudo apt install ffmpeg x264 x265<\/code><\/p>\n<p><span class=\"pismo-cerna-b\"><strong><a href=\"https:\/\/help.ubuntu.com\/community\/MiniDLNA\" target=\"_blank\" rel=\"noopener noreferrer\">minidlna<\/a><\/strong>\u00a0<\/span>&#8211; sd\u00edlen\u00ed multimedi\u00e1ln\u00edch soubor\u016f v s\u00edti pro za\u0159\u00edzen\u00ed podporuj\u00edc\u00ed DLNA nap\u0159. nov\u011bj\u0161\u00ed televize apod.<\/p>\n<p>\ud83d\udcbb <code>sudo apt install minidlna<\/code><\/p>\n<p><strong><a href=\"https:\/\/imagemagick.org\/index.php\">ImageMagick <\/a><\/strong>&#8211; \u00fapravy form\u00e1tu grafick\u00fdch soubor\u016f z p\u0159\u00edkazov\u00e9 \u0159\u00e1dky <a href=\"http:\/\/www.imagemagick.org\/script\/command-line-options.php\">parametry<\/a> p\u0159\u00edkazu <code class=&#8220;code-line&#8220; style=&#8220;display: inline; margin: 0px; border-style: none;&#8220;>convert<\/code>\u00a0.<\/p>\n<p>\ud83d\udcbb <code>sudo apt install imagemagick<\/code><\/p>\n<p><strong><span class=\"pismo-cerna-b\"><a id=\"app-v4l-utils\" href=\"https:\/\/en.wikipedia.org\/wiki\/Video4Linux\" target=\"_blank\" rel=\"noopener noreferrer\">Video4Linux<\/a>\u00a0<\/span><\/strong>&#8211; podpora WebKamer, nastavov\u00e1n\u00ed parametr\u016f (p\u0159\u00edklad: <code class=&#8220;code-line&#8220; style=&#8220;display: inline; margin: 0px; border-style: none;&#8220;>v4l2-ctl -d \/dev\/video0 -VPLl --all --list-formats-ext<\/code>\u00a0)<br \/>\n\ud83d\udca1 <a href=\"https:\/\/milchyn.cz\/v4l-podpora-webkamer\">v4l \u2013 podpora WebKamer<\/a><\/p>\n<p>\ud83d\udcbb <code>sudo apt install v4l-utils<\/code><\/p>\n<p><span class=\"pismo-cerna-b\"><strong><a href=\"http:\/\/rg3.github.io\/youtube-dl\/\" target=\"_blank\" rel=\"noopener noreferrer\">youtube-dl<\/a><\/strong>\u00a0<\/span>&#8211; stahov\u00e1n\u00ed audio\/video soubor\u016f z YouTube<\/p>\n<p>\ud83d\udcbb <code>sudo apt install youtube-dl<\/code><\/p>\n<p><\/div><\/div>\n<a id=\"v\u00fdvoj\"><\/a><div class=\"mch-acr\"><div class=\"mch-acr-title\" role=\"button\" tabindex=\"0\" aria-expanded=\"false\" aria-controls=\"mch-acr-content-6\">V\u00fdvoj<\/div><div id=\"mch-acr-content-6\" class=\"mch-acr-content\" hidden><\/p>\n<p><span class=\"pismo-cerna-b\"><a id=\"app-minipro\"><\/a><strong><a id=\"app-ffmpeg\" href=\"https:\/\/gitlab.com\/DavidGriffith\/minipro\" target=\"_blank\" rel=\"noopener noreferrer\">minipro<\/a><\/strong><\/span> &#8211; program a ovlada\u010d pro XGecu program\u00e1tor <strong>TL866<\/strong>.<\/p>\n<p>\ud83d\udca1 <a href=\"https:\/\/gitlab.com\/DavidGriffith\/minipro\">https:\/\/gitlab.com\/DavidGriffith\/minipro<\/a> ; <a href=\"https:\/\/www.ullright.org\/ullWiki\/show\/eeprom-programmer\">https:\/\/www.ullright.org\/ullWiki\/show\/eeprom-programmer<\/a> ; <a href=\"http:\/\/www.autoelectric.cn\/en\/tl866_main.html\">http:\/\/www.autoelectric.cn\/en\/tl866_main.html<\/a><\/p>\n<p><em><strong>Instalace:<\/strong><\/em><\/p>\n<p>\ud83d\udcbb <code>git clone https:\/\/gitlab.com\/DavidGriffith\/minipro.git<\/code><\/p>\n<p>\ud83d\udcbb <code>cd minipro<\/code><\/p>\n<p>\ud83d\udcbb <code>make<\/code><\/p>\n<p>\ud83d\udcbb <code>sudo make install<\/code><\/p>\n<p><em><strong>P\u0159\u00edklad zobrazen\u00ed obsahu pam\u011bti:<\/strong><\/em><\/p>\n<p>\ud83d\udcbb <code>minipro -p &quot;W25Q64BV@SOIC8&quot; -r- | xxd | less<\/code><\/p>\n<p>&nbsp;<\/p>\n<p><span class=\"pismo-cerna-b\"><a id=\"app-st-link\"><\/a><strong><a id=\"app-ffmpeg\" href=\"https:\/\/freeelectron.ro\/installing-st-link-v2-to-flash-stm32-targets-on-linux\/\" target=\"_blank\" rel=\"noopener noreferrer\">st-link<\/a><\/strong><\/span> &#8211; program a ovlada\u010d pro program\u00e1tor <strong>ST-Link v2<\/strong> pro v\u00fdmaz\/z\u00e1pis\/\u010dten\u00ed\/info mikrokontrol\u00e9ru STM32.<\/p>\n<p>\ud83d\udca1 <a href=\"https:\/\/milchyn.cz\/xubuntu-aplikace-serverove?open=1&amp;accordion_id=vyvoj#vyvoj\" rel=\"noopener noreferrer\">st-link \u2013 programov\u00e1n\u00ed STM32<\/a><\/p>\n<p>\ud83d\udcbb <code>sudo apt install stlink-tools<\/code><\/p>\n<p>\ud83d\udcbb <code>sudo apt install st-stlink-udev-rules<\/code><\/p>\n<p><a id=\"app-stm32cubeide\"><\/a><a href=\"https:\/\/www.st.com\/en\/development-tools\/stm32-ides.html\" target=\"_blank\" rel=\"noopener\"><strong><span class=\"pismo-cerna-b\">STM32CubeIDE<\/span><\/strong><\/a> &#8211; v\u00fdvojov\u00e9 prost\u0159ed\u00ed STM32 mikrokontrol\u00e9r\u016f ke sta\u017een\u00ed <a href=\"https:\/\/www.st.com\/en\/development-tools\/stm32cubeide.html\" target=\"_blank\" rel=\"noopener\">zde<\/a> , rozbalen\u00ed a instalace:<\/p>\n<p>\ud83d\udcbb <code>unzip .\/st-stm32cubeide_1.11.2_14494_20230119_0724.unsigned_amd64.deb_bundle.sh.zip<\/code><\/p>\n<p>\ud83d\udcbb <code>sudo sh .\/st-stm32cubeide_1.11.2_14494_20230119_0724.unsigned_amd64.deb_bundle.sh<\/code><\/p>\n<p><\/div><\/div>\n","protected":false},"excerpt":{"rendered":"","protected":false},"author":1,"featured_media":0,"parent":2101,"menu_order":90,"comment_status":"closed","ping_status":"closed","template":"","meta":{"footnotes":""},"class_list":["post-3403","page","type-page","status-publish","hentry"],"yoast_head":"<!-- This site is optimized with the Yoast SEO plugin v26.1.1 - https:\/\/yoast.com\/wordpress\/plugins\/seo\/ -->\n<title>Aplikace Serverov\u00e9 (negrafick\u00e9) - milchyn.cz<\/title>\n<meta name=\"robots\" content=\"index, follow, max-snippet:-1, max-image-preview:large, max-video-preview:-1\" \/>\n<link rel=\"canonical\" href=\"https:\/\/milchyn.cz\/xubuntu-aplikace-serverove\" \/>\n<meta property=\"og:locale\" content=\"cs_CZ\" \/>\n<meta property=\"og:type\" content=\"article\" \/>\n<meta property=\"og:title\" content=\"Aplikace Serverov\u00e9 (negrafick\u00e9) - milchyn.cz\" \/>\n<meta property=\"og:url\" content=\"https:\/\/milchyn.cz\/xubuntu-aplikace-serverove\" \/>\n<meta property=\"og:site_name\" content=\"milchyn.cz\" \/>\n<meta property=\"article:modified_time\" content=\"2025-09-22T11:34:39+00:00\" \/>\n<meta name=\"twitter:card\" content=\"summary_large_image\" \/>\n<meta name=\"twitter:label1\" content=\"Odhadovan\u00e1 doba \u010dten\u00ed\" \/>\n\t<meta name=\"twitter:data1\" content=\"2 minuty\" \/>\n<script type=\"application\/ld+json\" class=\"yoast-schema-graph\">{\"@context\":\"https:\/\/schema.org\",\"@graph\":[{\"@type\":\"WebPage\",\"@id\":\"https:\/\/milchyn.cz\/xubuntu-aplikace-serverove\",\"url\":\"https:\/\/milchyn.cz\/xubuntu-aplikace-serverove\",\"name\":\"Aplikace Serverov\u00e9 (negrafick\u00e9) - milchyn.cz\",\"isPartOf\":{\"@id\":\"https:\/\/milchyn.cz\/#website\"},\"datePublished\":\"2018-08-07T06:04:30+00:00\",\"dateModified\":\"2025-09-22T11:34:39+00:00\",\"breadcrumb\":{\"@id\":\"https:\/\/milchyn.cz\/xubuntu-aplikace-serverove#breadcrumb\"},\"inLanguage\":\"cs\",\"potentialAction\":[{\"@type\":\"ReadAction\",\"target\":[\"https:\/\/milchyn.cz\/xubuntu-aplikace-serverove\"]}]},{\"@type\":\"BreadcrumbList\",\"@id\":\"https:\/\/milchyn.cz\/xubuntu-aplikace-serverove#breadcrumb\",\"itemListElement\":[{\"@type\":\"ListItem\",\"position\":1,\"name\":\"Dom\u016f\",\"item\":\"https:\/\/milchyn.cz\/\"},{\"@type\":\"ListItem\",\"position\":2,\"name\":\"Linux\",\"item\":\"https:\/\/milchyn.cz\/pocitac-s-linuxem\"},{\"@type\":\"ListItem\",\"position\":3,\"name\":\"Po\u010d\u00edta\u010d s Xubuntu\",\"item\":\"https:\/\/milchyn.cz\/pocitac-s-linuxem\/pocitac-s-xubuntu\"},{\"@type\":\"ListItem\",\"position\":4,\"name\":\"Aplikace &#8211; Ostatn\u00ed \ud83c\udf00\",\"item\":\"https:\/\/milchyn.cz\/aplikace-ostatni\"},{\"@type\":\"ListItem\",\"position\":5,\"name\":\"Aplikace Serverov\u00e9 (negrafick\u00e9)\"}]},{\"@type\":\"WebSite\",\"@id\":\"https:\/\/milchyn.cz\/#website\",\"url\":\"https:\/\/milchyn.cz\/\",\"name\":\"milchyn.cz\",\"description\":\"\",\"potentialAction\":[{\"@type\":\"SearchAction\",\"target\":{\"@type\":\"EntryPoint\",\"urlTemplate\":\"https:\/\/milchyn.cz\/?s={search_term_string}\"},\"query-input\":{\"@type\":\"PropertyValueSpecification\",\"valueRequired\":true,\"valueName\":\"search_term_string\"}}],\"inLanguage\":\"cs\"}]}<\/script>\n<!-- \/ Yoast SEO plugin. -->","yoast_head_json":{"title":"Aplikace Serverov\u00e9 (negrafick\u00e9) - milchyn.cz","robots":{"index":"index","follow":"follow","max-snippet":"max-snippet:-1","max-image-preview":"max-image-preview:large","max-video-preview":"max-video-preview:-1"},"canonical":"https:\/\/milchyn.cz\/xubuntu-aplikace-serverove","og_locale":"cs_CZ","og_type":"article","og_title":"Aplikace Serverov\u00e9 (negrafick\u00e9) - milchyn.cz","og_url":"https:\/\/milchyn.cz\/xubuntu-aplikace-serverove","og_site_name":"milchyn.cz","article_modified_time":"2025-09-22T11:34:39+00:00","twitter_card":"summary_large_image","twitter_misc":{"Odhadovan\u00e1 doba \u010dten\u00ed":"2 minuty"},"schema":{"@context":"https:\/\/schema.org","@graph":[{"@type":"WebPage","@id":"https:\/\/milchyn.cz\/xubuntu-aplikace-serverove","url":"https:\/\/milchyn.cz\/xubuntu-aplikace-serverove","name":"Aplikace Serverov\u00e9 (negrafick\u00e9) - milchyn.cz","isPartOf":{"@id":"https:\/\/milchyn.cz\/#website"},"datePublished":"2018-08-07T06:04:30+00:00","dateModified":"2025-09-22T11:34:39+00:00","breadcrumb":{"@id":"https:\/\/milchyn.cz\/xubuntu-aplikace-serverove#breadcrumb"},"inLanguage":"cs","potentialAction":[{"@type":"ReadAction","target":["https:\/\/milchyn.cz\/xubuntu-aplikace-serverove"]}]},{"@type":"BreadcrumbList","@id":"https:\/\/milchyn.cz\/xubuntu-aplikace-serverove#breadcrumb","itemListElement":[{"@type":"ListItem","position":1,"name":"Dom\u016f","item":"https:\/\/milchyn.cz\/"},{"@type":"ListItem","position":2,"name":"Linux","item":"https:\/\/milchyn.cz\/pocitac-s-linuxem"},{"@type":"ListItem","position":3,"name":"Po\u010d\u00edta\u010d s Xubuntu","item":"https:\/\/milchyn.cz\/pocitac-s-linuxem\/pocitac-s-xubuntu"},{"@type":"ListItem","position":4,"name":"Aplikace &#8211; Ostatn\u00ed \ud83c\udf00","item":"https:\/\/milchyn.cz\/aplikace-ostatni"},{"@type":"ListItem","position":5,"name":"Aplikace Serverov\u00e9 (negrafick\u00e9)"}]},{"@type":"WebSite","@id":"https:\/\/milchyn.cz\/#website","url":"https:\/\/milchyn.cz\/","name":"milchyn.cz","description":"","potentialAction":[{"@type":"SearchAction","target":{"@type":"EntryPoint","urlTemplate":"https:\/\/milchyn.cz\/?s={search_term_string}"},"query-input":{"@type":"PropertyValueSpecification","valueRequired":true,"valueName":"search_term_string"}}],"inLanguage":"cs"}]}},"_links":{"self":[{"href":"https:\/\/milchyn.cz\/index.php?rest_route=\/wp\/v2\/pages\/3403","targetHints":{"allow":["GET"]}}],"collection":[{"href":"https:\/\/milchyn.cz\/index.php?rest_route=\/wp\/v2\/pages"}],"about":[{"href":"https:\/\/milchyn.cz\/index.php?rest_route=\/wp\/v2\/types\/page"}],"author":[{"embeddable":true,"href":"https:\/\/milchyn.cz\/index.php?rest_route=\/wp\/v2\/users\/1"}],"replies":[{"embeddable":true,"href":"https:\/\/milchyn.cz\/index.php?rest_route=%2Fwp%2Fv2%2Fcomments&post=3403"}],"version-history":[{"count":0,"href":"https:\/\/milchyn.cz\/index.php?rest_route=\/wp\/v2\/pages\/3403\/revisions"}],"up":[{"embeddable":true,"href":"https:\/\/milchyn.cz\/index.php?rest_route=\/wp\/v2\/pages\/2101"}],"wp:attachment":[{"href":"https:\/\/milchyn.cz\/index.php?rest_route=%2Fwp%2Fv2%2Fmedia&parent=3403"}],"curies":[{"name":"wp","href":"https:\/\/api.w.org\/{rel}","templated":true}]}}