{"id":3328,"date":"2019-03-24T12:23:27","date_gmt":"2019-03-24T11:23:27","guid":{"rendered":"http:\/\/milchyn.cz\/?page_id=3328"},"modified":"2026-03-03T16:57:33","modified_gmt":"2026-03-03T16:57:33","slug":"instalacni-usb-disk","status":"publish","type":"page","link":"https:\/\/milchyn.cz\/instalacni-usb-disk","title":{"rendered":"Instala\u010dn\u00ed USB flashdisk"},"content":{"rendered":"<p>Jednoduch\u00fd p\u0159\u00edklad vytvo\u0159en\u00ed instala\u010dn\u00edho USB flashdisku <strong>Xubuntu 24.04.3 LTS<\/strong> principem \u201edd\u201c kop\u00edrov\u00e1n\u00ed.<\/p>\n<h5>Sta\u017een\u00ed instala\u010dn\u00edho ISO souboru:<\/h5>\n<p>V\u00fdb\u011brem ze str\u00e1nky\u00a0 <strong><a href=\"https:\/\/cdimage.ubuntu.com\/xubuntu\/releases\/24.04.2\/release\/\" target=\"_blank\" rel=\"noopener\">https:\/\/cdimage.ubuntu.com\/xubuntu\/releases\/24.04.3\/release\/xubuntu-24.04.3-desktop-amd64.iso<\/a><\/strong><\/p>\n<p>nebo soubor st\u00e1hnout p\u0159\u00edkazem rovnou do adres\u00e1\u0159e <code>~\/Sta\u017een\u00e9<\/code> :<\/p>\n<p>\ud83d\udcbb <code>wget -O &lt;mark&gt;~\/Sta\u017een\u00e9\/xubuntu-24.04.3-desktop-amd64.iso&lt;\/mark&gt; https:\/\/cdimage.ubuntu.com\/xubuntu\/releases\/24.04.3\/release\/xubuntu-24.04.3-desktop-amd64.iso<\/code><\/p>\n<p><strong>\u261d\ufe0f<\/strong> Nen\u00ed-li Linux v \u010desk\u00e9 lokalizaci, tak m\u00edsto adres\u00e1\u0159e <code>~\/Sta\u017een\u00e9<\/code>\u00a0 je <code>~\/Downloads<\/code>:<\/p>\n<p>\ud83d\udcbb <code>wget -O ~\/Downloads\/xubuntu-24.04.3-desktop-amd64.iso https:\/\/cdimage.ubuntu.com\/xubuntu\/releases\/24.04.3\/release\/xubuntu-24.04.3-desktop-amd64.iso<\/code><\/p>\n<h5>Vytvo\u0159en\u00ed instala\u010dn\u00edho USB flashdisku<\/h5>\n<p>Instala\u010dn\u00ed ISO soubor se nakop\u00edruje do flashdisku, p\u0159imo do jeho \u201edev\u201c souboru za\u0159\u00edzen\u00ed, nikoli jako obsah do filesyst\u00e9mu.<\/p>\n<p><strong>\u261d\ufe0f<\/strong>V p\u0159\u00edkladu je USB flashdisk jako <mark>\/dev\/sdx<\/mark>, ale je pot\u0159eba pou\u017e\u00edt aktu\u00e1ln\u00ed lokaci.<\/p>\n<p>\ud83d\udcbb <code>sudo dd if=&lt;mark&gt;~\/Sta\u017een\u00e9\/xubuntu-24.04.3-desktop-amd64.iso&lt;\/mark&gt; of=&lt;mark&gt;\/dev\/sdx&lt;\/mark&gt; bs=4M status=progress conv=fdatasync<\/code><\/p>\n<p>\ud83d\udcbb <code>sync<\/code><\/p>\n<p>Po nakop\u00edrov\u00e1n\u00ed m\u00e1 flashdisk tyto odd\u00edly:<\/p>\n<p>\ud83d\udcbb <code>sudo gdisk -l \/dev\/sdx<\/code><br \/>\n<pre>&lt;i&gt;GPT fdisk (gdisk) version 1.0.10\n\nPartition table scan:\n&nbsp;&nbsp;MBR: protective\n&nbsp;&nbsp;BSD: not present\n&nbsp;&nbsp;APM: not present\n&nbsp;&nbsp;GPT: present\n\nFound valid GPT with protective MBR; using GPT.\nDisk &lt;mark&gt;\/dev\/sdx&lt;\/mark&gt;: 60125184 sectors, 28.7 GiB\nModel:&nbsp;&nbsp;SanDisk 3.2Gen1\nSector size (logical\/physical): 512\/512 bytes\nDisk identifier (GUID): 99C3D184-F2E9-4E1F-9099-7D0BCAF00ED1\nPartition table holds up to 248 entries\nMain partition table begins at sector 2 and ends at sector 63\nFirst usable sector is 64, last usable sector is 8422644\nPartitions will be aligned on 4-sector boundaries\nTotal free space is 1 sectors (512 bytes)\n\nNumber&nbsp;&nbsp;Start (sector)&nbsp;&nbsp;&nbsp;&nbsp;End (sector)&nbsp;&nbsp;Size&nbsp;&nbsp;&nbsp;&nbsp;&nbsp;&nbsp; Code&nbsp;&nbsp;Name\n&nbsp;&nbsp; &lt;mark&gt;1&lt;\/mark&gt;&nbsp;&nbsp;&nbsp;&nbsp;&nbsp;&nbsp;&nbsp;&nbsp;&nbsp;&nbsp;&nbsp;&nbsp;&nbsp;&nbsp;64&nbsp;&nbsp;&nbsp;&nbsp;&nbsp;&nbsp;&nbsp;&nbsp; 8411883&nbsp;&nbsp; 4.0 GiB&nbsp;&nbsp;&nbsp;&nbsp; &lt;mark&gt;0700&lt;\/mark&gt;&nbsp;&nbsp;&lt;mark&gt;ISO9660&lt;\/mark&gt;\n&nbsp;&nbsp; 2&nbsp;&nbsp;&nbsp;&nbsp;&nbsp;&nbsp;&nbsp;&nbsp; 8411884&nbsp;&nbsp;&nbsp;&nbsp;&nbsp;&nbsp;&nbsp;&nbsp; 8422043&nbsp;&nbsp; 5.0 MiB&nbsp;&nbsp;&nbsp;&nbsp; EF00&nbsp;&nbsp;Appended2\n&nbsp;&nbsp; 3&nbsp;&nbsp;&nbsp;&nbsp;&nbsp;&nbsp;&nbsp;&nbsp; 8422044&nbsp;&nbsp;&nbsp;&nbsp;&nbsp;&nbsp;&nbsp;&nbsp; 8422643&nbsp;&nbsp; 300.0 KiB&nbsp;&nbsp; 0700&nbsp;&nbsp;Gap1\n&lt;\/i&gt;<\/pre><\/p>\n<h5>Co se zbyl\u00fdm m\u00edstem USB flashdisku<\/h5>\n<p>Po odpojen\u00ed a p\u0159ipojen\u00ed flashdisku je dostupn\u00fd pouze filesyst\u00e9m o velikosti nakop\u00edrovan\u00e9ho ISO souboru:<\/p>\n<p>\ud83d\udcbb <code>df \/dev\/sdx1<\/code><br \/>\n<pre>&lt;i&gt;Souborov\u00fd syst\u00e9m 1K blok\u016f&nbsp;&nbsp; U\u017eito Voln\u00e9 U\u017ei% P\u0159ipojeno do\n&lt;mark&gt;\/dev\/sdx1&lt;\/mark&gt;&nbsp;&nbsp;&nbsp;&nbsp;&nbsp;&nbsp;&nbsp;&nbsp; 4205910 4205910&nbsp;&nbsp;&nbsp;&nbsp; 0 100% \/media\/mi\/&lt;mark&gt;Xubuntu 24.04.3 LTS amd64&lt;\/mark&gt;&lt;\/i&gt;<\/pre><\/p>\n<ul>\n<li>\n<h5>ru\u010dn\u00ed zalo\u017een\u00ed<\/h5>\n<p>\ud83d\udcbb <code>sudo umount \/dev\/sdx1<\/code><br \/>\n\ud83d\udcbb <code>sudo sgdisk -n 4:0:0 -t 4:8300 -c 4:&quot;DATA&quot; \/dev\/sdx<\/code><br \/>\n\ud83d\udcbb <code>sudo gdisk -l \/dev\/sdx<\/code><br \/>\n<pre>&lt;i&gt;GPT fdisk (gdisk) version 1.0.10\n\nPartition table scan:\n&nbsp;&nbsp;MBR: protective\n&nbsp;&nbsp;BSD: not present\n&nbsp;&nbsp;APM: not present\n&nbsp;&nbsp;GPT: present\n\nFound valid GPT with protective MBR; using GPT.\nDisk &lt;mark&gt;\/dev\/sdx&lt;\/mark&gt;: 60125184 sectors, 28.7 GiB\nModel:&nbsp;&nbsp;SanDisk 3.2Gen1\nSector size (logical\/physical): 512\/512 bytes\nDisk identifier (GUID): 99C3D184-F2E9-4E1F-9099-7D0BCAF00ED1\nPartition table holds up to 248 entries\nMain partition table begins at sector 2 and ends at sector 63\nFirst usable sector is 64, last usable sector is 60125120\nPartitions will be aligned on 4-sector boundaries\nTotal free space is 0 sectors (0 bytes)\n\nNumber&nbsp;&nbsp;Start (sector)&nbsp;&nbsp;&nbsp;&nbsp;End (sector)&nbsp;&nbsp;Size&nbsp;&nbsp;&nbsp;&nbsp;&nbsp;&nbsp; Code&nbsp;&nbsp;Name\n&nbsp;&nbsp; 1&nbsp;&nbsp;&nbsp;&nbsp;&nbsp;&nbsp;&nbsp;&nbsp;&nbsp;&nbsp;&nbsp;&nbsp;&nbsp;&nbsp;64&nbsp;&nbsp;&nbsp;&nbsp;&nbsp;&nbsp;&nbsp;&nbsp; 8411883&nbsp;&nbsp; 4.0 GiB&nbsp;&nbsp;&nbsp;&nbsp; 0700&nbsp;&nbsp;ISO9660\n&nbsp;&nbsp; 2&nbsp;&nbsp;&nbsp;&nbsp;&nbsp;&nbsp;&nbsp;&nbsp; 8411884&nbsp;&nbsp;&nbsp;&nbsp;&nbsp;&nbsp;&nbsp;&nbsp; 8422043&nbsp;&nbsp; 5.0 MiB&nbsp;&nbsp;&nbsp;&nbsp; EF00&nbsp;&nbsp;Appended2\n&nbsp;&nbsp; 3&nbsp;&nbsp;&nbsp;&nbsp;&nbsp;&nbsp;&nbsp;&nbsp; 8422044&nbsp;&nbsp;&nbsp;&nbsp;&nbsp;&nbsp;&nbsp;&nbsp; 8422643&nbsp;&nbsp; 300.0 KiB&nbsp;&nbsp; 0700&nbsp;&nbsp;Gap1\n&nbsp;&nbsp; &lt;mark&gt;4&lt;\/mark&gt;&nbsp;&nbsp;&nbsp;&nbsp;&nbsp;&nbsp;&nbsp;&nbsp; 8422644&nbsp;&nbsp;&nbsp;&nbsp;&nbsp;&nbsp;&nbsp;&nbsp;60125120&nbsp;&nbsp; 24.7 GiB&nbsp;&nbsp;&nbsp;&nbsp;&lt;mark&gt;8300&lt;\/mark&gt;&nbsp;&nbsp;&lt;mark&gt;DATA&lt;\/mark&gt;&lt;\/i&gt;<\/pre><br \/>\n\ud83d\udcbb <code>sudo mkfs.ext4 -m 0 -L &quot;USB-Xubuntu-Data&quot; \/dev\/sdx4<\/code><br \/>\n\ud83d\udcbb <code>sync<\/code><\/p>\n<p>&nbsp;<\/p>\n<p>Vysunout a zasunout flashdisk, aby prob\u011bhlo automatick\u00e9 p\u0159ipojen\u00ed jeho filesyst\u00e9m\u016f, kter\u00e9 se zobraz\u00ed i p\u0159\u00edkazem:<br \/>\n\ud83d\udcbb <code>df \/dev\/sdx*<\/code><br \/>\n<pre>&lt;i&gt;Souborov\u00fd syst\u00e9m 1K blok\u016f&nbsp;&nbsp; U\u017eito&nbsp;&nbsp;&nbsp;&nbsp;Voln\u00e9 U\u017ei% P\u0159ipojeno do\nudev&nbsp;&nbsp;&nbsp;&nbsp;&nbsp;&nbsp;&nbsp;&nbsp;&nbsp;&nbsp;&nbsp;&nbsp; 16235924&nbsp;&nbsp;&nbsp;&nbsp;&nbsp;&nbsp; 0 16235924&nbsp;&nbsp; 0% \/dev\n\/dev\/sdx1&nbsp;&nbsp;&nbsp;&nbsp;&nbsp;&nbsp;&nbsp;&nbsp; 4205910 4205910&nbsp;&nbsp;&nbsp;&nbsp;&nbsp;&nbsp;&nbsp;&nbsp;0 100% \/media\/mi\/Xubuntu 24.04.3 LTS amd64\nudev&nbsp;&nbsp;&nbsp;&nbsp;&nbsp;&nbsp;&nbsp;&nbsp;&nbsp;&nbsp;&nbsp;&nbsp; 16235924&nbsp;&nbsp;&nbsp;&nbsp;&nbsp;&nbsp; 0 16235924&nbsp;&nbsp; 0% \/dev\nudev&nbsp;&nbsp;&nbsp;&nbsp;&nbsp;&nbsp;&nbsp;&nbsp;&nbsp;&nbsp;&nbsp;&nbsp; 16235924&nbsp;&nbsp;&nbsp;&nbsp;&nbsp;&nbsp; 0 16235924&nbsp;&nbsp; 0% \/dev\n&lt;mark&gt;\/dev\/sdx4&lt;\/mark&gt;&nbsp;&nbsp;&nbsp;&nbsp;&nbsp;&nbsp;&nbsp;&nbsp;25268592&nbsp;&nbsp;&nbsp;&nbsp;&nbsp;&nbsp;24 25252184&nbsp;&nbsp; 1% \/media\/mi\/&lt;mark&gt;USB-Xubuntu-Data&lt;\/mark&gt;&lt;\/i&gt;<\/pre>\n<\/li>\n<li>\n<h5>automatick\u00e9 zalo\u017een\u00ed<\/h5>\n<p>Zaveden\u00edm Xubuntu do po\u010d\u00edta\u010de z instala\u010dn\u00edho USB flashdisku se na n\u011bm automaticky vytvo\u0159\u00ed odd\u00edl do zbytku jeho velikosti, s filesyst\u00e9mem ext4, kter\u00fd je k voln\u00e9mu pou\u017eit\u00ed.<\/li>\n<\/ul>\n<p>&nbsp;<\/p>\n<h5>Odzkou\u0161en\u00ed bootu USB flashdisku<\/h5>\n<p>\ud83d\udca1Skouknout v nastaven\u00ed z\u00e1kladn\u00ed desky <em>(po zapnut\u00ed po\u010d\u00edta\u010de p\u0159es kl\u00e1vesu &#8222;F2&#8220; p\u0159\u00edpadn\u011b &#8222;Del&#8220;)<\/em>, \u017ee je &#8222;Secure Boot&#8220; vypnut\u00fd.<br \/>\nNap\u0159\u00edklad:<\/p>\n<p>&nbsp;<\/p>\n<p><img decoding=\"async\" class=\"size-full wp-image-8534 alignnone\" src=\"https:\/\/milchyn.cz\/wp-content\/uploads\/2025\/06\/uefi-unsecure-e1749976345360.png\" alt=\"\" \/><\/p>\n<p>&nbsp;<\/p>\n<p>A nebo, jde-li o star\u0161\u00ed z\u00e1kladn\u00ed desku, tak m\u00edsto volby &#8222;<strong>UEFI<\/strong>&#8220; pou\u017e\u00edt &#8222;<strong>Legacy<\/strong>&#8220; pro zaveden\u00ed p\u0159es <strong>MBR<\/strong>.<\/p>\n<p>&nbsp;<\/p>\n<p>\u261d\ufe0fPokud byl <mark>4. datov\u00fd odd\u00edl<\/mark> vytvo\u0159en ru\u010dn\u011b <i>( u m\u011b je na <mark>\/dev\/sda <\/mark>) <\/i>, p\u0159ipoj\u00ed se:<\/p>\n<p>\ud83d\udcbb <code>udiskctl mount -p \/dev\/sda4<\/code><\/p>\n<p>&nbsp;<\/p>\n<p>\u261d\ufe0fP\u0159i vyp\u00edn\u00e1n\u00ed Xubuntu je v pr\u016fb\u011bhu pot\u0159eba d\u00e1t &#8222;Enter&#8220;, simuluj\u00edc\u00ed vysunut\u00ed m\u00e9dia.<\/p>\n<p>&nbsp;<\/p>\n<p>&nbsp;<\/p>\n","protected":false},"excerpt":{"rendered":"<p>Jednoduch\u00fd p\u0159\u00edklad vytvo\u0159en\u00ed instala\u010dn\u00edho USB flashdisku Xubuntu 24.04.3 LTS principem \u201edd\u201c kop\u00edrov\u00e1n\u00ed. Sta\u017een\u00ed instala\u010dn\u00edho ISO souboru: V\u00fdb\u011brem ze str\u00e1nky\u00a0 https:\/\/cdimage.ubuntu.com\/xubuntu\/releases\/24.04.3\/release\/xubuntu-24.04.3-desktop-amd64.iso nebo soubor st\u00e1hnout p\u0159\u00edkazem rovnou do adres\u00e1\u0159e ~\/Sta\u017een\u00e9 : \ud83d\udcbb wget -O &lt;mark&gt;~\/Sta\u017een\u00e9\/xubuntu-24.04.3-desktop-amd64.iso&lt;\/mark&gt; https:\/\/cdimage.ubuntu.com\/xubuntu\/releases\/24.04.3\/release\/xubuntu-24.04.3-desktop-amd64.iso \u261d\ufe0f Nen\u00ed-li Linux v \u010desk\u00e9 lokalizaci, tak m\u00edsto adres\u00e1\u0159e ~\/Sta\u017een\u00e9\u00a0 je ~\/Downloads: \ud83d\udcbb wget -O ~\/Downloads\/xubuntu-24.04.3-desktop-amd64.iso https:\/\/cdimage.ubuntu.com\/xubuntu\/releases\/24.04.3\/release\/xubuntu-24.04.3-desktop-amd64.iso Vytvo\u0159en\u00ed instala\u010dn\u00edho USB flashdisku [&hellip;]<\/p>\n","protected":false},"author":1,"featured_media":0,"parent":9730,"menu_order":-71,"comment_status":"closed","ping_status":"closed","template":"","meta":{"footnotes":""},"class_list":["post-3328","page","type-page","status-publish","hentry"],"yoast_head":"<!-- This site is optimized with the Yoast SEO plugin v26.1.1 - https:\/\/yoast.com\/wordpress\/plugins\/seo\/ -->\n<title>Instala\u010dn\u00ed USB flashdisk - milchyn.cz<\/title>\n<meta name=\"description\" content=\"Nejen pro instalaci Linuxov\u00e9 distribuce Xubuntu, ale i jen pro vyzkou\u0161en\u00ed si bez pot\u0159eby disku v po\u010d\u00edta\u010di.\" \/>\n<meta name=\"robots\" content=\"index, follow, max-snippet:-1, max-image-preview:large, max-video-preview:-1\" \/>\n<link rel=\"canonical\" href=\"https:\/\/milchyn.cz\/instalacni-usb-disk\" \/>\n<meta property=\"og:locale\" content=\"cs_CZ\" \/>\n<meta property=\"og:type\" content=\"article\" \/>\n<meta property=\"og:title\" content=\"Instala\u010dn\u00ed USB flashdisk - milchyn.cz\" \/>\n<meta property=\"og:description\" content=\"Nejen pro instalaci Linuxov\u00e9 distribuce Xubuntu, ale i jen pro vyzkou\u0161en\u00ed si bez pot\u0159eby disku v po\u010d\u00edta\u010di.\" \/>\n<meta property=\"og:url\" content=\"https:\/\/milchyn.cz\/instalacni-usb-disk\" \/>\n<meta property=\"og:site_name\" content=\"milchyn.cz\" \/>\n<meta property=\"article:modified_time\" content=\"2026-03-03T16:57:33+00:00\" \/>\n<meta property=\"og:image\" content=\"https:\/\/milchyn.cz\/wp-content\/uploads\/2025\/06\/uefi-unsecure-e1750089446563.png\" \/>\n\t<meta property=\"og:image:width\" content=\"332\" \/>\n\t<meta property=\"og:image:height\" content=\"250\" \/>\n\t<meta property=\"og:image:type\" content=\"image\/png\" \/>\n<meta name=\"twitter:card\" content=\"summary_large_image\" \/>\n<meta name=\"twitter:label1\" content=\"Odhadovan\u00e1 doba \u010dten\u00ed\" \/>\n\t<meta name=\"twitter:data1\" content=\"2 minuty\" \/>\n<script type=\"application\/ld+json\" class=\"yoast-schema-graph\">{\"@context\":\"https:\/\/schema.org\",\"@graph\":[{\"@type\":\"WebPage\",\"@id\":\"https:\/\/milchyn.cz\/instalacni-usb-disk\",\"url\":\"https:\/\/milchyn.cz\/instalacni-usb-disk\",\"name\":\"Instala\u010dn\u00ed USB flashdisk - milchyn.cz\",\"isPartOf\":{\"@id\":\"https:\/\/milchyn.cz\/#website\"},\"primaryImageOfPage\":{\"@id\":\"https:\/\/milchyn.cz\/instalacni-usb-disk#primaryimage\"},\"image\":{\"@id\":\"https:\/\/milchyn.cz\/instalacni-usb-disk#primaryimage\"},\"thumbnailUrl\":\"https:\/\/milchyn.cz\/wp-content\/uploads\/2025\/06\/uefi-unsecure-e1749976345360.png\",\"datePublished\":\"2019-03-24T11:23:27+00:00\",\"dateModified\":\"2026-03-03T16:57:33+00:00\",\"description\":\"Nejen pro instalaci Linuxov\u00e9 distribuce Xubuntu, ale i jen pro vyzkou\u0161en\u00ed si bez pot\u0159eby disku v po\u010d\u00edta\u010di.\",\"breadcrumb\":{\"@id\":\"https:\/\/milchyn.cz\/instalacni-usb-disk#breadcrumb\"},\"inLanguage\":\"cs\",\"potentialAction\":[{\"@type\":\"ReadAction\",\"target\":[\"https:\/\/milchyn.cz\/instalacni-usb-disk\"]}]},{\"@type\":\"ImageObject\",\"inLanguage\":\"cs\",\"@id\":\"https:\/\/milchyn.cz\/instalacni-usb-disk#primaryimage\",\"url\":\"https:\/\/milchyn.cz\/wp-content\/uploads\/2025\/06\/uefi-unsecure-e1750089446563.png\",\"contentUrl\":\"https:\/\/milchyn.cz\/wp-content\/uploads\/2025\/06\/uefi-unsecure-e1750089446563.png\",\"width\":332,\"height\":250},{\"@type\":\"BreadcrumbList\",\"@id\":\"https:\/\/milchyn.cz\/instalacni-usb-disk#breadcrumb\",\"itemListElement\":[{\"@type\":\"ListItem\",\"position\":1,\"name\":\"Dom\u016f\",\"item\":\"https:\/\/milchyn.cz\/\"},{\"@type\":\"ListItem\",\"position\":2,\"name\":\"Linux\",\"item\":\"https:\/\/milchyn.cz\/pocitac-s-linuxem\"},{\"@type\":\"ListItem\",\"position\":3,\"name\":\"Po\u010d\u00edta\u010d s Xubuntu\",\"item\":\"https:\/\/milchyn.cz\/pocitac-s-linuxem\/pocitac-s-xubuntu\"},{\"@type\":\"ListItem\",\"position\":4,\"name\":\"Instala\u010dn\u00ed USB flashdisk\"}]},{\"@type\":\"WebSite\",\"@id\":\"https:\/\/milchyn.cz\/#website\",\"url\":\"https:\/\/milchyn.cz\/\",\"name\":\"milchyn.cz\",\"description\":\"\",\"potentialAction\":[{\"@type\":\"SearchAction\",\"target\":{\"@type\":\"EntryPoint\",\"urlTemplate\":\"https:\/\/milchyn.cz\/?s={search_term_string}\"},\"query-input\":{\"@type\":\"PropertyValueSpecification\",\"valueRequired\":true,\"valueName\":\"search_term_string\"}}],\"inLanguage\":\"cs\"}]}<\/script>\n<!-- \/ Yoast SEO plugin. -->","yoast_head_json":{"title":"Instala\u010dn\u00ed USB flashdisk - milchyn.cz","description":"Nejen pro instalaci Linuxov\u00e9 distribuce Xubuntu, ale i jen pro vyzkou\u0161en\u00ed si bez pot\u0159eby disku v po\u010d\u00edta\u010di.","robots":{"index":"index","follow":"follow","max-snippet":"max-snippet:-1","max-image-preview":"max-image-preview:large","max-video-preview":"max-video-preview:-1"},"canonical":"https:\/\/milchyn.cz\/instalacni-usb-disk","og_locale":"cs_CZ","og_type":"article","og_title":"Instala\u010dn\u00ed USB flashdisk - milchyn.cz","og_description":"Nejen pro instalaci Linuxov\u00e9 distribuce Xubuntu, ale i jen pro vyzkou\u0161en\u00ed si bez pot\u0159eby disku v po\u010d\u00edta\u010di.","og_url":"https:\/\/milchyn.cz\/instalacni-usb-disk","og_site_name":"milchyn.cz","article_modified_time":"2026-03-03T16:57:33+00:00","og_image":[{"width":332,"height":250,"url":"https:\/\/milchyn.cz\/wp-content\/uploads\/2025\/06\/uefi-unsecure-e1750089446563.png","type":"image\/png"}],"twitter_card":"summary_large_image","twitter_misc":{"Odhadovan\u00e1 doba \u010dten\u00ed":"2 minuty"},"schema":{"@context":"https:\/\/schema.org","@graph":[{"@type":"WebPage","@id":"https:\/\/milchyn.cz\/instalacni-usb-disk","url":"https:\/\/milchyn.cz\/instalacni-usb-disk","name":"Instala\u010dn\u00ed USB flashdisk - milchyn.cz","isPartOf":{"@id":"https:\/\/milchyn.cz\/#website"},"primaryImageOfPage":{"@id":"https:\/\/milchyn.cz\/instalacni-usb-disk#primaryimage"},"image":{"@id":"https:\/\/milchyn.cz\/instalacni-usb-disk#primaryimage"},"thumbnailUrl":"https:\/\/milchyn.cz\/wp-content\/uploads\/2025\/06\/uefi-unsecure-e1749976345360.png","datePublished":"2019-03-24T11:23:27+00:00","dateModified":"2026-03-03T16:57:33+00:00","description":"Nejen pro instalaci Linuxov\u00e9 distribuce Xubuntu, ale i jen pro vyzkou\u0161en\u00ed si bez pot\u0159eby disku v po\u010d\u00edta\u010di.","breadcrumb":{"@id":"https:\/\/milchyn.cz\/instalacni-usb-disk#breadcrumb"},"inLanguage":"cs","potentialAction":[{"@type":"ReadAction","target":["https:\/\/milchyn.cz\/instalacni-usb-disk"]}]},{"@type":"ImageObject","inLanguage":"cs","@id":"https:\/\/milchyn.cz\/instalacni-usb-disk#primaryimage","url":"https:\/\/milchyn.cz\/wp-content\/uploads\/2025\/06\/uefi-unsecure-e1750089446563.png","contentUrl":"https:\/\/milchyn.cz\/wp-content\/uploads\/2025\/06\/uefi-unsecure-e1750089446563.png","width":332,"height":250},{"@type":"BreadcrumbList","@id":"https:\/\/milchyn.cz\/instalacni-usb-disk#breadcrumb","itemListElement":[{"@type":"ListItem","position":1,"name":"Dom\u016f","item":"https:\/\/milchyn.cz\/"},{"@type":"ListItem","position":2,"name":"Linux","item":"https:\/\/milchyn.cz\/pocitac-s-linuxem"},{"@type":"ListItem","position":3,"name":"Po\u010d\u00edta\u010d s Xubuntu","item":"https:\/\/milchyn.cz\/pocitac-s-linuxem\/pocitac-s-xubuntu"},{"@type":"ListItem","position":4,"name":"Instala\u010dn\u00ed USB flashdisk"}]},{"@type":"WebSite","@id":"https:\/\/milchyn.cz\/#website","url":"https:\/\/milchyn.cz\/","name":"milchyn.cz","description":"","potentialAction":[{"@type":"SearchAction","target":{"@type":"EntryPoint","urlTemplate":"https:\/\/milchyn.cz\/?s={search_term_string}"},"query-input":{"@type":"PropertyValueSpecification","valueRequired":true,"valueName":"search_term_string"}}],"inLanguage":"cs"}]}},"_links":{"self":[{"href":"https:\/\/milchyn.cz\/index.php?rest_route=\/wp\/v2\/pages\/3328","targetHints":{"allow":["GET"]}}],"collection":[{"href":"https:\/\/milchyn.cz\/index.php?rest_route=\/wp\/v2\/pages"}],"about":[{"href":"https:\/\/milchyn.cz\/index.php?rest_route=\/wp\/v2\/types\/page"}],"author":[{"embeddable":true,"href":"https:\/\/milchyn.cz\/index.php?rest_route=\/wp\/v2\/users\/1"}],"replies":[{"embeddable":true,"href":"https:\/\/milchyn.cz\/index.php?rest_route=%2Fwp%2Fv2%2Fcomments&post=3328"}],"version-history":[{"count":0,"href":"https:\/\/milchyn.cz\/index.php?rest_route=\/wp\/v2\/pages\/3328\/revisions"}],"up":[{"embeddable":true,"href":"https:\/\/milchyn.cz\/index.php?rest_route=\/wp\/v2\/pages\/9730"}],"wp:attachment":[{"href":"https:\/\/milchyn.cz\/index.php?rest_route=%2Fwp%2Fv2%2Fmedia&parent=3328"}],"curies":[{"name":"wp","href":"https:\/\/api.w.org\/{rel}","templated":true}]}}