{"id":3167,"date":"2017-12-27T21:37:34","date_gmt":"2017-12-27T20:37:34","guid":{"rendered":"http:\/\/milchyn.cz\/?page_id=3167"},"modified":"2017-12-27T21:37:34","modified_gmt":"2017-12-27T20:37:34","slug":"mini-kombo","status":"publish","type":"page","link":"https:\/\/milchyn.cz\/mini-kombo","title":{"rendered":"Mini kombo s limiterem"},"content":{"rendered":"<p>\u00a0Pro pot\u0159ebu p\u0159\u00edposlechu baskytary v mal\u00fdch prostor\u00e1ch (dom\u00e1c\u00ed pou\u017eit\u00ed, men\u0161\u00ed oslavy \ud83d\ude42 ) jsem si navrhnul mal\u00e9, snadno p\u0159enosn\u00e9 kombo. Handicap mal\u00e9 reprobedny jsem kompenzoval elektronicky. P\u0159edzesilova\u010d m\u00e1 automatickou regulaci zisku (ALC), eliminuje v\u00fdrazn\u00e9 \u0161pi\u010dky od drnknut\u00ed a z\u00e1rove\u0148 udr\u017euje vy\u0161\u0161\u00ed \u00farove\u0148 dozn\u00edvaj\u00edc\u00edho t\u00f3nu. Takto zregulovan\u00fd sign\u00e1l\u00a0efektivn\u011b umo\u017e\u0148uje m\u00edt vy\u0161\u0161\u00ed \u00farove\u0148, \u0161pi\u010dky vstupn\u00edho sign\u00e1lu bez nutnosti v\u011bt\u0161\u00ed rezervy v\u00fdkonu jak zesilova\u010de, tak i reproduktoru \ud83d\ude42<\/p>\n<p>&nbsp;<\/p>\n<p><a href=\"http:\/\/milchyn.cz\/ZDROJE\/EL\/MiniKombo\/Minikomdo-Limiter.png\"><img decoding=\"async\" class=\"aligncenter wp-image-4653 size-large\" src=\"http:\/\/milchyn.cz\/ZDROJE\/EL\/MiniKombo\/Minikomdo-Limiter.png\" alt=\"\" \/><\/a><\/p>\n","protected":false},"excerpt":{"rendered":"<p>\u00a0Pro pot\u0159ebu p\u0159\u00edposlechu baskytary v mal\u00fdch prostor\u00e1ch (dom\u00e1c\u00ed pou\u017eit\u00ed, men\u0161\u00ed oslavy \ud83d\ude42 ) jsem si navrhnul mal\u00e9, snadno p\u0159enosn\u00e9 kombo. Handicap mal\u00e9 reprobedny jsem kompenzoval elektronicky. P\u0159edzesilova\u010d m\u00e1 automatickou regulaci zisku (ALC), eliminuje v\u00fdrazn\u00e9 \u0161pi\u010dky od drnknut\u00ed a z\u00e1rove\u0148 udr\u017euje vy\u0161\u0161\u00ed \u00farove\u0148 dozn\u00edvaj\u00edc\u00edho t\u00f3nu. Takto zregulovan\u00fd sign\u00e1l\u00a0efektivn\u011b umo\u017e\u0148uje m\u00edt vy\u0161\u0161\u00ed \u00farove\u0148, \u0161pi\u010dky vstupn\u00edho sign\u00e1lu bez [&hellip;]<\/p>\n","protected":false},"author":1,"featured_media":0,"parent":5930,"menu_order":0,"comment_status":"closed","ping_status":"closed","template":"","meta":{"footnotes":""},"class_list":["post-3167","page","type-page","status-publish","hentry"],"yoast_head":"<!-- This site is optimized with the Yoast SEO plugin v26.1.1 - https:\/\/yoast.com\/wordpress\/plugins\/seo\/ -->\n<title>Mini kombo s limiterem - milchyn.cz<\/title>\n<meta name=\"robots\" content=\"index, follow, max-snippet:-1, max-image-preview:large, max-video-preview:-1\" \/>\n<link rel=\"canonical\" href=\"https:\/\/milchyn.cz\/mini-kombo\" \/>\n<meta property=\"og:locale\" content=\"cs_CZ\" \/>\n<meta property=\"og:type\" content=\"article\" \/>\n<meta property=\"og:title\" content=\"Mini kombo s limiterem - milchyn.cz\" \/>\n<meta property=\"og:description\" content=\"\u00a0Pro pot\u0159ebu p\u0159\u00edposlechu baskytary v mal\u00fdch prostor\u00e1ch (dom\u00e1c\u00ed pou\u017eit\u00ed, men\u0161\u00ed oslavy \ud83d\ude42 ) jsem si navrhnul mal\u00e9, snadno p\u0159enosn\u00e9 kombo. Handicap mal\u00e9 reprobedny jsem kompenzoval elektronicky. P\u0159edzesilova\u010d m\u00e1 automatickou regulaci zisku (ALC), eliminuje v\u00fdrazn\u00e9 \u0161pi\u010dky od drnknut\u00ed a z\u00e1rove\u0148 udr\u017euje vy\u0161\u0161\u00ed \u00farove\u0148 dozn\u00edvaj\u00edc\u00edho t\u00f3nu. Takto zregulovan\u00fd sign\u00e1l\u00a0efektivn\u011b umo\u017e\u0148uje m\u00edt vy\u0161\u0161\u00ed \u00farove\u0148, \u0161pi\u010dky vstupn\u00edho sign\u00e1lu bez [&hellip;]\" \/>\n<meta property=\"og:url\" content=\"https:\/\/milchyn.cz\/mini-kombo\" \/>\n<meta property=\"og:site_name\" content=\"milchyn.cz\" \/>\n<meta name=\"twitter:card\" content=\"summary_large_image\" \/>\n<meta name=\"twitter:label1\" content=\"Odhadovan\u00e1 doba \u010dten\u00ed\" \/>\n\t<meta name=\"twitter:data1\" content=\"1 minuta\" \/>\n<script type=\"application\/ld+json\" class=\"yoast-schema-graph\">{\"@context\":\"https:\/\/schema.org\",\"@graph\":[{\"@type\":\"WebPage\",\"@id\":\"https:\/\/milchyn.cz\/mini-kombo\",\"url\":\"https:\/\/milchyn.cz\/mini-kombo\",\"name\":\"Mini kombo s limiterem - milchyn.cz\",\"isPartOf\":{\"@id\":\"https:\/\/milchyn.cz\/#website\"},\"primaryImageOfPage\":{\"@id\":\"https:\/\/milchyn.cz\/mini-kombo#primaryimage\"},\"image\":{\"@id\":\"https:\/\/milchyn.cz\/mini-kombo#primaryimage\"},\"thumbnailUrl\":\"http:\/\/milchyn.cz\/ZDROJE\/EL\/MiniKombo\/Minikomdo-Limiter.png\",\"datePublished\":\"2017-12-27T20:37:34+00:00\",\"breadcrumb\":{\"@id\":\"https:\/\/milchyn.cz\/mini-kombo#breadcrumb\"},\"inLanguage\":\"cs\",\"potentialAction\":[{\"@type\":\"ReadAction\",\"target\":[\"https:\/\/milchyn.cz\/mini-kombo\"]}]},{\"@type\":\"ImageObject\",\"inLanguage\":\"cs\",\"@id\":\"https:\/\/milchyn.cz\/mini-kombo#primaryimage\",\"url\":\"http:\/\/milchyn.cz\/ZDROJE\/EL\/MiniKombo\/Minikomdo-Limiter.png\",\"contentUrl\":\"http:\/\/milchyn.cz\/ZDROJE\/EL\/MiniKombo\/Minikomdo-Limiter.png\"},{\"@type\":\"BreadcrumbList\",\"@id\":\"https:\/\/milchyn.cz\/mini-kombo#breadcrumb\",\"itemListElement\":[{\"@type\":\"ListItem\",\"position\":1,\"name\":\"Dom\u016f\",\"item\":\"https:\/\/milchyn.cz\/\"},{\"@type\":\"ListItem\",\"position\":2,\"name\":\"Elektronika\",\"item\":\"https:\/\/milchyn.cz\/elektronika\"},{\"@type\":\"ListItem\",\"position\":3,\"name\":\"El. sch\u00e9mata\",\"item\":\"https:\/\/milchyn.cz\/el-schemata\"},{\"@type\":\"ListItem\",\"position\":4,\"name\":\"Mini kombo s limiterem\"}]},{\"@type\":\"WebSite\",\"@id\":\"https:\/\/milchyn.cz\/#website\",\"url\":\"https:\/\/milchyn.cz\/\",\"name\":\"milchyn.cz\",\"description\":\"\",\"potentialAction\":[{\"@type\":\"SearchAction\",\"target\":{\"@type\":\"EntryPoint\",\"urlTemplate\":\"https:\/\/milchyn.cz\/?s={search_term_string}\"},\"query-input\":{\"@type\":\"PropertyValueSpecification\",\"valueRequired\":true,\"valueName\":\"search_term_string\"}}],\"inLanguage\":\"cs\"}]}<\/script>\n<!-- \/ Yoast SEO plugin. -->","yoast_head_json":{"title":"Mini kombo s limiterem - milchyn.cz","robots":{"index":"index","follow":"follow","max-snippet":"max-snippet:-1","max-image-preview":"max-image-preview:large","max-video-preview":"max-video-preview:-1"},"canonical":"https:\/\/milchyn.cz\/mini-kombo","og_locale":"cs_CZ","og_type":"article","og_title":"Mini kombo s limiterem - milchyn.cz","og_description":"\u00a0Pro pot\u0159ebu p\u0159\u00edposlechu baskytary v mal\u00fdch prostor\u00e1ch (dom\u00e1c\u00ed pou\u017eit\u00ed, men\u0161\u00ed oslavy \ud83d\ude42 ) jsem si navrhnul mal\u00e9, snadno p\u0159enosn\u00e9 kombo. Handicap mal\u00e9 reprobedny jsem kompenzoval elektronicky. P\u0159edzesilova\u010d m\u00e1 automatickou regulaci zisku (ALC), eliminuje v\u00fdrazn\u00e9 \u0161pi\u010dky od drnknut\u00ed a z\u00e1rove\u0148 udr\u017euje vy\u0161\u0161\u00ed \u00farove\u0148 dozn\u00edvaj\u00edc\u00edho t\u00f3nu. Takto zregulovan\u00fd sign\u00e1l\u00a0efektivn\u011b umo\u017e\u0148uje m\u00edt vy\u0161\u0161\u00ed \u00farove\u0148, \u0161pi\u010dky vstupn\u00edho sign\u00e1lu bez [&hellip;]","og_url":"https:\/\/milchyn.cz\/mini-kombo","og_site_name":"milchyn.cz","twitter_card":"summary_large_image","twitter_misc":{"Odhadovan\u00e1 doba \u010dten\u00ed":"1 minuta"},"schema":{"@context":"https:\/\/schema.org","@graph":[{"@type":"WebPage","@id":"https:\/\/milchyn.cz\/mini-kombo","url":"https:\/\/milchyn.cz\/mini-kombo","name":"Mini kombo s limiterem - milchyn.cz","isPartOf":{"@id":"https:\/\/milchyn.cz\/#website"},"primaryImageOfPage":{"@id":"https:\/\/milchyn.cz\/mini-kombo#primaryimage"},"image":{"@id":"https:\/\/milchyn.cz\/mini-kombo#primaryimage"},"thumbnailUrl":"http:\/\/milchyn.cz\/ZDROJE\/EL\/MiniKombo\/Minikomdo-Limiter.png","datePublished":"2017-12-27T20:37:34+00:00","breadcrumb":{"@id":"https:\/\/milchyn.cz\/mini-kombo#breadcrumb"},"inLanguage":"cs","potentialAction":[{"@type":"ReadAction","target":["https:\/\/milchyn.cz\/mini-kombo"]}]},{"@type":"ImageObject","inLanguage":"cs","@id":"https:\/\/milchyn.cz\/mini-kombo#primaryimage","url":"http:\/\/milchyn.cz\/ZDROJE\/EL\/MiniKombo\/Minikomdo-Limiter.png","contentUrl":"http:\/\/milchyn.cz\/ZDROJE\/EL\/MiniKombo\/Minikomdo-Limiter.png"},{"@type":"BreadcrumbList","@id":"https:\/\/milchyn.cz\/mini-kombo#breadcrumb","itemListElement":[{"@type":"ListItem","position":1,"name":"Dom\u016f","item":"https:\/\/milchyn.cz\/"},{"@type":"ListItem","position":2,"name":"Elektronika","item":"https:\/\/milchyn.cz\/elektronika"},{"@type":"ListItem","position":3,"name":"El. sch\u00e9mata","item":"https:\/\/milchyn.cz\/el-schemata"},{"@type":"ListItem","position":4,"name":"Mini kombo s limiterem"}]},{"@type":"WebSite","@id":"https:\/\/milchyn.cz\/#website","url":"https:\/\/milchyn.cz\/","name":"milchyn.cz","description":"","potentialAction":[{"@type":"SearchAction","target":{"@type":"EntryPoint","urlTemplate":"https:\/\/milchyn.cz\/?s={search_term_string}"},"query-input":{"@type":"PropertyValueSpecification","valueRequired":true,"valueName":"search_term_string"}}],"inLanguage":"cs"}]}},"_links":{"self":[{"href":"https:\/\/milchyn.cz\/index.php?rest_route=\/wp\/v2\/pages\/3167","targetHints":{"allow":["GET"]}}],"collection":[{"href":"https:\/\/milchyn.cz\/index.php?rest_route=\/wp\/v2\/pages"}],"about":[{"href":"https:\/\/milchyn.cz\/index.php?rest_route=\/wp\/v2\/types\/page"}],"author":[{"embeddable":true,"href":"https:\/\/milchyn.cz\/index.php?rest_route=\/wp\/v2\/users\/1"}],"replies":[{"embeddable":true,"href":"https:\/\/milchyn.cz\/index.php?rest_route=%2Fwp%2Fv2%2Fcomments&post=3167"}],"version-history":[{"count":0,"href":"https:\/\/milchyn.cz\/index.php?rest_route=\/wp\/v2\/pages\/3167\/revisions"}],"up":[{"embeddable":true,"href":"https:\/\/milchyn.cz\/index.php?rest_route=\/wp\/v2\/pages\/5930"}],"wp:attachment":[{"href":"https:\/\/milchyn.cz\/index.php?rest_route=%2Fwp%2Fv2%2Fmedia&parent=3167"}],"curies":[{"name":"wp","href":"https:\/\/api.w.org\/{rel}","templated":true}]}}