{"id":1144,"date":"2017-03-24T22:06:03","date_gmt":"2017-03-24T21:06:03","guid":{"rendered":"http:\/\/milchyn.cz\/?page_id=1144"},"modified":"2017-03-24T22:06:03","modified_gmt":"2017-03-24T21:06:03","slug":"pocitac-s-linuxem","status":"publish","type":"page","link":"https:\/\/milchyn.cz\/pocitac-s-linuxem","title":{"rendered":"Linux"},"content":{"rendered":"\n<!-- Page-list plugin v.5.9 wordpress.org\/plugins\/page-list\/ -->\n<ul class=\"page-list \">\n<li class=\"page_item page-item-5540\"><a href=\"https:\/\/milchyn.cz\/o-linuxu\">O Linuxu<\/a><\/li>\n<li class=\"page_item page-item-9647\"><a href=\"https:\/\/milchyn.cz\/o-multiseatu\">O MultiSeatu<\/a><\/li>\n<li class=\"page_item page-item-3816\"><a href=\"https:\/\/milchyn.cz\/o-diskovem-raidu\">O diskov\u00e9m RAIDu<\/a><\/li>\n<li class=\"page_item page-item-9730 page_item_has_children\"><a href=\"https:\/\/milchyn.cz\/pocitac-s-linuxem\/pocitac-s-xubuntu\">Po\u010d\u00edta\u010d s Xubuntu<\/a>\n<ul class='children'>\n\t<li class=\"page_item page-item-635\"><a href=\"https:\/\/milchyn.cz\/pc-linux\">PC kompatibilita k Linuxu<\/a><\/li>\n\t<li class=\"page_item page-item-3328\"><a href=\"https:\/\/milchyn.cz\/instalacni-usb-disk\">Instala\u010dn\u00ed USB flashdisk<\/a><\/li>\n\t<li class=\"page_item page-item-7289\"><a href=\"https:\/\/milchyn.cz\/instalace-xubuntu\">Instalace Xubuntu<\/a><\/li>\n\t<li class=\"page_item page-item-8713 page_item_has_children\"><a href=\"https:\/\/milchyn.cz\/nastaveni-xubuntu\">Nastaven\u00ed Xubuntu \ud83d\udee0\ufe0f<\/a><\/li>\n\t<li class=\"page_item page-item-8871\"><a href=\"https:\/\/milchyn.cz\/o-mdadm\">Diskov\u00fd RAID s mdadm<\/a><\/li>\n\t<li class=\"page_item page-item-1661\"><a href=\"https:\/\/milchyn.cz\/multiseat-na-linuxu\">MultiSeat na Linuxu<\/a><\/li>\n\t<li class=\"page_item page-item-8986 page_item_has_children\"><a href=\"https:\/\/milchyn.cz\/aplikace-textextove\">Aplikace &#8211; Text a grafika \ud83d\udcdd<\/a><\/li>\n\t<li class=\"page_item page-item-8997 page_item_has_children\"><a href=\"https:\/\/milchyn.cz\/aplikace-mutlimedia\">Aplikace &#8211; Multim\u00e9dia \ud83c\udfa7<\/a><\/li>\n\t<li class=\"page_item page-item-9021 page_item_has_children\"><a href=\"https:\/\/milchyn.cz\/aplikace-system\">Aplikace &#8211; Syst\u00e9m \ud83d\udee0\ufe0f<\/a><\/li>\n\t<li class=\"page_item page-item-2101 page_item_has_children\"><a href=\"https:\/\/milchyn.cz\/aplikace-ostatni\">Aplikace &#8211; Ostatn\u00ed \ud83c\udf00<\/a><\/li>\n\t<li class=\"page_item page-item-6311 page_item_has_children\"><a href=\"https:\/\/milchyn.cz\/linux-zabezpeceni\">Zabezpe\u010den\u00ed \ud83d\udd10<\/a><\/li>\n<\/ul>\n<\/li>\n<li class=\"page_item page-item-9727\"><a href=\"https:\/\/milchyn.cz\/i-text-a-grafika\">\u2139\ufe0f Text a Grafika<\/a><\/li>\n<li class=\"page_item page-item-5661\"><a href=\"https:\/\/milchyn.cz\/i-multimedia\">\u2139\ufe0f Multim\u00e9dia<\/a><\/li>\n<li class=\"page_item page-item-9769\"><a href=\"https:\/\/milchyn.cz\/i-internet\">\u2139\ufe0f Internet<\/a><\/li>\n<li class=\"page_item page-item-9762\"><a href=\"https:\/\/milchyn.cz\/i-desktop\">\u2139\ufe0f Desktop prost\u0159ed\u00ed<\/a><\/li>\n<li class=\"page_item page-item-5655\"><a href=\"https:\/\/milchyn.cz\/i-system\">\u2139\ufe0f Opera\u010dn\u00ed syst\u00e9m<\/a><\/li>\n<li class=\"page_item page-item-4534\"><a href=\"https:\/\/milchyn.cz\/i-zalohovani-obnova\">\u2139\ufe0f Z\u00e1lohov\u00e1n\u00ed a Obnova<\/a><\/li>\n<li class=\"page_item page-item-5658\"><a href=\"https:\/\/milchyn.cz\/i-navody-ostatni\">\u2139\ufe0f Ostatn\u00ed<\/a><\/li>\n\n<\/ul>\n","protected":false},"excerpt":{"rendered":"","protected":false},"author":1,"featured_media":0,"parent":0,"menu_order":50,"comment_status":"closed","ping_status":"closed","template":"","meta":{"footnotes":""},"class_list":["post-1144","page","type-page","status-publish","hentry"],"yoast_head":"<!-- This site is optimized with the Yoast SEO plugin v26.1.1 - https:\/\/yoast.com\/wordpress\/plugins\/seo\/ -->\n<title>Linux - milchyn.cz<\/title>\n<meta name=\"robots\" content=\"index, follow, max-snippet:-1, max-image-preview:large, max-video-preview:-1\" \/>\n<link rel=\"canonical\" href=\"https:\/\/milchyn.cz\/pocitac-s-linuxem\" \/>\n<meta property=\"og:locale\" content=\"cs_CZ\" \/>\n<meta property=\"og:type\" content=\"article\" \/>\n<meta property=\"og:title\" content=\"Linux - milchyn.cz\" \/>\n<meta property=\"og:url\" content=\"https:\/\/milchyn.cz\/pocitac-s-linuxem\" \/>\n<meta property=\"og:site_name\" content=\"milchyn.cz\" \/>\n<meta name=\"twitter:card\" content=\"summary_large_image\" \/>\n<meta name=\"twitter:label1\" content=\"Odhadovan\u00e1 doba \u010dten\u00ed\" \/>\n\t<meta name=\"twitter:data1\" content=\"1 minuta\" \/>\n<script type=\"application\/ld+json\" class=\"yoast-schema-graph\">{\"@context\":\"https:\/\/schema.org\",\"@graph\":[{\"@type\":\"WebPage\",\"@id\":\"https:\/\/milchyn.cz\/pocitac-s-linuxem\",\"url\":\"https:\/\/milchyn.cz\/pocitac-s-linuxem\",\"name\":\"Linux - milchyn.cz\",\"isPartOf\":{\"@id\":\"https:\/\/milchyn.cz\/#website\"},\"datePublished\":\"2017-03-24T21:06:03+00:00\",\"breadcrumb\":{\"@id\":\"https:\/\/milchyn.cz\/pocitac-s-linuxem#breadcrumb\"},\"inLanguage\":\"cs\",\"potentialAction\":[{\"@type\":\"ReadAction\",\"target\":[\"https:\/\/milchyn.cz\/pocitac-s-linuxem\"]}]},{\"@type\":\"BreadcrumbList\",\"@id\":\"https:\/\/milchyn.cz\/pocitac-s-linuxem#breadcrumb\",\"itemListElement\":[{\"@type\":\"ListItem\",\"position\":1,\"name\":\"Dom\u016f\",\"item\":\"https:\/\/milchyn.cz\/\"},{\"@type\":\"ListItem\",\"position\":2,\"name\":\"Linux\"}]},{\"@type\":\"WebSite\",\"@id\":\"https:\/\/milchyn.cz\/#website\",\"url\":\"https:\/\/milchyn.cz\/\",\"name\":\"milchyn.cz\",\"description\":\"\",\"potentialAction\":[{\"@type\":\"SearchAction\",\"target\":{\"@type\":\"EntryPoint\",\"urlTemplate\":\"https:\/\/milchyn.cz\/?s={search_term_string}\"},\"query-input\":{\"@type\":\"PropertyValueSpecification\",\"valueRequired\":true,\"valueName\":\"search_term_string\"}}],\"inLanguage\":\"cs\"}]}<\/script>\n<!-- \/ Yoast SEO plugin. -->","yoast_head_json":{"title":"Linux - milchyn.cz","robots":{"index":"index","follow":"follow","max-snippet":"max-snippet:-1","max-image-preview":"max-image-preview:large","max-video-preview":"max-video-preview:-1"},"canonical":"https:\/\/milchyn.cz\/pocitac-s-linuxem","og_locale":"cs_CZ","og_type":"article","og_title":"Linux - milchyn.cz","og_url":"https:\/\/milchyn.cz\/pocitac-s-linuxem","og_site_name":"milchyn.cz","twitter_card":"summary_large_image","twitter_misc":{"Odhadovan\u00e1 doba \u010dten\u00ed":"1 minuta"},"schema":{"@context":"https:\/\/schema.org","@graph":[{"@type":"WebPage","@id":"https:\/\/milchyn.cz\/pocitac-s-linuxem","url":"https:\/\/milchyn.cz\/pocitac-s-linuxem","name":"Linux - milchyn.cz","isPartOf":{"@id":"https:\/\/milchyn.cz\/#website"},"datePublished":"2017-03-24T21:06:03+00:00","breadcrumb":{"@id":"https:\/\/milchyn.cz\/pocitac-s-linuxem#breadcrumb"},"inLanguage":"cs","potentialAction":[{"@type":"ReadAction","target":["https:\/\/milchyn.cz\/pocitac-s-linuxem"]}]},{"@type":"BreadcrumbList","@id":"https:\/\/milchyn.cz\/pocitac-s-linuxem#breadcrumb","itemListElement":[{"@type":"ListItem","position":1,"name":"Dom\u016f","item":"https:\/\/milchyn.cz\/"},{"@type":"ListItem","position":2,"name":"Linux"}]},{"@type":"WebSite","@id":"https:\/\/milchyn.cz\/#website","url":"https:\/\/milchyn.cz\/","name":"milchyn.cz","description":"","potentialAction":[{"@type":"SearchAction","target":{"@type":"EntryPoint","urlTemplate":"https:\/\/milchyn.cz\/?s={search_term_string}"},"query-input":{"@type":"PropertyValueSpecification","valueRequired":true,"valueName":"search_term_string"}}],"inLanguage":"cs"}]}},"_links":{"self":[{"href":"https:\/\/milchyn.cz\/index.php?rest_route=\/wp\/v2\/pages\/1144","targetHints":{"allow":["GET"]}}],"collection":[{"href":"https:\/\/milchyn.cz\/index.php?rest_route=\/wp\/v2\/pages"}],"about":[{"href":"https:\/\/milchyn.cz\/index.php?rest_route=\/wp\/v2\/types\/page"}],"author":[{"embeddable":true,"href":"https:\/\/milchyn.cz\/index.php?rest_route=\/wp\/v2\/users\/1"}],"replies":[{"embeddable":true,"href":"https:\/\/milchyn.cz\/index.php?rest_route=%2Fwp%2Fv2%2Fcomments&post=1144"}],"version-history":[{"count":0,"href":"https:\/\/milchyn.cz\/index.php?rest_route=\/wp\/v2\/pages\/1144\/revisions"}],"wp:attachment":[{"href":"https:\/\/milchyn.cz\/index.php?rest_route=%2Fwp%2Fv2%2Fmedia&parent=1144"}],"curies":[{"name":"wp","href":"https:\/\/api.w.org\/{rel}","templated":true}]}}